{"id":292,"date":"2019-12-04T13:01:33","date_gmt":"2019-12-04T12:01:33","guid":{"rendered":"http:\/\/o3.com.pl\/?page_id=292"},"modified":"2020-06-04T08:48:28","modified_gmt":"2020-06-04T07:48:28","slug":"msi32","status":"publish","type":"page","link":"http:\/\/o3.com.pl\/?page_id=292","title":{"rendered":"MSI32"},"content":{"rendered":"\t\t<div data-elementor-type=\"wp-page\" data-elementor-id=\"292\" class=\"elementor elementor-292\">\n\t\t\t\t\t\t<div class=\"elementor-inner\">\n\t\t\t\t<div class=\"elementor-section-wrap\">\n\t\t\t\t\t\t\t\t\t<section class=\"elementor-section elementor-top-section elementor-element elementor-element-5fb0f1c elementor-section-boxed elementor-section-height-default elementor-section-height-default\" data-id=\"5fb0f1c\" data-element_type=\"section\">\n\t\t\t\t\t\t<div class=\"elementor-container elementor-column-gap-default\">\n\t\t\t\t\t\t\t<div class=\"elementor-row\">\n\t\t\t\t\t<div class=\"elementor-column elementor-col-100 elementor-top-column elementor-element elementor-element-c0d9009\" data-id=\"c0d9009\" data-element_type=\"column\">\n\t\t\t<div class=\"elementor-column-wrap elementor-element-populated\">\n\t\t\t\t\t\t\t<div class=\"elementor-widget-wrap\">\n\t\t\t\t\t\t<div class=\"elementor-element elementor-element-0790b47 elementor-widget elementor-widget-spacer\" data-id=\"0790b47\" data-element_type=\"widget\" data-widget_type=\"spacer.default\">\n\t\t\t\t<div class=\"elementor-widget-container\">\n\t\t\t\t\t<div class=\"elementor-spacer\">\n\t\t\t<div class=\"elementor-spacer-inner\"><\/div>\n\t\t<\/div>\n\t\t\t\t<\/div>\n\t\t\t\t<\/div>\n\t\t\t\t\t\t<\/div>\n\t\t\t\t\t<\/div>\n\t\t<\/div>\n\t\t\t\t\t\t\t\t<\/div>\n\t\t\t\t\t<\/div>\n\t\t<\/section>\n\t\t\t\t<section class=\"elementor-section elementor-top-section elementor-element elementor-element-9263dd4 elementor-section-boxed elementor-section-height-default elementor-section-height-default\" data-id=\"9263dd4\" data-element_type=\"section\">\n\t\t\t\t\t\t<div class=\"elementor-container elementor-column-gap-default\">\n\t\t\t\t\t\t\t<div class=\"elementor-row\">\n\t\t\t\t\t<div class=\"elementor-column elementor-col-50 elementor-top-column elementor-element elementor-element-b996fa6\" data-id=\"b996fa6\" data-element_type=\"column\">\n\t\t\t<div class=\"elementor-column-wrap elementor-element-populated\">\n\t\t\t\t\t\t\t<div class=\"elementor-widget-wrap\">\n\t\t\t\t\t\t<div class=\"elementor-element elementor-element-8117180 elementor-widget elementor-widget-heading\" data-id=\"8117180\" data-element_type=\"widget\" data-widget_type=\"heading.default\">\n\t\t\t\t<div class=\"elementor-widget-container\">\n\t\t\t<h2 class=\"elementor-heading-title elementor-size-default\">CZUJNIK MAGNETYCZNY INKREMENTALNY MSI-32<\/h2>\t\t<\/div>\n\t\t\t\t<\/div>\n\t\t\t\t<div class=\"elementor-element elementor-element-945f347 elementor-widget elementor-widget-text-editor\" data-id=\"945f347\" data-element_type=\"widget\" data-widget_type=\"text-editor.default\">\n\t\t\t\t<div class=\"elementor-widget-container\">\n\t\t\t\t\t\t\t\t<div class=\"elementor-text-editor elementor-clearfix\">\n\t\t\t\t<ul>\n<li>Bezpo\u015bredni pomiar przesuni\u0119cia liniowego , k\u0105ta obrotu , pr\u0119dko\u015bci obrotowej<\/li>\n<li>Pomiar bezdotykowy , \u017cadnych zu\u017cywaj\u0105cych si\u0119 element\u00f3w<\/li>\n<li>D\u0142ugo\u015b\u0107 pomiaru do 30 mb.<\/li>\n<li>Odleg\u0142o\u015b\u0107 czujnika od ta\u015bmy =&lt; 2mm<\/li>\n<li>Niewra\u017cliwy na brud , py\u0142 , wod\u0119 IP67<\/li>\n<li>Wysoka odporno\u015b\u0107 na wstrz\u0105sy , wibracje , ci\u015bnienie<\/li>\n<li>Rozdzielczo\u015b\u0107 max 0,05mm<\/li>\n<li>Obudowa z anodowanego aluminium<\/li>\n<li>Monta\u017c na 2 \u015bruby M3<\/li>\n<\/ul>\t\t\t\t\t<\/div>\n\t\t\t\t\t\t<\/div>\n\t\t\t\t<\/div>\n\t\t\t\t\t\t<\/div>\n\t\t\t\t\t<\/div>\n\t\t<\/div>\n\t\t\t\t<div class=\"elementor-column elementor-col-50 elementor-top-column elementor-element elementor-element-1be9540\" data-id=\"1be9540\" data-element_type=\"column\">\n\t\t\t<div class=\"elementor-column-wrap elementor-element-populated\">\n\t\t\t\t\t\t\t<div class=\"elementor-widget-wrap\">\n\t\t\t\t\t\t<div class=\"elementor-element elementor-element-cd1e872 elementor-widget elementor-widget-image\" data-id=\"cd1e872\" data-element_type=\"widget\" data-widget_type=\"image.default\">\n\t\t\t\t<div class=\"elementor-widget-container\">\n\t\t\t\t\t\t\t\t<div class=\"elementor-image\">\n\t\t\t\t\t\t\t\t\t\t\t\t\t<a href=\"http:\/\/o3.com.pl\/wp-content\/uploads\/2019\/12\/czerwony_640x480-1.jpg\" data-elementor-open-lightbox=\"yes\" data-elementor-lightbox-title=\"OLYMPUS DIGITAL CAMERA\" data-e-action-hash=\"#elementor-action%3Aaction%3Dlightbox%26settings%3DeyJpZCI6MjU0LCJ1cmwiOiJodHRwOlwvXC9vMy5jb20ucGxcL3dwLWNvbnRlbnRcL3VwbG9hZHNcLzIwMTlcLzEyXC9jemVyd29ueV82NDB4NDgwLTEuanBnIn0%3D\">\n\t\t\t\t\t\t\t<img decoding=\"async\" width=\"300\" height=\"225\" src=\"http:\/\/o3.com.pl\/wp-content\/uploads\/2019\/12\/czerwony_640x480-1-300x225.jpg\" class=\"attachment-medium size-medium wp-image-254\" alt=\"\" loading=\"lazy\" srcset=\"http:\/\/o3.com.pl\/wp-content\/uploads\/2019\/12\/czerwony_640x480-1-300x225.jpg 300w, http:\/\/o3.com.pl\/wp-content\/uploads\/2019\/12\/czerwony_640x480-1.jpg 640w\" sizes=\"(max-width: 300px) 100vw, 300px\" \/>\t\t\t\t\t\t\t\t<\/a>\n\t\t\t\t\t\t\t\t\t\t\t\t\t\t<\/div>\n\t\t\t\t\t\t<\/div>\n\t\t\t\t<\/div>\n\t\t\t\t\t\t<\/div>\n\t\t\t\t\t<\/div>\n\t\t<\/div>\n\t\t\t\t\t\t\t\t<\/div>\n\t\t\t\t\t<\/div>\n\t\t<\/section>\n\t\t\t\t<section class=\"elementor-section elementor-top-section elementor-element elementor-element-7667fa5 elementor-section-boxed elementor-section-height-default elementor-section-height-default\" data-id=\"7667fa5\" data-element_type=\"section\">\n\t\t\t\t\t\t<div class=\"elementor-container elementor-column-gap-default\">\n\t\t\t\t\t\t\t<div class=\"elementor-row\">\n\t\t\t\t\t<div class=\"elementor-column elementor-col-100 elementor-top-column elementor-element elementor-element-b34a362\" data-id=\"b34a362\" data-element_type=\"column\">\n\t\t\t<div class=\"elementor-column-wrap elementor-element-populated\">\n\t\t\t\t\t\t\t<div class=\"elementor-widget-wrap\">\n\t\t\t\t\t\t<div class=\"elementor-element elementor-element-3021938 elementor-widget elementor-widget-text-editor\" data-id=\"3021938\" data-element_type=\"widget\" data-widget_type=\"text-editor.default\">\n\t\t\t\t<div class=\"elementor-widget-container\">\n\t\t\t\t\t\t\t\t<div class=\"elementor-text-editor elementor-clearfix\">\n\t\t\t\t<p>\u00a0\u00a0 Czujnik magnetyczny MSI-32 wraz z ta\u015bm\u0105 MT32 lub k\u00f3\u0142kiem magnetycznym tworzy inkrementalny system pomiarowy przeznaczony do bezpo\u015bredniego pomiaru przemieszczenia liniowego , obrotu , pr\u0119dko\u015bci obrotowej . Pomiar jest bezdotykowy nie posiada r\u00f3wnie\u017c \u017cadnych zu\u017cywaj\u0105cych si\u0119 element\u00f3w (\u0142o\u017cyska , uszczelnienia itp.). Sensor mo\u017ce by\u0107 zamontowany w odleg\u0142o\u015bci do 2 mm od ta\u015bmy lub k\u00f3\u0142ka. Jest ca\u0142kowicie niewra\u017cliwy na brud , py\u0142 , wod\u0119 , olej. Na wyj\u015bciu dost\u0119pny jest sygna\u0142 kwadraturowy , 2 kana\u0142y przesuni\u0119te w fazie o 90 stopni.<\/p><p>\u00a0\u00a0 Enkodery magnetyczne s\u0105 doskona\u0142ym \u00a0rozwi\u0105zaniem w trudnych, ci\u0119\u017ckich warunkach, w tym w obr\u00f3bce drewna, kamienia, obr\u00f3bce metali, przemy\u015ble tekstylnym, drukowaniu, pakowaniu, przetw\u00f3rstwie tworzyw sztucznych, systemach automatyzacji i monta\u017cu, ci\u0119ciu laserowym \u00a0\/ wodnym, sprz\u0119cie do monta\u017cu elektronicznego itp.<\/p>\t\t\t\t\t<\/div>\n\t\t\t\t\t\t<\/div>\n\t\t\t\t<\/div>\n\t\t\t\t\t\t<\/div>\n\t\t\t\t\t<\/div>\n\t\t<\/div>\n\t\t\t\t\t\t\t\t<\/div>\n\t\t\t\t\t<\/div>\n\t\t<\/section>\n\t\t\t\t<section class=\"elementor-section elementor-top-section elementor-element elementor-element-7a66ed1 elementor-section-boxed elementor-section-height-default elementor-section-height-default\" data-id=\"7a66ed1\" data-element_type=\"section\">\n\t\t\t\t\t\t<div class=\"elementor-container elementor-column-gap-default\">\n\t\t\t\t\t\t\t<div class=\"elementor-row\">\n\t\t\t\t\t<div class=\"elementor-column elementor-col-50 elementor-top-column elementor-element elementor-element-f529d6e\" data-id=\"f529d6e\" data-element_type=\"column\">\n\t\t\t<div class=\"elementor-column-wrap elementor-element-populated\">\n\t\t\t\t\t\t\t<div class=\"elementor-widget-wrap\">\n\t\t\t\t\t\t<div class=\"elementor-element elementor-element-68160f6 elementor-widget elementor-widget-heading\" data-id=\"68160f6\" data-element_type=\"widget\" data-widget_type=\"heading.default\">\n\t\t\t\t<div class=\"elementor-widget-container\">\n\t\t\t<h2 class=\"elementor-heading-title elementor-size-default\">Dane techniczne:<\/h2>\t\t<\/div>\n\t\t\t\t<\/div>\n\t\t\t\t<div class=\"elementor-element elementor-element-273042d elementor-widget elementor-widget-image\" data-id=\"273042d\" data-element_type=\"widget\" data-widget_type=\"image.default\">\n\t\t\t\t<div class=\"elementor-widget-container\">\n\t\t\t\t\t\t\t\t<div class=\"elementor-image\">\n\t\t\t\t\t\t\t\t\t\t\t\t<img decoding=\"async\" width=\"1024\" height=\"487\" src=\"http:\/\/o3.com.pl\/wp-content\/uploads\/2020\/01\/tabela_MSI32-1024x487.jpg\" class=\"attachment-large size-large wp-image-410\" alt=\"\" loading=\"lazy\" srcset=\"http:\/\/o3.com.pl\/wp-content\/uploads\/2020\/01\/tabela_MSI32-1024x487.jpg 1024w, http:\/\/o3.com.pl\/wp-content\/uploads\/2020\/01\/tabela_MSI32-300x143.jpg 300w, http:\/\/o3.com.pl\/wp-content\/uploads\/2020\/01\/tabela_MSI32-768x365.jpg 768w, http:\/\/o3.com.pl\/wp-content\/uploads\/2020\/01\/tabela_MSI32.jpg 1203w\" sizes=\"(max-width: 1024px) 100vw, 1024px\" \/>\t\t\t\t\t\t\t\t\t\t\t\t\t\t<\/div>\n\t\t\t\t\t\t<\/div>\n\t\t\t\t<\/div>\n\t\t\t\t\t\t<\/div>\n\t\t\t\t\t<\/div>\n\t\t<\/div>\n\t\t\t\t<div class=\"elementor-column elementor-col-50 elementor-top-column elementor-element elementor-element-e322bf8\" data-id=\"e322bf8\" data-element_type=\"column\">\n\t\t\t<div class=\"elementor-column-wrap elementor-element-populated\">\n\t\t\t\t\t\t\t<div class=\"elementor-widget-wrap\">\n\t\t\t\t\t\t<div class=\"elementor-element elementor-element-cf34b92 elementor-widget elementor-widget-image\" data-id=\"cf34b92\" data-element_type=\"widget\" data-widget_type=\"image.default\">\n\t\t\t\t<div class=\"elementor-widget-container\">\n\t\t\t\t\t\t\t\t<div class=\"elementor-image\">\n\t\t\t\t\t\t\t\t\t\t\t\t<img decoding=\"async\" width=\"704\" height=\"404\" src=\"http:\/\/o3.com.pl\/wp-content\/uploads\/2020\/01\/kwadraturowy_1.jpg\" class=\"attachment-large size-large wp-image-409\" alt=\"\" loading=\"lazy\" srcset=\"http:\/\/o3.com.pl\/wp-content\/uploads\/2020\/01\/kwadraturowy_1.jpg 704w, http:\/\/o3.com.pl\/wp-content\/uploads\/2020\/01\/kwadraturowy_1-300x172.jpg 300w\" sizes=\"(max-width: 704px) 100vw, 704px\" \/>\t\t\t\t\t\t\t\t\t\t\t\t\t\t<\/div>\n\t\t\t\t\t\t<\/div>\n\t\t\t\t<\/div>\n\t\t\t\t\t\t<\/div>\n\t\t\t\t\t<\/div>\n\t\t<\/div>\n\t\t\t\t\t\t\t\t<\/div>\n\t\t\t\t\t<\/div>\n\t\t<\/section>\n\t\t\t\t<section class=\"elementor-section elementor-top-section elementor-element elementor-element-d5d8f30 elementor-section-boxed elementor-section-height-default elementor-section-height-default\" data-id=\"d5d8f30\" data-element_type=\"section\">\n\t\t\t\t\t\t<div class=\"elementor-container elementor-column-gap-default\">\n\t\t\t\t\t\t\t<div class=\"elementor-row\">\n\t\t\t\t\t<div class=\"elementor-column elementor-col-100 elementor-top-column elementor-element elementor-element-b7f2a03\" data-id=\"b7f2a03\" data-element_type=\"column\">\n\t\t\t<div class=\"elementor-column-wrap elementor-element-populated\">\n\t\t\t\t\t\t\t<div class=\"elementor-widget-wrap\">\n\t\t\t\t\t\t<div class=\"elementor-element elementor-element-fc8a216 elementor-widget elementor-widget-heading\" data-id=\"fc8a216\" data-element_type=\"widget\" data-widget_type=\"heading.default\">\n\t\t\t\t<div class=\"elementor-widget-container\">\n\t\t\t<h2 class=\"elementor-heading-title elementor-size-default\">Wymiary i odchy\u0142ki monta\u017cowe<\/h2>\t\t<\/div>\n\t\t\t\t<\/div>\n\t\t\t\t\t\t<\/div>\n\t\t\t\t\t<\/div>\n\t\t<\/div>\n\t\t\t\t\t\t\t\t<\/div>\n\t\t\t\t\t<\/div>\n\t\t<\/section>\n\t\t\t\t<section class=\"elementor-section elementor-top-section elementor-element elementor-element-0728f3c elementor-section-boxed elementor-section-height-default elementor-section-height-default\" data-id=\"0728f3c\" data-element_type=\"section\">\n\t\t\t\t\t\t<div class=\"elementor-container elementor-column-gap-default\">\n\t\t\t\t\t\t\t<div class=\"elementor-row\">\n\t\t\t\t\t<div class=\"elementor-column elementor-col-100 elementor-top-column elementor-element elementor-element-9528c75\" data-id=\"9528c75\" data-element_type=\"column\">\n\t\t\t<div class=\"elementor-column-wrap elementor-element-populated\">\n\t\t\t\t\t\t\t<div class=\"elementor-widget-wrap\">\n\t\t\t\t\t\t<div class=\"elementor-element elementor-element-2db98f3 elementor-widget elementor-widget-image\" data-id=\"2db98f3\" data-element_type=\"widget\" data-widget_type=\"image.default\">\n\t\t\t\t<div class=\"elementor-widget-container\">\n\t\t\t\t\t\t\t\t<div class=\"elementor-image\">\n\t\t\t\t\t\t\t\t\t\t\t\t\t<a href=\"http:\/\/o3.com.pl\/wp-content\/uploads\/2019\/12\/montaz.png\" data-elementor-open-lightbox=\"yes\" data-elementor-lightbox-title=\"montaz\" data-e-action-hash=\"#elementor-action%3Aaction%3Dlightbox%26settings%3DeyJpZCI6MjczLCJ1cmwiOiJodHRwOlwvXC9vMy5jb20ucGxcL3dwLWNvbnRlbnRcL3VwbG9hZHNcLzIwMTlcLzEyXC9tb250YXoucG5nIn0%3D\">\n\t\t\t\t\t\t\t<img decoding=\"async\" width=\"1024\" height=\"485\" src=\"http:\/\/o3.com.pl\/wp-content\/uploads\/2019\/12\/montaz-1024x485.png\" class=\"attachment-large size-large wp-image-273\" alt=\"\" loading=\"lazy\" srcset=\"http:\/\/o3.com.pl\/wp-content\/uploads\/2019\/12\/montaz-1024x485.png 1024w, http:\/\/o3.com.pl\/wp-content\/uploads\/2019\/12\/montaz-300x142.png 300w, http:\/\/o3.com.pl\/wp-content\/uploads\/2019\/12\/montaz-768x364.png 768w, http:\/\/o3.com.pl\/wp-content\/uploads\/2019\/12\/montaz.png 1242w\" sizes=\"(max-width: 1024px) 100vw, 1024px\" \/>\t\t\t\t\t\t\t\t<\/a>\n\t\t\t\t\t\t\t\t\t\t\t\t\t\t<\/div>\n\t\t\t\t\t\t<\/div>\n\t\t\t\t<\/div>\n\t\t\t\t\t\t<\/div>\n\t\t\t\t\t<\/div>\n\t\t<\/div>\n\t\t\t\t\t\t\t\t<\/div>\n\t\t\t\t\t<\/div>\n\t\t<\/section>\n\t\t\t\t<section class=\"elementor-section elementor-top-section elementor-element elementor-element-744187c elementor-section-boxed elementor-section-height-default elementor-section-height-default\" data-id=\"744187c\" data-element_type=\"section\">\n\t\t\t\t\t\t<div class=\"elementor-container elementor-column-gap-default\">\n\t\t\t\t\t\t\t<div class=\"elementor-row\">\n\t\t\t\t\t<div class=\"elementor-column elementor-col-100 elementor-top-column elementor-element elementor-element-68f0dda\" data-id=\"68f0dda\" data-element_type=\"column\">\n\t\t\t<div class=\"elementor-column-wrap elementor-element-populated\">\n\t\t\t\t\t\t\t<div class=\"elementor-widget-wrap\">\n\t\t\t\t\t\t<div class=\"elementor-element elementor-element-78c0606 elementor-widget elementor-widget-heading\" data-id=\"78c0606\" data-element_type=\"widget\" data-widget_type=\"heading.default\">\n\t\t\t\t<div class=\"elementor-widget-container\">\n\t\t\t<h2 class=\"elementor-heading-title elementor-size-default\">Zamawianie:<\/h2>\t\t<\/div>\n\t\t\t\t<\/div>\n\t\t\t\t<div class=\"elementor-element elementor-element-0d7ebd5 elementor-widget elementor-widget-text-editor\" data-id=\"0d7ebd5\" data-element_type=\"widget\" data-widget_type=\"text-editor.default\">\n\t\t\t\t<div class=\"elementor-widget-container\">\n\t\t\t\t\t\t\t\t<div class=\"elementor-text-editor elementor-clearfix\">\n\t\t\t\t<p>MSI-32-rozdzielczo\u015b\u0107 w um<\/p><p>(MSI-32-100 oznacza czujnik o rozdzielczo\u015bci 100 um (0,1mm)<\/p>\t\t\t\t\t<\/div>\n\t\t\t\t\t\t<\/div>\n\t\t\t\t<\/div>\n\t\t\t\t\t\t<\/div>\n\t\t\t\t\t<\/div>\n\t\t<\/div>\n\t\t\t\t\t\t\t\t<\/div>\n\t\t\t\t\t<\/div>\n\t\t<\/section>\n\t\t\t\t<section class=\"elementor-section elementor-top-section elementor-element elementor-element-867a318 elementor-section-boxed elementor-section-height-default elementor-section-height-default\" data-id=\"867a318\" data-element_type=\"section\">\n\t\t\t\t\t\t<div class=\"elementor-container elementor-column-gap-default\">\n\t\t\t\t\t\t\t<div class=\"elementor-row\">\n\t\t\t\t\t<div class=\"elementor-column elementor-col-100 elementor-top-column elementor-element elementor-element-15eba06\" data-id=\"15eba06\" data-element_type=\"column\">\n\t\t\t<div class=\"elementor-column-wrap elementor-element-populated\">\n\t\t\t\t\t\t\t<div class=\"elementor-widget-wrap\">\n\t\t\t\t\t\t<div class=\"elementor-element elementor-element-b7d211d elementor-position-left elementor-view-default elementor-mobile-position-top elementor-vertical-align-top elementor-widget elementor-widget-icon-box\" data-id=\"b7d211d\" data-element_type=\"widget\" data-widget_type=\"icon-box.default\">\n\t\t\t\t<div class=\"elementor-widget-container\">\n\t\t\t\t\t<div class=\"elementor-icon-box-wrapper\">\n\t\t\t\t\t\t<div class=\"elementor-icon-box-icon\">\n\t\t\t\t<a class=\"elementor-icon elementor-animation-grow\" href=\"http:\/\/o3.com.pl\/wp-content\/uploads\/2019\/12\/MSI-32.pdf\">\n\t\t\t\t<i aria-hidden=\"true\" class=\"fas fa-file-download\"><\/i>\t\t\t\t<\/a>\n\t\t\t<\/div>\n\t\t\t\t\t\t<div class=\"elementor-icon-box-content\">\n\t\t\t\t<h3 class=\"elementor-icon-box-title\">\n\t\t\t\t\t<a href=\"http:\/\/o3.com.pl\/wp-content\/uploads\/2019\/12\/MSI-32.pdf\" >\n\t\t\t\t\t\tkarta katalogowa MSI-32\t\t\t\t\t<\/a>\n\t\t\t\t<\/h3>\n\t\t\t\t\t\t\t<\/div>\n\t\t<\/div>\n\t\t\t\t<\/div>\n\t\t\t\t<\/div>\n\t\t\t\t\t\t<\/div>\n\t\t\t\t\t<\/div>\n\t\t<\/div>\n\t\t\t\t\t\t\t\t<\/div>\n\t\t\t\t\t<\/div>\n\t\t<\/section>\n\t\t\t\t\t\t\t\t\t<\/div>\n\t\t\t<\/div>\n\t\t\t\t\t<\/div>\n\t\t","protected":false},"excerpt":{"rendered":"<p>CZUJNIK MAGNETYCZNY INKREMENTALNY MSI-32 Bezpo\u015bredni pomiar przesuni\u0119cia liniowego , k\u0105ta obrotu , pr\u0119dko\u015bci obrotowej Pomiar bezdotykowy , \u017cadnych zu\u017cywaj\u0105cych si\u0119 element\u00f3w D\u0142ugo\u015b\u0107 pomiaru do 30 mb. Odleg\u0142o\u015b\u0107 czujnika od ta\u015bmy =&lt; 2mm Niewra\u017cliwy na brud , py\u0142 , wod\u0119 IP67 Wysoka odporno\u015b\u0107 na wstrz\u0105sy , wibracje , ci\u015bnienie Rozdzielczo\u015b\u0107 max 0,05mm Obudowa z anodowanego aluminium [&hellip;]<\/p>\n","protected":false},"author":1,"featured_media":0,"parent":0,"menu_order":0,"comment_status":"closed","ping_status":"closed","template":"","meta":[],"_links":{"self":[{"href":"http:\/\/o3.com.pl\/index.php?rest_route=\/wp\/v2\/pages\/292"}],"collection":[{"href":"http:\/\/o3.com.pl\/index.php?rest_route=\/wp\/v2\/pages"}],"about":[{"href":"http:\/\/o3.com.pl\/index.php?rest_route=\/wp\/v2\/types\/page"}],"author":[{"embeddable":true,"href":"http:\/\/o3.com.pl\/index.php?rest_route=\/wp\/v2\/users\/1"}],"replies":[{"embeddable":true,"href":"http:\/\/o3.com.pl\/index.php?rest_route=%2Fwp%2Fv2%2Fcomments&post=292"}],"version-history":[{"count":20,"href":"http:\/\/o3.com.pl\/index.php?rest_route=\/wp\/v2\/pages\/292\/revisions"}],"predecessor-version":[{"id":486,"href":"http:\/\/o3.com.pl\/index.php?rest_route=\/wp\/v2\/pages\/292\/revisions\/486"}],"wp:attachment":[{"href":"http:\/\/o3.com.pl\/index.php?rest_route=%2Fwp%2Fv2%2Fmedia&parent=292"}],"curies":[{"name":"wp","href":"https:\/\/api.w.org\/{rel}","templated":true}]}}