{"id":309,"date":"2019-12-04T13:16:26","date_gmt":"2019-12-04T12:16:26","guid":{"rendered":"http:\/\/o3.com.pl\/?page_id=309"},"modified":"2020-06-07T11:07:50","modified_gmt":"2020-06-07T10:07:50","slug":"msi20","status":"publish","type":"page","link":"http:\/\/o3.com.pl\/?page_id=309","title":{"rendered":"MSI20"},"content":{"rendered":"\t\t<div data-elementor-type=\"wp-page\" data-elementor-id=\"309\" class=\"elementor elementor-309\">\n\t\t\t\t\t\t<div class=\"elementor-inner\">\n\t\t\t\t<div class=\"elementor-section-wrap\">\n\t\t\t\t\t\t\t\t\t<section class=\"elementor-section elementor-top-section elementor-element elementor-element-f7a9e0a elementor-section-boxed elementor-section-height-default elementor-section-height-default\" data-id=\"f7a9e0a\" data-element_type=\"section\">\n\t\t\t\t\t\t<div class=\"elementor-container elementor-column-gap-default\">\n\t\t\t\t\t\t\t<div class=\"elementor-row\">\n\t\t\t\t\t<div class=\"elementor-column elementor-col-100 elementor-top-column elementor-element elementor-element-61b9f54\" data-id=\"61b9f54\" data-element_type=\"column\">\n\t\t\t<div class=\"elementor-column-wrap elementor-element-populated\">\n\t\t\t\t\t\t\t<div class=\"elementor-widget-wrap\">\n\t\t\t\t\t\t<div class=\"elementor-element elementor-element-b6d1d44 elementor-widget elementor-widget-spacer\" data-id=\"b6d1d44\" data-element_type=\"widget\" data-widget_type=\"spacer.default\">\n\t\t\t\t<div class=\"elementor-widget-container\">\n\t\t\t\t\t<div class=\"elementor-spacer\">\n\t\t\t<div class=\"elementor-spacer-inner\"><\/div>\n\t\t<\/div>\n\t\t\t\t<\/div>\n\t\t\t\t<\/div>\n\t\t\t\t\t\t<\/div>\n\t\t\t\t\t<\/div>\n\t\t<\/div>\n\t\t\t\t\t\t\t\t<\/div>\n\t\t\t\t\t<\/div>\n\t\t<\/section>\n\t\t\t\t<section class=\"elementor-section elementor-top-section elementor-element elementor-element-b3045e9 elementor-section-boxed elementor-section-height-default elementor-section-height-default\" data-id=\"b3045e9\" data-element_type=\"section\">\n\t\t\t\t\t\t<div class=\"elementor-container elementor-column-gap-default\">\n\t\t\t\t\t\t\t<div class=\"elementor-row\">\n\t\t\t\t\t<div class=\"elementor-column elementor-col-50 elementor-top-column elementor-element elementor-element-5084f92\" data-id=\"5084f92\" data-element_type=\"column\" data-settings=\"{&quot;background_background&quot;:&quot;classic&quot;}\">\n\t\t\t<div class=\"elementor-column-wrap elementor-element-populated\">\n\t\t\t\t\t\t\t<div class=\"elementor-widget-wrap\">\n\t\t\t\t\t\t<div class=\"elementor-element elementor-element-51e129e elementor-widget elementor-widget-heading\" data-id=\"51e129e\" data-element_type=\"widget\" data-widget_type=\"heading.default\">\n\t\t\t\t<div class=\"elementor-widget-container\">\n\t\t\t<h2 class=\"elementor-heading-title elementor-size-default\">CZUJNIK MAGNETYCZNY INKREMENTALNY MSI 20<\/h2>\t\t<\/div>\n\t\t\t\t<\/div>\n\t\t\t\t<div class=\"elementor-element elementor-element-0e1b355 elementor-widget elementor-widget-text-editor\" data-id=\"0e1b355\" data-element_type=\"widget\" data-widget_type=\"text-editor.default\">\n\t\t\t\t<div class=\"elementor-widget-container\">\n\t\t\t\t\t\t\t\t<div class=\"elementor-text-editor elementor-clearfix\">\n\t\t\t\t<ul><li>Bezpo\u015bredni pomiar przesuni\u0119cia liniowego , k\u0105ta obrotu , pr\u0119dko\u015bci obrotowej<\/li><li>Pomiar bezdotykowy , \u017cadnych zu\u017cywaj\u0105cych si\u0119 element\u00f3w<\/li><li>Rozdzielczo\u015b\u0107 max 1 um<\/li><li>Wysoka dok\u0142adno\u015b\u0107 interpolacji<\/li><li>D\u0142ugo\u015b\u0107 pomiaru do 30 mb.<\/li><li>Odleg\u0142o\u015b\u0107 czujnika od ta\u015bmy do 1mm<\/li><li>Niewra\u017cliwy na brud , py\u0142 , wod\u0119 IP67<\/li><li>Wysoka odporno\u015b\u0107 na wstrz\u0105sy , wibracje , ci\u015bnienie<\/li><li>Obudowa z anodowanego aluminium<\/li><li>Monta\u017c na 2 \u015bruby M3<\/li><\/ul>\t\t\t\t\t<\/div>\n\t\t\t\t\t\t<\/div>\n\t\t\t\t<\/div>\n\t\t\t\t\t\t<\/div>\n\t\t\t\t\t<\/div>\n\t\t<\/div>\n\t\t\t\t<div class=\"elementor-column elementor-col-50 elementor-top-column elementor-element elementor-element-ac2510c\" data-id=\"ac2510c\" data-element_type=\"column\">\n\t\t\t<div class=\"elementor-column-wrap elementor-element-populated\">\n\t\t\t\t\t\t\t<div class=\"elementor-widget-wrap\">\n\t\t\t\t\t\t<div class=\"elementor-element elementor-element-f8fb964 elementor-widget elementor-widget-image\" data-id=\"f8fb964\" data-element_type=\"widget\" data-widget_type=\"image.default\">\n\t\t\t\t<div class=\"elementor-widget-container\">\n\t\t\t\t\t\t\t\t<div class=\"elementor-image\">\n\t\t\t\t\t\t\t\t\t\t\t\t\t<a href=\"http:\/\/o3.com.pl\/wp-content\/uploads\/2019\/12\/zloty_640x480-1.jpg\" data-elementor-open-lightbox=\"yes\" data-elementor-lightbox-title=\"OLYMPUS DIGITAL CAMERA\" data-e-action-hash=\"#elementor-action%3Aaction%3Dlightbox%26settings%3DeyJpZCI6MjU2LCJ1cmwiOiJodHRwOlwvXC9vMy5jb20ucGxcL3dwLWNvbnRlbnRcL3VwbG9hZHNcLzIwMTlcLzEyXC96bG90eV82NDB4NDgwLTEuanBnIn0%3D\">\n\t\t\t\t\t\t\t<img decoding=\"async\" width=\"300\" height=\"225\" src=\"http:\/\/o3.com.pl\/wp-content\/uploads\/2019\/12\/zloty_640x480-1-300x225.jpg\" class=\"attachment-medium size-medium wp-image-256\" alt=\"\" loading=\"lazy\" srcset=\"http:\/\/o3.com.pl\/wp-content\/uploads\/2019\/12\/zloty_640x480-1-300x225.jpg 300w, http:\/\/o3.com.pl\/wp-content\/uploads\/2019\/12\/zloty_640x480-1.jpg 640w\" sizes=\"(max-width: 300px) 100vw, 300px\" \/>\t\t\t\t\t\t\t\t<\/a>\n\t\t\t\t\t\t\t\t\t\t\t\t\t\t<\/div>\n\t\t\t\t\t\t<\/div>\n\t\t\t\t<\/div>\n\t\t\t\t\t\t<\/div>\n\t\t\t\t\t<\/div>\n\t\t<\/div>\n\t\t\t\t\t\t\t\t<\/div>\n\t\t\t\t\t<\/div>\n\t\t<\/section>\n\t\t\t\t<section class=\"elementor-section elementor-top-section elementor-element elementor-element-32e8616 elementor-section-boxed elementor-section-height-default elementor-section-height-default\" data-id=\"32e8616\" data-element_type=\"section\">\n\t\t\t\t\t\t<div class=\"elementor-container elementor-column-gap-default\">\n\t\t\t\t\t\t\t<div class=\"elementor-row\">\n\t\t\t\t\t<div class=\"elementor-column elementor-col-100 elementor-top-column elementor-element elementor-element-5cf54f3\" data-id=\"5cf54f3\" data-element_type=\"column\">\n\t\t\t<div class=\"elementor-column-wrap elementor-element-populated\">\n\t\t\t\t\t\t\t<div class=\"elementor-widget-wrap\">\n\t\t\t\t\t\t<div class=\"elementor-element elementor-element-fbdf1ac elementor-widget elementor-widget-text-editor\" data-id=\"fbdf1ac\" data-element_type=\"widget\" data-widget_type=\"text-editor.default\">\n\t\t\t\t<div class=\"elementor-widget-container\">\n\t\t\t\t\t\t\t\t<div class=\"elementor-text-editor elementor-clearfix\">\n\t\t\t\t<p>\u00a0\u00a0\u00a0 Czujnik magnetyczny MSI-20 wraz z ta\u015bm\u0105 MT20 lub k\u00f3\u0142kiem magnetycznym tworzy inkrementalny system pomiarowy przeznaczony do bezpo\u015bredniego pomiaru przemieszczenia liniowego , obrotu , pr\u0119dko\u015bci obrotowej . Pomiar jest bezdotykowy nie posiada r\u00f3wnie\u017c \u017cadnych zu\u017cywaj\u0105cych si\u0119 element\u00f3w (\u0142o\u017cyska , uszczelnienia itp.). Sensor mo\u017ce by\u0107 zamontowany w odleg\u0142o\u015bci do 1 mm od ta\u015bmy lub k\u00f3\u0142ka. Jest ca\u0142kowicie niewra\u017cliwy na brud , py\u0142 , wod\u0119 , olej. Na wyj\u015bciu dost\u0119pny jest sygna\u0142 kwadraturowy , 2 kana\u0142y przesuni\u0119te w fazie o 90 stopni.<\/p><p>\u00a0\u00a0\u00a0 Enkodery magnetyczne s\u0105 doskona\u0142ym\u00a0 rozwi\u0105zaniem w trudnych, ci\u0119\u017ckich warunkach, w tym w obr\u00f3bce drewna, kamienia, obr\u00f3bce metali, przemy\u015ble tekstylnym, drukowaniu, pakowaniu, przetw\u00f3rstwie tworzyw sztucznych, systemach automatyzacji i monta\u017cu, ci\u0119ciu laserowym \u00a0\/ wodnym, sprz\u0119cie do monta\u017cu elektronicznego itp.<\/p>\t\t\t\t\t<\/div>\n\t\t\t\t\t\t<\/div>\n\t\t\t\t<\/div>\n\t\t\t\t\t\t<\/div>\n\t\t\t\t\t<\/div>\n\t\t<\/div>\n\t\t\t\t\t\t\t\t<\/div>\n\t\t\t\t\t<\/div>\n\t\t<\/section>\n\t\t\t\t<section class=\"elementor-section elementor-top-section elementor-element elementor-element-e7be357 elementor-section-boxed elementor-section-height-default elementor-section-height-default\" data-id=\"e7be357\" data-element_type=\"section\">\n\t\t\t\t\t\t<div class=\"elementor-container elementor-column-gap-default\">\n\t\t\t\t\t\t\t<div class=\"elementor-row\">\n\t\t\t\t\t<div class=\"elementor-column elementor-col-50 elementor-top-column elementor-element elementor-element-0adfbb2\" data-id=\"0adfbb2\" data-element_type=\"column\">\n\t\t\t<div class=\"elementor-column-wrap elementor-element-populated\">\n\t\t\t\t\t\t\t<div class=\"elementor-widget-wrap\">\n\t\t\t\t\t\t<div class=\"elementor-element elementor-element-097ad64 elementor-widget elementor-widget-heading\" data-id=\"097ad64\" data-element_type=\"widget\" data-widget_type=\"heading.default\">\n\t\t\t\t<div class=\"elementor-widget-container\">\n\t\t\t<h2 class=\"elementor-heading-title elementor-size-default\">Dane techniczne:<\/h2>\t\t<\/div>\n\t\t\t\t<\/div>\n\t\t\t\t<div class=\"elementor-element elementor-element-b4c8b22 elementor-widget elementor-widget-image\" data-id=\"b4c8b22\" data-element_type=\"widget\" data-widget_type=\"image.default\">\n\t\t\t\t<div class=\"elementor-widget-container\">\n\t\t\t\t\t\t\t\t<div class=\"elementor-image\">\n\t\t\t\t\t\t\t\t\t\t\t\t<img decoding=\"async\" width=\"1024\" height=\"593\" src=\"http:\/\/o3.com.pl\/wp-content\/uploads\/2020\/06\/tabela_MSI21-1024x593.jpg\" class=\"attachment-large size-large wp-image-493\" alt=\"\" loading=\"lazy\" srcset=\"http:\/\/o3.com.pl\/wp-content\/uploads\/2020\/06\/tabela_MSI21-1024x593.jpg 1024w, http:\/\/o3.com.pl\/wp-content\/uploads\/2020\/06\/tabela_MSI21-300x174.jpg 300w, http:\/\/o3.com.pl\/wp-content\/uploads\/2020\/06\/tabela_MSI21-768x445.jpg 768w, http:\/\/o3.com.pl\/wp-content\/uploads\/2020\/06\/tabela_MSI21.jpg 1156w\" sizes=\"(max-width: 1024px) 100vw, 1024px\" \/>\t\t\t\t\t\t\t\t\t\t\t\t\t\t<\/div>\n\t\t\t\t\t\t<\/div>\n\t\t\t\t<\/div>\n\t\t\t\t\t\t<\/div>\n\t\t\t\t\t<\/div>\n\t\t<\/div>\n\t\t\t\t<div class=\"elementor-column elementor-col-50 elementor-top-column elementor-element elementor-element-3edadb1\" data-id=\"3edadb1\" data-element_type=\"column\">\n\t\t\t<div class=\"elementor-column-wrap elementor-element-populated\">\n\t\t\t\t\t\t\t<div class=\"elementor-widget-wrap\">\n\t\t\t\t\t\t<div class=\"elementor-element elementor-element-d758370 elementor-widget elementor-widget-image\" data-id=\"d758370\" data-element_type=\"widget\" data-widget_type=\"image.default\">\n\t\t\t\t<div class=\"elementor-widget-container\">\n\t\t\t\t\t\t\t\t<div class=\"elementor-image\">\n\t\t\t\t\t\t\t\t\t\t\t\t<img decoding=\"async\" width=\"271\" height=\"300\" src=\"http:\/\/o3.com.pl\/wp-content\/uploads\/2019\/12\/kwadraturowy_800x600-271x300.jpg\" class=\"attachment-medium size-medium wp-image-383\" alt=\"\" loading=\"lazy\" srcset=\"http:\/\/o3.com.pl\/wp-content\/uploads\/2019\/12\/kwadraturowy_800x600-271x300.jpg 271w, http:\/\/o3.com.pl\/wp-content\/uploads\/2019\/12\/kwadraturowy_800x600-768x849.jpg 768w, http:\/\/o3.com.pl\/wp-content\/uploads\/2019\/12\/kwadraturowy_800x600.jpg 800w\" sizes=\"(max-width: 271px) 100vw, 271px\" \/>\t\t\t\t\t\t\t\t\t\t\t\t\t\t<\/div>\n\t\t\t\t\t\t<\/div>\n\t\t\t\t<\/div>\n\t\t\t\t\t\t<\/div>\n\t\t\t\t\t<\/div>\n\t\t<\/div>\n\t\t\t\t\t\t\t\t<\/div>\n\t\t\t\t\t<\/div>\n\t\t<\/section>\n\t\t\t\t<section class=\"elementor-section elementor-top-section elementor-element elementor-element-5217ddc elementor-section-boxed elementor-section-height-default elementor-section-height-default\" data-id=\"5217ddc\" data-element_type=\"section\">\n\t\t\t\t\t\t<div class=\"elementor-container elementor-column-gap-default\">\n\t\t\t\t\t\t\t<div class=\"elementor-row\">\n\t\t\t\t\t<div class=\"elementor-column elementor-col-100 elementor-top-column elementor-element elementor-element-841e13f\" data-id=\"841e13f\" data-element_type=\"column\">\n\t\t\t<div class=\"elementor-column-wrap elementor-element-populated\">\n\t\t\t\t\t\t\t<div class=\"elementor-widget-wrap\">\n\t\t\t\t\t\t<div class=\"elementor-element elementor-element-8eff16f elementor-widget elementor-widget-heading\" data-id=\"8eff16f\" data-element_type=\"widget\" data-widget_type=\"heading.default\">\n\t\t\t\t<div class=\"elementor-widget-container\">\n\t\t\t<h2 class=\"elementor-heading-title elementor-size-default\">Zamawianie:<\/h2>\t\t<\/div>\n\t\t\t\t<\/div>\n\t\t\t\t<div class=\"elementor-element elementor-element-ba67f35 elementor-widget elementor-widget-text-editor\" data-id=\"ba67f35\" data-element_type=\"widget\" data-widget_type=\"text-editor.default\">\n\t\t\t\t<div class=\"elementor-widget-container\">\n\t\t\t\t\t\t\t\t<div class=\"elementor-text-editor elementor-clearfix\">\n\t\t\t\t<p>MSI-20 &#8211; rozdzielczo\u015b\u0107 w um<\/p><p>(MSI-20-10 oznacza czujnik o rozdzielczo\u015bci 10 um (0,01 mm))<\/p>\t\t\t\t\t<\/div>\n\t\t\t\t\t\t<\/div>\n\t\t\t\t<\/div>\n\t\t\t\t\t\t<\/div>\n\t\t\t\t\t<\/div>\n\t\t<\/div>\n\t\t\t\t\t\t\t\t<\/div>\n\t\t\t\t\t<\/div>\n\t\t<\/section>\n\t\t\t\t<section class=\"elementor-section elementor-top-section elementor-element elementor-element-1070911 elementor-section-boxed elementor-section-height-default elementor-section-height-default\" data-id=\"1070911\" data-element_type=\"section\">\n\t\t\t\t\t\t<div class=\"elementor-container elementor-column-gap-default\">\n\t\t\t\t\t\t\t<div class=\"elementor-row\">\n\t\t\t\t\t<div class=\"elementor-column elementor-col-100 elementor-top-column elementor-element elementor-element-1adad1b\" data-id=\"1adad1b\" data-element_type=\"column\">\n\t\t\t<div class=\"elementor-column-wrap elementor-element-populated\">\n\t\t\t\t\t\t\t<div class=\"elementor-widget-wrap\">\n\t\t\t\t\t\t<div class=\"elementor-element elementor-element-54caa63 elementor-widget elementor-widget-heading\" data-id=\"54caa63\" data-element_type=\"widget\" data-widget_type=\"heading.default\">\n\t\t\t\t<div class=\"elementor-widget-container\">\n\t\t\t<h2 class=\"elementor-heading-title elementor-size-default\">Wykres b\u0142\u0119du interpolacji czujnika w okresie<\/h2>\t\t<\/div>\n\t\t\t\t<\/div>\n\t\t\t\t<div class=\"elementor-element elementor-element-c5ace61 elementor-widget elementor-widget-text-editor\" data-id=\"c5ace61\" data-element_type=\"widget\" data-widget_type=\"text-editor.default\">\n\t\t\t\t<div class=\"elementor-widget-container\">\n\t\t\t\t\t\t\t\t<div class=\"elementor-text-editor elementor-clearfix\">\n\t\t\t\t<p class=\"elementor-heading-title elementor-size-default\"><em>Odcinek 20 mm (10 biegun\u00f3w 2mm). Pomiar co 0,04 mm (500 punkt\u00f3w).<\/em><\/p>\t\t\t\t\t<\/div>\n\t\t\t\t\t\t<\/div>\n\t\t\t\t<\/div>\n\t\t\t\t<div class=\"elementor-element elementor-element-08a4370 elementor-widget elementor-widget-image\" data-id=\"08a4370\" data-element_type=\"widget\" data-widget_type=\"image.default\">\n\t\t\t\t<div class=\"elementor-widget-container\">\n\t\t\t\t\t\t\t\t<div class=\"elementor-image\">\n\t\t\t\t\t\t\t\t\t\t\t\t<img decoding=\"async\" width=\"1024\" height=\"457\" src=\"http:\/\/o3.com.pl\/wp-content\/uploads\/2020\/01\/20mm_4.-1024x457.jpg\" class=\"attachment-large size-large wp-image-405\" alt=\"\" loading=\"lazy\" srcset=\"http:\/\/o3.com.pl\/wp-content\/uploads\/2020\/01\/20mm_4.-1024x457.jpg 1024w, http:\/\/o3.com.pl\/wp-content\/uploads\/2020\/01\/20mm_4.-300x134.jpg 300w, http:\/\/o3.com.pl\/wp-content\/uploads\/2020\/01\/20mm_4.-768x343.jpg 768w, http:\/\/o3.com.pl\/wp-content\/uploads\/2020\/01\/20mm_4.-1536x686.jpg 1536w, http:\/\/o3.com.pl\/wp-content\/uploads\/2020\/01\/20mm_4.-2048x915.jpg 2048w\" sizes=\"(max-width: 1024px) 100vw, 1024px\" \/>\t\t\t\t\t\t\t\t\t\t\t\t\t\t<\/div>\n\t\t\t\t\t\t<\/div>\n\t\t\t\t<\/div>\n\t\t\t\t\t\t<\/div>\n\t\t\t\t\t<\/div>\n\t\t<\/div>\n\t\t\t\t\t\t\t\t<\/div>\n\t\t\t\t\t<\/div>\n\t\t<\/section>\n\t\t\t\t<section class=\"elementor-section elementor-top-section elementor-element elementor-element-fe3eac6 elementor-section-boxed elementor-section-height-default elementor-section-height-default\" data-id=\"fe3eac6\" data-element_type=\"section\">\n\t\t\t\t\t\t<div class=\"elementor-container elementor-column-gap-default\">\n\t\t\t\t\t\t\t<div class=\"elementor-row\">\n\t\t\t\t\t<div class=\"elementor-column elementor-col-100 elementor-top-column elementor-element elementor-element-2dad4ff\" data-id=\"2dad4ff\" data-element_type=\"column\">\n\t\t\t<div class=\"elementor-column-wrap elementor-element-populated\">\n\t\t\t\t\t\t\t<div class=\"elementor-widget-wrap\">\n\t\t\t\t\t\t<div class=\"elementor-element elementor-element-d4edafd elementor-widget elementor-widget-heading\" data-id=\"d4edafd\" data-element_type=\"widget\" data-widget_type=\"heading.default\">\n\t\t\t\t<div class=\"elementor-widget-container\">\n\t\t\t<h2 class=\"elementor-heading-title elementor-size-default\">Wymiary i odchy\u0142ki monta\u017cowe:<\/h2>\t\t<\/div>\n\t\t\t\t<\/div>\n\t\t\t\t<div class=\"elementor-element elementor-element-047c9b5 elementor-widget elementor-widget-image\" data-id=\"047c9b5\" data-element_type=\"widget\" data-widget_type=\"image.default\">\n\t\t\t\t<div class=\"elementor-widget-container\">\n\t\t\t\t\t\t\t\t<div class=\"elementor-image\">\n\t\t\t\t\t\t\t\t\t\t\t\t<img decoding=\"async\" width=\"1024\" height=\"485\" src=\"http:\/\/o3.com.pl\/wp-content\/uploads\/2019\/12\/montaz-1024x485.png\" class=\"attachment-large size-large wp-image-273\" alt=\"\" loading=\"lazy\" srcset=\"http:\/\/o3.com.pl\/wp-content\/uploads\/2019\/12\/montaz-1024x485.png 1024w, http:\/\/o3.com.pl\/wp-content\/uploads\/2019\/12\/montaz-300x142.png 300w, http:\/\/o3.com.pl\/wp-content\/uploads\/2019\/12\/montaz-768x364.png 768w, http:\/\/o3.com.pl\/wp-content\/uploads\/2019\/12\/montaz.png 1242w\" sizes=\"(max-width: 1024px) 100vw, 1024px\" \/>\t\t\t\t\t\t\t\t\t\t\t\t\t\t<\/div>\n\t\t\t\t\t\t<\/div>\n\t\t\t\t<\/div>\n\t\t\t\t\t\t<\/div>\n\t\t\t\t\t<\/div>\n\t\t<\/div>\n\t\t\t\t\t\t\t\t<\/div>\n\t\t\t\t\t<\/div>\n\t\t<\/section>\n\t\t\t\t<section class=\"elementor-section elementor-top-section elementor-element elementor-element-a2f4587 elementor-section-boxed elementor-section-height-default elementor-section-height-default\" data-id=\"a2f4587\" data-element_type=\"section\">\n\t\t\t\t\t\t<div class=\"elementor-container elementor-column-gap-default\">\n\t\t\t\t\t\t\t<div class=\"elementor-row\">\n\t\t\t\t\t<div class=\"elementor-column elementor-col-100 elementor-top-column elementor-element elementor-element-ad73f31\" data-id=\"ad73f31\" data-element_type=\"column\">\n\t\t\t<div class=\"elementor-column-wrap elementor-element-populated\">\n\t\t\t\t\t\t\t<div class=\"elementor-widget-wrap\">\n\t\t\t\t\t\t<div class=\"elementor-element elementor-element-a7f9e5d elementor-position-left elementor-view-default elementor-mobile-position-top elementor-vertical-align-top elementor-widget elementor-widget-icon-box\" data-id=\"a7f9e5d\" data-element_type=\"widget\" data-widget_type=\"icon-box.default\">\n\t\t\t\t<div class=\"elementor-widget-container\">\n\t\t\t\t\t<div class=\"elementor-icon-box-wrapper\">\n\t\t\t\t\t\t<div class=\"elementor-icon-box-icon\">\n\t\t\t\t<a class=\"elementor-icon elementor-animation-grow\" href=\"http:\/\/o3.com.pl\/wp-content\/uploads\/2020\/06\/Czujnik-magnetyczny-inkrementalny-MSI20_v1.pdf\">\n\t\t\t\t<i aria-hidden=\"true\" class=\"fas fa-download\"><\/i>\t\t\t\t<\/a>\n\t\t\t<\/div>\n\t\t\t\t\t\t<div class=\"elementor-icon-box-content\">\n\t\t\t\t<h3 class=\"elementor-icon-box-title\">\n\t\t\t\t\t<a href=\"http:\/\/o3.com.pl\/wp-content\/uploads\/2020\/06\/Czujnik-magnetyczny-inkrementalny-MSI20_v1.pdf\" >\n\t\t\t\t\t\tkarta katalogowa MSI-20\t\t\t\t\t<\/a>\n\t\t\t\t<\/h3>\n\t\t\t\t\t\t\t<\/div>\n\t\t<\/div>\n\t\t\t\t<\/div>\n\t\t\t\t<\/div>\n\t\t\t\t\t\t<\/div>\n\t\t\t\t\t<\/div>\n\t\t<\/div>\n\t\t\t\t\t\t\t\t<\/div>\n\t\t\t\t\t<\/div>\n\t\t<\/section>\n\t\t\t\t<section class=\"elementor-section elementor-top-section elementor-element elementor-element-64bd576 elementor-section-boxed elementor-section-height-default elementor-section-height-default\" data-id=\"64bd576\" data-element_type=\"section\">\n\t\t\t\t\t\t<div class=\"elementor-container elementor-column-gap-default\">\n\t\t\t\t\t\t\t<div class=\"elementor-row\">\n\t\t\t\t\t<div class=\"elementor-column elementor-col-100 elementor-top-column elementor-element elementor-element-1887648\" data-id=\"1887648\" data-element_type=\"column\">\n\t\t\t<div class=\"elementor-column-wrap elementor-element-populated\">\n\t\t\t\t\t\t\t<div class=\"elementor-widget-wrap\">\n\t\t\t\t\t\t<div class=\"elementor-element elementor-element-132c263 elementor-widget elementor-widget-spacer\" data-id=\"132c263\" data-element_type=\"widget\" data-widget_type=\"spacer.default\">\n\t\t\t\t<div class=\"elementor-widget-container\">\n\t\t\t\t\t<div class=\"elementor-spacer\">\n\t\t\t<div class=\"elementor-spacer-inner\"><\/div>\n\t\t<\/div>\n\t\t\t\t<\/div>\n\t\t\t\t<\/div>\n\t\t\t\t\t\t<\/div>\n\t\t\t\t\t<\/div>\n\t\t<\/div>\n\t\t\t\t\t\t\t\t<\/div>\n\t\t\t\t\t<\/div>\n\t\t<\/section>\n\t\t\t\t\t\t\t\t\t<\/div>\n\t\t\t<\/div>\n\t\t\t\t\t<\/div>\n\t\t","protected":false},"excerpt":{"rendered":"<p>CZUJNIK MAGNETYCZNY INKREMENTALNY MSI 20 Bezpo\u015bredni pomiar przesuni\u0119cia liniowego , k\u0105ta obrotu , pr\u0119dko\u015bci obrotowej Pomiar bezdotykowy , \u017cadnych zu\u017cywaj\u0105cych si\u0119 element\u00f3w Rozdzielczo\u015b\u0107 max 1 um Wysoka dok\u0142adno\u015b\u0107 interpolacji D\u0142ugo\u015b\u0107 pomiaru do 30 mb. Odleg\u0142o\u015b\u0107 czujnika od ta\u015bmy do 1mm Niewra\u017cliwy na brud , py\u0142 , wod\u0119 IP67 Wysoka odporno\u015b\u0107 na wstrz\u0105sy , wibracje , [&hellip;]<\/p>\n","protected":false},"author":1,"featured_media":0,"parent":0,"menu_order":0,"comment_status":"closed","ping_status":"closed","template":"","meta":[],"_links":{"self":[{"href":"http:\/\/o3.com.pl\/index.php?rest_route=\/wp\/v2\/pages\/309"}],"collection":[{"href":"http:\/\/o3.com.pl\/index.php?rest_route=\/wp\/v2\/pages"}],"about":[{"href":"http:\/\/o3.com.pl\/index.php?rest_route=\/wp\/v2\/types\/page"}],"author":[{"embeddable":true,"href":"http:\/\/o3.com.pl\/index.php?rest_route=\/wp\/v2\/users\/1"}],"replies":[{"embeddable":true,"href":"http:\/\/o3.com.pl\/index.php?rest_route=%2Fwp%2Fv2%2Fcomments&post=309"}],"version-history":[{"count":29,"href":"http:\/\/o3.com.pl\/index.php?rest_route=\/wp\/v2\/pages\/309\/revisions"}],"predecessor-version":[{"id":546,"href":"http:\/\/o3.com.pl\/index.php?rest_route=\/wp\/v2\/pages\/309\/revisions\/546"}],"wp:attachment":[{"href":"http:\/\/o3.com.pl\/index.php?rest_route=%2Fwp%2Fv2%2Fmedia&parent=309"}],"curies":[{"name":"wp","href":"https:\/\/api.w.org\/{rel}","templated":true}]}}