{"id":311,"date":"2019-12-04T13:16:45","date_gmt":"2019-12-04T12:16:45","guid":{"rendered":"http:\/\/o3.com.pl\/?page_id=311"},"modified":"2020-06-05T13:55:11","modified_gmt":"2020-06-05T12:55:11","slug":"msi50","status":"publish","type":"page","link":"http:\/\/o3.com.pl\/?page_id=311","title":{"rendered":"MSI50"},"content":{"rendered":"\t\t<div data-elementor-type=\"wp-page\" data-elementor-id=\"311\" class=\"elementor elementor-311\">\n\t\t\t\t\t\t<div class=\"elementor-inner\">\n\t\t\t\t<div class=\"elementor-section-wrap\">\n\t\t\t\t\t\t\t\t\t<section class=\"elementor-section elementor-top-section elementor-element elementor-element-4716aa6 elementor-section-boxed elementor-section-height-default elementor-section-height-default\" data-id=\"4716aa6\" data-element_type=\"section\">\n\t\t\t\t\t\t<div class=\"elementor-container elementor-column-gap-default\">\n\t\t\t\t\t\t\t<div class=\"elementor-row\">\n\t\t\t\t\t<div class=\"elementor-column elementor-col-100 elementor-top-column elementor-element elementor-element-eaa1169\" data-id=\"eaa1169\" data-element_type=\"column\">\n\t\t\t<div class=\"elementor-column-wrap elementor-element-populated\">\n\t\t\t\t\t\t\t<div class=\"elementor-widget-wrap\">\n\t\t\t\t\t\t<div class=\"elementor-element elementor-element-ae4bb24 elementor-widget elementor-widget-spacer\" data-id=\"ae4bb24\" data-element_type=\"widget\" data-widget_type=\"spacer.default\">\n\t\t\t\t<div class=\"elementor-widget-container\">\n\t\t\t\t\t<div class=\"elementor-spacer\">\n\t\t\t<div class=\"elementor-spacer-inner\"><\/div>\n\t\t<\/div>\n\t\t\t\t<\/div>\n\t\t\t\t<\/div>\n\t\t\t\t\t\t<\/div>\n\t\t\t\t\t<\/div>\n\t\t<\/div>\n\t\t\t\t\t\t\t\t<\/div>\n\t\t\t\t\t<\/div>\n\t\t<\/section>\n\t\t\t\t<section class=\"elementor-section elementor-top-section elementor-element elementor-element-f43fff5 elementor-section-boxed elementor-section-height-default elementor-section-height-default\" data-id=\"f43fff5\" data-element_type=\"section\">\n\t\t\t\t\t\t<div class=\"elementor-container elementor-column-gap-default\">\n\t\t\t\t\t\t\t<div class=\"elementor-row\">\n\t\t\t\t\t<div class=\"elementor-column elementor-col-100 elementor-top-column elementor-element elementor-element-76bfa5c\" data-id=\"76bfa5c\" data-element_type=\"column\">\n\t\t\t<div class=\"elementor-column-wrap elementor-element-populated\">\n\t\t\t\t\t\t\t<div class=\"elementor-widget-wrap\">\n\t\t\t\t\t\t<div class=\"elementor-element elementor-element-d3b2549 elementor-widget elementor-widget-heading\" data-id=\"d3b2549\" data-element_type=\"widget\" data-widget_type=\"heading.default\">\n\t\t\t\t<div class=\"elementor-widget-container\">\n\t\t\t<h2 class=\"elementor-heading-title elementor-size-default\">CZUJNIK MAGNETYCZNY INKREMENTALNY MSI 50<\/h2>\t\t<\/div>\n\t\t\t\t<\/div>\n\t\t\t\t\t\t<\/div>\n\t\t\t\t\t<\/div>\n\t\t<\/div>\n\t\t\t\t\t\t\t\t<\/div>\n\t\t\t\t\t<\/div>\n\t\t<\/section>\n\t\t\t\t<section class=\"elementor-section elementor-top-section elementor-element elementor-element-386abe1 elementor-section-boxed elementor-section-height-default elementor-section-height-default\" data-id=\"386abe1\" data-element_type=\"section\">\n\t\t\t\t\t\t<div class=\"elementor-container elementor-column-gap-default\">\n\t\t\t\t\t\t\t<div class=\"elementor-row\">\n\t\t\t\t\t<div class=\"elementor-column elementor-col-100 elementor-top-column elementor-element elementor-element-1f63b89\" data-id=\"1f63b89\" data-element_type=\"column\">\n\t\t\t<div class=\"elementor-column-wrap elementor-element-populated\">\n\t\t\t\t\t\t\t<div class=\"elementor-widget-wrap\">\n\t\t\t\t\t\t<section class=\"elementor-section elementor-inner-section elementor-element elementor-element-2da3152 elementor-section-boxed elementor-section-height-default elementor-section-height-default\" data-id=\"2da3152\" data-element_type=\"section\">\n\t\t\t\t\t\t<div class=\"elementor-container elementor-column-gap-default\">\n\t\t\t\t\t\t\t<div class=\"elementor-row\">\n\t\t\t\t\t<div class=\"elementor-column elementor-col-50 elementor-inner-column elementor-element elementor-element-c2f8e8d\" data-id=\"c2f8e8d\" data-element_type=\"column\">\n\t\t\t<div class=\"elementor-column-wrap elementor-element-populated\">\n\t\t\t\t\t\t\t<div class=\"elementor-widget-wrap\">\n\t\t\t\t\t\t<div class=\"elementor-element elementor-element-db16888 elementor-widget elementor-widget-text-editor\" data-id=\"db16888\" data-element_type=\"widget\" data-widget_type=\"text-editor.default\">\n\t\t\t\t<div class=\"elementor-widget-container\">\n\t\t\t\t\t\t\t\t<div class=\"elementor-text-editor elementor-clearfix\">\n\t\t\t\t<ul><li>Bezpo\u015bredni pomiar przesuni\u0119cia liniowego , k\u0105ta obrotu , pr\u0119dko\u015bci obrotowej<\/li><li>Pomiar bezdotykowy , \u017cadnych zu\u017cywaj\u0105cych si\u0119 element\u00f3w<\/li><li>Rozdzielczo\u015b\u0107 max 5 um<\/li><li>D\u0142ugo\u015b\u0107 pomiaru do 30 mb.<\/li><li>Odleg\u0142o\u015b\u0107 czujnika od ta\u015bmy do 2 mm<\/li><li>Niewra\u017cliwy na brud , py\u0142 , wod\u0119 IP67<\/li><li>Wysoka odporno\u015b\u0107 na wstrz\u0105sy , wibracje , ci\u015bnienie<\/li><li>Obudowa z anodowanego aluminium<\/li><li>Monta\u017c na 2 \u015bruby M3<\/li><\/ul>\t\t\t\t\t<\/div>\n\t\t\t\t\t\t<\/div>\n\t\t\t\t<\/div>\n\t\t\t\t\t\t<\/div>\n\t\t\t\t\t<\/div>\n\t\t<\/div>\n\t\t\t\t<div class=\"elementor-column elementor-col-50 elementor-inner-column elementor-element elementor-element-035a326\" data-id=\"035a326\" data-element_type=\"column\">\n\t\t\t<div class=\"elementor-column-wrap elementor-element-populated\">\n\t\t\t\t\t\t\t<div class=\"elementor-widget-wrap\">\n\t\t\t\t\t\t<div class=\"elementor-element elementor-element-a89a895 elementor-widget elementor-widget-image\" data-id=\"a89a895\" data-element_type=\"widget\" data-widget_type=\"image.default\">\n\t\t\t\t<div class=\"elementor-widget-container\">\n\t\t\t\t\t\t\t\t<div class=\"elementor-image\">\n\t\t\t\t\t\t\t\t\t\t\t\t\t<a href=\"http:\/\/o3.com.pl\/wp-content\/uploads\/2019\/12\/niebieski_640x480-1.jpg\" data-elementor-open-lightbox=\"yes\" data-elementor-lightbox-title=\"OLYMPUS DIGITAL CAMERA\" data-e-action-hash=\"#elementor-action%3Aaction%3Dlightbox%26settings%3DeyJpZCI6MjU1LCJ1cmwiOiJodHRwOlwvXC9vMy5jb20ucGxcL3dwLWNvbnRlbnRcL3VwbG9hZHNcLzIwMTlcLzEyXC9uaWViaWVza2lfNjQweDQ4MC0xLmpwZyJ9\">\n\t\t\t\t\t\t\t<img decoding=\"async\" width=\"640\" height=\"480\" src=\"http:\/\/o3.com.pl\/wp-content\/uploads\/2019\/12\/niebieski_640x480-1.jpg\" class=\"attachment-large size-large wp-image-255\" alt=\"\" loading=\"lazy\" srcset=\"http:\/\/o3.com.pl\/wp-content\/uploads\/2019\/12\/niebieski_640x480-1.jpg 640w, http:\/\/o3.com.pl\/wp-content\/uploads\/2019\/12\/niebieski_640x480-1-300x225.jpg 300w\" sizes=\"(max-width: 640px) 100vw, 640px\" \/>\t\t\t\t\t\t\t\t<\/a>\n\t\t\t\t\t\t\t\t\t\t\t\t\t\t<\/div>\n\t\t\t\t\t\t<\/div>\n\t\t\t\t<\/div>\n\t\t\t\t\t\t<\/div>\n\t\t\t\t\t<\/div>\n\t\t<\/div>\n\t\t\t\t\t\t\t\t<\/div>\n\t\t\t\t\t<\/div>\n\t\t<\/section>\n\t\t\t\t\t\t<\/div>\n\t\t\t\t\t<\/div>\n\t\t<\/div>\n\t\t\t\t\t\t\t\t<\/div>\n\t\t\t\t\t<\/div>\n\t\t<\/section>\n\t\t\t\t<section class=\"elementor-section elementor-top-section elementor-element elementor-element-696ead7 elementor-section-boxed elementor-section-height-default elementor-section-height-default\" data-id=\"696ead7\" data-element_type=\"section\">\n\t\t\t\t\t\t<div class=\"elementor-container elementor-column-gap-default\">\n\t\t\t\t\t\t\t<div class=\"elementor-row\">\n\t\t\t\t\t<div class=\"elementor-column elementor-col-100 elementor-top-column elementor-element elementor-element-3dd4f73\" data-id=\"3dd4f73\" data-element_type=\"column\">\n\t\t\t<div class=\"elementor-column-wrap elementor-element-populated\">\n\t\t\t\t\t\t\t<div class=\"elementor-widget-wrap\">\n\t\t\t\t\t\t<div class=\"elementor-element elementor-element-cbb6809 elementor-widget elementor-widget-text-editor\" data-id=\"cbb6809\" data-element_type=\"widget\" data-widget_type=\"text-editor.default\">\n\t\t\t\t<div class=\"elementor-widget-container\">\n\t\t\t\t\t\t\t\t<div class=\"elementor-text-editor elementor-clearfix\">\n\t\t\t\t<p>Czujnik magnetyczny MSI-50 wraz z ta\u015bm\u0105 MT50 lub k\u00f3\u0142kiem magnetycznym tworzy inkrementalny system pomiarowy przeznaczony do bezpo\u015bredniego pomiaru przemieszczenia liniowego , obrotu , pr\u0119dko\u015bci obrotowej . Pomiar jest bezdotykowy nie posiada r\u00f3wnie\u017c \u017cadnych zu\u017cywaj\u0105cych si\u0119 element\u00f3w (\u0142o\u017cyska , uszczelnienia itp.). Sensor mo\u017ce by\u0107 zamontowany w odleg\u0142o\u015bci do 2 mm od ta\u015bmy lub k\u00f3\u0142ka. Jest ca\u0142kowicie niewra\u017cliwy na brud , py\u0142 , wod\u0119 , olej. Na wyj\u015bciu dost\u0119pny jest sygna\u0142 kwadraturowy , 2 kana\u0142y przesuni\u0119te w fazie o 90 stopni.<\/p><p>Enkodery magnetyczne s\u0105 doskona\u0142ym\u00a0 rozwi\u0105zaniem w trudnych, ci\u0119\u017ckich warunkach, w tym w obr\u00f3bce drewna, kamienia, obr\u00f3bce metali, przemy\u015ble tekstylnym, drukowaniu, pakowaniu, przetw\u00f3rstwie tworzyw sztucznych, systemach automatyzacji i monta\u017cu, ci\u0119ciu laserowym \u00a0\/ wodnym, sprz\u0119cie do monta\u017cu elektronicznego, maszynach budowlanych itp.<\/p>\t\t\t\t\t<\/div>\n\t\t\t\t\t\t<\/div>\n\t\t\t\t<\/div>\n\t\t\t\t\t\t<\/div>\n\t\t\t\t\t<\/div>\n\t\t<\/div>\n\t\t\t\t\t\t\t\t<\/div>\n\t\t\t\t\t<\/div>\n\t\t<\/section>\n\t\t\t\t<section class=\"elementor-section elementor-top-section elementor-element elementor-element-bc3c2a4 elementor-section-boxed elementor-section-height-default elementor-section-height-default\" data-id=\"bc3c2a4\" data-element_type=\"section\">\n\t\t\t\t\t\t<div class=\"elementor-container elementor-column-gap-default\">\n\t\t\t\t\t\t\t<div class=\"elementor-row\">\n\t\t\t\t\t<div class=\"elementor-column elementor-col-50 elementor-top-column elementor-element elementor-element-2afafc5\" data-id=\"2afafc5\" data-element_type=\"column\">\n\t\t\t<div class=\"elementor-column-wrap elementor-element-populated\">\n\t\t\t\t\t\t\t<div class=\"elementor-widget-wrap\">\n\t\t\t\t\t\t<div class=\"elementor-element elementor-element-752927a elementor-widget elementor-widget-heading\" data-id=\"752927a\" data-element_type=\"widget\" data-widget_type=\"heading.default\">\n\t\t\t\t<div class=\"elementor-widget-container\">\n\t\t\t<h2 class=\"elementor-heading-title elementor-size-default\">Dane techniczne:<\/h2>\t\t<\/div>\n\t\t\t\t<\/div>\n\t\t\t\t<div class=\"elementor-element elementor-element-ff3f822 elementor-widget elementor-widget-image\" data-id=\"ff3f822\" data-element_type=\"widget\" data-widget_type=\"image.default\">\n\t\t\t\t<div class=\"elementor-widget-container\">\n\t\t\t\t\t\t\t\t<div class=\"elementor-image\">\n\t\t\t\t\t\t\t\t\t\t\t\t\t<a href=\"http:\/\/o3.com.pl\/wp-content\/uploads\/2020\/06\/Czujnik-magnetyczny-inkrementalny-MSI50_v1.pdf\">\n\t\t\t\t\t\t\t<img decoding=\"async\" width=\"1024\" height=\"589\" src=\"http:\/\/o3.com.pl\/wp-content\/uploads\/2020\/06\/tabela_MSI50-1024x589.jpg\" class=\"attachment-large size-large wp-image-500\" alt=\"\" loading=\"lazy\" srcset=\"http:\/\/o3.com.pl\/wp-content\/uploads\/2020\/06\/tabela_MSI50-1024x589.jpg 1024w, http:\/\/o3.com.pl\/wp-content\/uploads\/2020\/06\/tabela_MSI50-300x173.jpg 300w, http:\/\/o3.com.pl\/wp-content\/uploads\/2020\/06\/tabela_MSI50-768x442.jpg 768w, http:\/\/o3.com.pl\/wp-content\/uploads\/2020\/06\/tabela_MSI50.jpg 1095w\" sizes=\"(max-width: 1024px) 100vw, 1024px\" \/>\t\t\t\t\t\t\t\t<\/a>\n\t\t\t\t\t\t\t\t\t\t\t\t\t\t<\/div>\n\t\t\t\t\t\t<\/div>\n\t\t\t\t<\/div>\n\t\t\t\t\t\t<\/div>\n\t\t\t\t\t<\/div>\n\t\t<\/div>\n\t\t\t\t<div class=\"elementor-column elementor-col-50 elementor-top-column elementor-element elementor-element-bceecbb\" data-id=\"bceecbb\" data-element_type=\"column\">\n\t\t\t<div class=\"elementor-column-wrap elementor-element-populated\">\n\t\t\t\t\t\t\t<div class=\"elementor-widget-wrap\">\n\t\t\t\t\t\t<div class=\"elementor-element elementor-element-912c631 elementor-widget elementor-widget-image\" data-id=\"912c631\" data-element_type=\"widget\" data-widget_type=\"image.default\">\n\t\t\t\t<div class=\"elementor-widget-container\">\n\t\t\t\t\t\t\t\t<div class=\"elementor-image\">\n\t\t\t\t\t\t\t\t\t\t\t\t<img decoding=\"async\" width=\"800\" height=\"884\" src=\"http:\/\/o3.com.pl\/wp-content\/uploads\/2019\/12\/kwadraturowy_800x600.jpg\" class=\"attachment-large size-large wp-image-383\" alt=\"\" loading=\"lazy\" srcset=\"http:\/\/o3.com.pl\/wp-content\/uploads\/2019\/12\/kwadraturowy_800x600.jpg 800w, http:\/\/o3.com.pl\/wp-content\/uploads\/2019\/12\/kwadraturowy_800x600-271x300.jpg 271w, http:\/\/o3.com.pl\/wp-content\/uploads\/2019\/12\/kwadraturowy_800x600-768x849.jpg 768w\" sizes=\"(max-width: 800px) 100vw, 800px\" \/>\t\t\t\t\t\t\t\t\t\t\t\t\t\t<\/div>\n\t\t\t\t\t\t<\/div>\n\t\t\t\t<\/div>\n\t\t\t\t\t\t<\/div>\n\t\t\t\t\t<\/div>\n\t\t<\/div>\n\t\t\t\t\t\t\t\t<\/div>\n\t\t\t\t\t<\/div>\n\t\t<\/section>\n\t\t\t\t<section class=\"elementor-section elementor-top-section elementor-element elementor-element-4d575dc elementor-section-boxed elementor-section-height-default elementor-section-height-default\" data-id=\"4d575dc\" data-element_type=\"section\">\n\t\t\t\t\t\t<div class=\"elementor-container elementor-column-gap-default\">\n\t\t\t\t\t\t\t<div class=\"elementor-row\">\n\t\t\t\t\t<div class=\"elementor-column elementor-col-100 elementor-top-column elementor-element elementor-element-74463b0\" data-id=\"74463b0\" data-element_type=\"column\">\n\t\t\t<div class=\"elementor-column-wrap elementor-element-populated\">\n\t\t\t\t\t\t\t<div class=\"elementor-widget-wrap\">\n\t\t\t\t\t\t<div class=\"elementor-element elementor-element-6093b0c elementor-widget elementor-widget-heading\" data-id=\"6093b0c\" data-element_type=\"widget\" data-widget_type=\"heading.default\">\n\t\t\t\t<div class=\"elementor-widget-container\">\n\t\t\t<h2 class=\"elementor-heading-title elementor-size-default\">Zamawianie:<\/h2>\t\t<\/div>\n\t\t\t\t<\/div>\n\t\t\t\t<div class=\"elementor-element elementor-element-6c6feba elementor-widget elementor-widget-text-editor\" data-id=\"6c6feba\" data-element_type=\"widget\" data-widget_type=\"text-editor.default\">\n\t\t\t\t<div class=\"elementor-widget-container\">\n\t\t\t\t\t\t\t\t<div class=\"elementor-text-editor elementor-clearfix\">\n\t\t\t\t<p>MSI-50-rozdzielczo\u015b\u0107 w um<\/p><p>(MSI-50-10 oznacza czujnik o rozdzielczo\u015bci 10 um (0,01mm))<\/p>\t\t\t\t\t<\/div>\n\t\t\t\t\t\t<\/div>\n\t\t\t\t<\/div>\n\t\t\t\t\t\t<\/div>\n\t\t\t\t\t<\/div>\n\t\t<\/div>\n\t\t\t\t\t\t\t\t<\/div>\n\t\t\t\t\t<\/div>\n\t\t<\/section>\n\t\t\t\t<section class=\"elementor-section elementor-top-section elementor-element elementor-element-a0d1100 elementor-section-boxed elementor-section-height-default elementor-section-height-default\" data-id=\"a0d1100\" data-element_type=\"section\">\n\t\t\t\t\t\t<div class=\"elementor-container elementor-column-gap-default\">\n\t\t\t\t\t\t\t<div class=\"elementor-row\">\n\t\t\t\t\t<div class=\"elementor-column elementor-col-100 elementor-top-column elementor-element elementor-element-5c2fc7a\" data-id=\"5c2fc7a\" data-element_type=\"column\">\n\t\t\t<div class=\"elementor-column-wrap elementor-element-populated\">\n\t\t\t\t\t\t\t<div class=\"elementor-widget-wrap\">\n\t\t\t\t\t\t<div class=\"elementor-element elementor-element-6e730e4 elementor-widget elementor-widget-heading\" data-id=\"6e730e4\" data-element_type=\"widget\" data-widget_type=\"heading.default\">\n\t\t\t\t<div class=\"elementor-widget-container\">\n\t\t\t<h2 class=\"elementor-heading-title elementor-size-default\">Wymiary i odchy\u0142ki monta\u017cowe:<\/h2>\t\t<\/div>\n\t\t\t\t<\/div>\n\t\t\t\t<div class=\"elementor-element elementor-element-1163140 elementor-widget elementor-widget-image\" data-id=\"1163140\" data-element_type=\"widget\" data-widget_type=\"image.default\">\n\t\t\t\t<div class=\"elementor-widget-container\">\n\t\t\t\t\t\t\t\t<div class=\"elementor-image\">\n\t\t\t\t\t\t\t\t\t\t\t\t<img decoding=\"async\" width=\"1024\" height=\"485\" src=\"http:\/\/o3.com.pl\/wp-content\/uploads\/2019\/12\/montaz-1024x485.png\" class=\"attachment-large size-large wp-image-273\" alt=\"\" loading=\"lazy\" srcset=\"http:\/\/o3.com.pl\/wp-content\/uploads\/2019\/12\/montaz-1024x485.png 1024w, http:\/\/o3.com.pl\/wp-content\/uploads\/2019\/12\/montaz-300x142.png 300w, http:\/\/o3.com.pl\/wp-content\/uploads\/2019\/12\/montaz-768x364.png 768w, http:\/\/o3.com.pl\/wp-content\/uploads\/2019\/12\/montaz.png 1242w\" sizes=\"(max-width: 1024px) 100vw, 1024px\" \/>\t\t\t\t\t\t\t\t\t\t\t\t\t\t<\/div>\n\t\t\t\t\t\t<\/div>\n\t\t\t\t<\/div>\n\t\t\t\t\t\t<\/div>\n\t\t\t\t\t<\/div>\n\t\t<\/div>\n\t\t\t\t\t\t\t\t<\/div>\n\t\t\t\t\t<\/div>\n\t\t<\/section>\n\t\t\t\t<section class=\"elementor-section elementor-top-section elementor-element elementor-element-b80cb25 elementor-section-boxed elementor-section-height-default elementor-section-height-default\" data-id=\"b80cb25\" data-element_type=\"section\">\n\t\t\t\t\t\t<div class=\"elementor-container elementor-column-gap-default\">\n\t\t\t\t\t\t\t<div class=\"elementor-row\">\n\t\t\t\t\t<div class=\"elementor-column elementor-col-100 elementor-top-column elementor-element elementor-element-c75f0cd\" data-id=\"c75f0cd\" data-element_type=\"column\">\n\t\t\t<div class=\"elementor-column-wrap elementor-element-populated\">\n\t\t\t\t\t\t\t<div class=\"elementor-widget-wrap\">\n\t\t\t\t\t\t<div class=\"elementor-element elementor-element-637dcf6 elementor-position-left elementor-view-default elementor-mobile-position-top elementor-vertical-align-top elementor-widget elementor-widget-icon-box\" data-id=\"637dcf6\" data-element_type=\"widget\" data-widget_type=\"icon-box.default\">\n\t\t\t\t<div class=\"elementor-widget-container\">\n\t\t\t\t\t<div class=\"elementor-icon-box-wrapper\">\n\t\t\t\t\t\t<div class=\"elementor-icon-box-icon\">\n\t\t\t\t<a class=\"elementor-icon elementor-animation-\" href=\"http:\/\/o3.com.pl\/wp-content\/uploads\/2020\/06\/Czujnik-magnetyczny-inkrementalny-MSI50_v1-1.pdf\">\n\t\t\t\t<i aria-hidden=\"true\" class=\"fas fa-file-download\"><\/i>\t\t\t\t<\/a>\n\t\t\t<\/div>\n\t\t\t\t\t\t<div class=\"elementor-icon-box-content\">\n\t\t\t\t<h3 class=\"elementor-icon-box-title\">\n\t\t\t\t\t<a href=\"http:\/\/o3.com.pl\/wp-content\/uploads\/2020\/06\/Czujnik-magnetyczny-inkrementalny-MSI50_v1-1.pdf\" >\n\t\t\t\t\t\tkarta katalogowa MSI-50\t\t\t\t\t<\/a>\n\t\t\t\t<\/h3>\n\t\t\t\t\t\t\t<\/div>\n\t\t<\/div>\n\t\t\t\t<\/div>\n\t\t\t\t<\/div>\n\t\t\t\t\t\t<\/div>\n\t\t\t\t\t<\/div>\n\t\t<\/div>\n\t\t\t\t\t\t\t\t<\/div>\n\t\t\t\t\t<\/div>\n\t\t<\/section>\n\t\t\t\t<section class=\"elementor-section elementor-top-section elementor-element elementor-element-467e5a2 elementor-section-boxed elementor-section-height-default elementor-section-height-default\" data-id=\"467e5a2\" data-element_type=\"section\">\n\t\t\t\t\t\t<div class=\"elementor-container elementor-column-gap-default\">\n\t\t\t\t\t\t\t<div class=\"elementor-row\">\n\t\t\t\t\t<div class=\"elementor-column elementor-col-100 elementor-top-column elementor-element elementor-element-08b1fc5\" data-id=\"08b1fc5\" data-element_type=\"column\">\n\t\t\t<div class=\"elementor-column-wrap elementor-element-populated\">\n\t\t\t\t\t\t\t<div class=\"elementor-widget-wrap\">\n\t\t\t\t\t\t<div class=\"elementor-element elementor-element-aa9ec73 elementor-widget elementor-widget-spacer\" data-id=\"aa9ec73\" data-element_type=\"widget\" data-widget_type=\"spacer.default\">\n\t\t\t\t<div class=\"elementor-widget-container\">\n\t\t\t\t\t<div class=\"elementor-spacer\">\n\t\t\t<div class=\"elementor-spacer-inner\"><\/div>\n\t\t<\/div>\n\t\t\t\t<\/div>\n\t\t\t\t<\/div>\n\t\t\t\t\t\t<\/div>\n\t\t\t\t\t<\/div>\n\t\t<\/div>\n\t\t\t\t\t\t\t\t<\/div>\n\t\t\t\t\t<\/div>\n\t\t<\/section>\n\t\t\t\t\t\t\t\t\t<\/div>\n\t\t\t<\/div>\n\t\t\t\t\t<\/div>\n\t\t","protected":false},"excerpt":{"rendered":"<p>CZUJNIK MAGNETYCZNY INKREMENTALNY MSI 50 Bezpo\u015bredni pomiar przesuni\u0119cia liniowego , k\u0105ta obrotu , pr\u0119dko\u015bci obrotowej Pomiar bezdotykowy , \u017cadnych zu\u017cywaj\u0105cych si\u0119 element\u00f3w Rozdzielczo\u015b\u0107 max 5 um D\u0142ugo\u015b\u0107 pomiaru do 30 mb. Odleg\u0142o\u015b\u0107 czujnika od ta\u015bmy do 2 mm Niewra\u017cliwy na brud , py\u0142 , wod\u0119 IP67 Wysoka odporno\u015b\u0107 na wstrz\u0105sy , wibracje , ci\u015bnienie Obudowa [&hellip;]<\/p>\n","protected":false},"author":1,"featured_media":0,"parent":0,"menu_order":0,"comment_status":"closed","ping_status":"closed","template":"","meta":[],"_links":{"self":[{"href":"http:\/\/o3.com.pl\/index.php?rest_route=\/wp\/v2\/pages\/311"}],"collection":[{"href":"http:\/\/o3.com.pl\/index.php?rest_route=\/wp\/v2\/pages"}],"about":[{"href":"http:\/\/o3.com.pl\/index.php?rest_route=\/wp\/v2\/types\/page"}],"author":[{"embeddable":true,"href":"http:\/\/o3.com.pl\/index.php?rest_route=\/wp\/v2\/users\/1"}],"replies":[{"embeddable":true,"href":"http:\/\/o3.com.pl\/index.php?rest_route=%2Fwp%2Fv2%2Fcomments&post=311"}],"version-history":[{"count":8,"href":"http:\/\/o3.com.pl\/index.php?rest_route=\/wp\/v2\/pages\/311\/revisions"}],"predecessor-version":[{"id":539,"href":"http:\/\/o3.com.pl\/index.php?rest_route=\/wp\/v2\/pages\/311\/revisions\/539"}],"wp:attachment":[{"href":"http:\/\/o3.com.pl\/index.php?rest_route=%2Fwp%2Fv2%2Fmedia&parent=311"}],"curies":[{"name":"wp","href":"https:\/\/api.w.org\/{rel}","templated":true}]}}