{"id":503,"date":"2020-06-05T12:02:20","date_gmt":"2020-06-05T11:02:20","guid":{"rendered":"http:\/\/o3.com.pl\/?page_id=503"},"modified":"2020-06-15T09:57:16","modified_gmt":"2020-06-15T08:57:16","slug":"msi21","status":"publish","type":"page","link":"http:\/\/o3.com.pl\/?page_id=503","title":{"rendered":"MSI21"},"content":{"rendered":"\t\t<div data-elementor-type=\"wp-page\" data-elementor-id=\"503\" class=\"elementor elementor-503\">\n\t\t\t\t\t\t<div class=\"elementor-inner\">\n\t\t\t\t<div class=\"elementor-section-wrap\">\n\t\t\t\t\t\t\t\t\t<section class=\"elementor-section elementor-top-section elementor-element elementor-element-b47894a elementor-section-boxed elementor-section-height-default elementor-section-height-default\" data-id=\"b47894a\" data-element_type=\"section\">\n\t\t\t\t\t\t<div class=\"elementor-container elementor-column-gap-default\">\n\t\t\t\t\t\t\t<div class=\"elementor-row\">\n\t\t\t\t\t<div class=\"elementor-column elementor-col-100 elementor-top-column elementor-element elementor-element-909af29\" data-id=\"909af29\" data-element_type=\"column\">\n\t\t\t<div class=\"elementor-column-wrap elementor-element-populated\">\n\t\t\t\t\t\t\t<div class=\"elementor-widget-wrap\">\n\t\t\t\t\t\t<div class=\"elementor-element elementor-element-75e946b elementor-widget elementor-widget-spacer\" data-id=\"75e946b\" data-element_type=\"widget\" data-widget_type=\"spacer.default\">\n\t\t\t\t<div class=\"elementor-widget-container\">\n\t\t\t\t\t<div class=\"elementor-spacer\">\n\t\t\t<div class=\"elementor-spacer-inner\"><\/div>\n\t\t<\/div>\n\t\t\t\t<\/div>\n\t\t\t\t<\/div>\n\t\t\t\t\t\t<\/div>\n\t\t\t\t\t<\/div>\n\t\t<\/div>\n\t\t\t\t\t\t\t\t<\/div>\n\t\t\t\t\t<\/div>\n\t\t<\/section>\n\t\t\t\t<section class=\"elementor-section elementor-top-section elementor-element elementor-element-28474ee elementor-section-boxed elementor-section-height-default elementor-section-height-default\" data-id=\"28474ee\" data-element_type=\"section\">\n\t\t\t\t\t\t<div class=\"elementor-container elementor-column-gap-default\">\n\t\t\t\t\t\t\t<div class=\"elementor-row\">\n\t\t\t\t\t<div class=\"elementor-column elementor-col-50 elementor-top-column elementor-element elementor-element-214d718\" data-id=\"214d718\" data-element_type=\"column\" data-settings=\"{&quot;background_background&quot;:&quot;classic&quot;}\">\n\t\t\t<div class=\"elementor-column-wrap elementor-element-populated\">\n\t\t\t\t\t\t\t<div class=\"elementor-widget-wrap\">\n\t\t\t\t\t\t<div class=\"elementor-element elementor-element-80203b8 elementor-widget elementor-widget-heading\" data-id=\"80203b8\" data-element_type=\"widget\" data-widget_type=\"heading.default\">\n\t\t\t\t<div class=\"elementor-widget-container\">\n\t\t\t<h2 class=\"elementor-heading-title elementor-size-default\">CZUJNIK MAGNETYCZNY INKREMENTALNY MSI 21<\/h2>\t\t<\/div>\n\t\t\t\t<\/div>\n\t\t\t\t<div class=\"elementor-element elementor-element-9bbf959 elementor-widget elementor-widget-text-editor\" data-id=\"9bbf959\" data-element_type=\"widget\" data-widget_type=\"text-editor.default\">\n\t\t\t\t<div class=\"elementor-widget-container\">\n\t\t\t\t\t\t\t\t<div class=\"elementor-text-editor elementor-clearfix\">\n\t\t\t\t<ul><li>Bezpo\u015bredni pomiar przesuni\u0119cia liniowego , k\u0105ta obrotu , pr\u0119dko\u015bci obrotowej<\/li><li>Pomiar bezdotykowy , \u017cadnych zu\u017cywaj\u0105cych si\u0119 element\u00f3w<\/li><li>Rozdzielczo\u015b\u0107 max 1 um<\/li><li>Szeroki zakres napi\u0119cia zasilaj\u0105cego 4-30 V DC<\/li><li>D\u0142ugo\u015b\u0107 pomiaru do 20 mb.<\/li><li>Odleg\u0142o\u015b\u0107 czujnika od ta\u015bmy do 1mm<\/li><li>Niewra\u017cliwy na brud , py\u0142 , wod\u0119 IP67<\/li><li>Wysoka odporno\u015b\u0107 na wstrz\u0105sy , wibracje , ci\u015bnienie<\/li><li>Obudowa z anodowanego aluminium<\/li><li>Poliuretanowe zgarniacze wi\u00f3r\u00f3w z ta\u015bmy<\/li><li>Opcjonalnie kabel w peszlu metalowym<\/li><li>Dioda Led sygnalizuj\u0105ca niew\u0142a\u015bciwy poziom sygna\u0142u<\/li><li>Monta\u017c na 2 \u015bruby M3<\/li><\/ul>\t\t\t\t\t<\/div>\n\t\t\t\t\t\t<\/div>\n\t\t\t\t<\/div>\n\t\t\t\t\t\t<\/div>\n\t\t\t\t\t<\/div>\n\t\t<\/div>\n\t\t\t\t<div class=\"elementor-column elementor-col-50 elementor-top-column elementor-element elementor-element-d48402d\" data-id=\"d48402d\" data-element_type=\"column\">\n\t\t\t<div class=\"elementor-column-wrap elementor-element-populated\">\n\t\t\t\t\t\t\t<div class=\"elementor-widget-wrap\">\n\t\t\t\t\t\t<div class=\"elementor-element elementor-element-7f2d5cd elementor-widget elementor-widget-image\" data-id=\"7f2d5cd\" data-element_type=\"widget\" data-widget_type=\"image.default\">\n\t\t\t\t<div class=\"elementor-widget-container\">\n\t\t\t\t\t\t\t\t<div class=\"elementor-image\">\n\t\t\t\t\t\t\t\t\t\t\t\t\t<a href=\"http:\/\/o3.com.pl\/wp-content\/uploads\/2020\/06\/msi21_1.jpg\" data-elementor-open-lightbox=\"yes\" data-elementor-lightbox-title=\"OLYMPUS DIGITAL CAMERA\" data-e-action-hash=\"#elementor-action%3Aaction%3Dlightbox%26settings%3DeyJpZCI6NTMzLCJ1cmwiOiJodHRwOlwvXC9vMy5jb20ucGxcL3dwLWNvbnRlbnRcL3VwbG9hZHNcLzIwMjBcLzA2XC9tc2kyMV8xLmpwZyJ9\">\n\t\t\t\t\t\t\t<img decoding=\"async\" width=\"1024\" height=\"616\" src=\"http:\/\/o3.com.pl\/wp-content\/uploads\/2020\/06\/msi21_1-1024x616.jpg\" class=\"attachment-large size-large wp-image-533\" alt=\"\" loading=\"lazy\" srcset=\"http:\/\/o3.com.pl\/wp-content\/uploads\/2020\/06\/msi21_1-1024x616.jpg 1024w, http:\/\/o3.com.pl\/wp-content\/uploads\/2020\/06\/msi21_1-300x181.jpg 300w, http:\/\/o3.com.pl\/wp-content\/uploads\/2020\/06\/msi21_1-768x462.jpg 768w, http:\/\/o3.com.pl\/wp-content\/uploads\/2020\/06\/msi21_1-1536x924.jpg 1536w, http:\/\/o3.com.pl\/wp-content\/uploads\/2020\/06\/msi21_1.jpg 1770w\" sizes=\"(max-width: 1024px) 100vw, 1024px\" \/>\t\t\t\t\t\t\t\t<\/a>\n\t\t\t\t\t\t\t\t\t\t\t\t\t\t<\/div>\n\t\t\t\t\t\t<\/div>\n\t\t\t\t<\/div>\n\t\t\t\t\t\t<\/div>\n\t\t\t\t\t<\/div>\n\t\t<\/div>\n\t\t\t\t\t\t\t\t<\/div>\n\t\t\t\t\t<\/div>\n\t\t<\/section>\n\t\t\t\t<section class=\"elementor-section elementor-top-section elementor-element elementor-element-b440dac elementor-section-boxed elementor-section-height-default elementor-section-height-default\" data-id=\"b440dac\" data-element_type=\"section\">\n\t\t\t\t\t\t<div class=\"elementor-container elementor-column-gap-default\">\n\t\t\t\t\t\t\t<div class=\"elementor-row\">\n\t\t\t\t\t<div class=\"elementor-column elementor-col-100 elementor-top-column elementor-element elementor-element-7980cab\" data-id=\"7980cab\" data-element_type=\"column\">\n\t\t\t<div class=\"elementor-column-wrap elementor-element-populated\">\n\t\t\t\t\t\t\t<div class=\"elementor-widget-wrap\">\n\t\t\t\t\t\t<div class=\"elementor-element elementor-element-630fecf elementor-widget elementor-widget-text-editor\" data-id=\"630fecf\" data-element_type=\"widget\" data-widget_type=\"text-editor.default\">\n\t\t\t\t<div class=\"elementor-widget-container\">\n\t\t\t\t\t\t\t\t<div class=\"elementor-text-editor elementor-clearfix\">\n\t\t\t\t<p>\u00a0\u00a0\u00a0 Czujnik magnetyczny MSI-21 wraz z ta\u015bm\u0105 MT20 lub k\u00f3\u0142kiem magnetycznym tworzy inkrementalny system pomiarowy przeznaczony do bezpo\u015bredniego pomiaru przemieszczenia liniowego , obrotu , pr\u0119dko\u015bci obrotowej . Pomiar jest bezdotykowy nie posiada r\u00f3wnie\u017c \u017cadnych zu\u017cywaj\u0105cych si\u0119 element\u00f3w (\u0142o\u017cyska , uszczelnienia itp.). Sensor mo\u017ce by\u0107 zamontowany w odleg\u0142o\u015bci do 1 mm od ta\u015bmy lub k\u00f3\u0142ka. Jest ca\u0142kowicie niewra\u017cliwy na brud , py\u0142 , wod\u0119 , olej. Na wyj\u015bciu dost\u0119pny jest sygna\u0142 kwadraturowy , 2 kana\u0142y przesuni\u0119te w fazie o 90 stopni.<\/p><p>\u00a0\u00a0\u00a0 Enkodery magnetyczne s\u0105 doskona\u0142ym\u00a0 rozwi\u0105zaniem w trudnych, ci\u0119\u017ckich warunkach, w tym w obr\u00f3bce drewna, kamienia, obr\u00f3bce metali, przemy\u015ble tekstylnym, drukowaniu, pakowaniu, przetw\u00f3rstwie tworzyw sztucznych, systemach automatyzacji i monta\u017cu, ci\u0119ciu laserowym \u00a0\/ wodnym, sprz\u0119cie do monta\u017cu elektronicznego itp.<\/p>\t\t\t\t\t<\/div>\n\t\t\t\t\t\t<\/div>\n\t\t\t\t<\/div>\n\t\t\t\t\t\t<\/div>\n\t\t\t\t\t<\/div>\n\t\t<\/div>\n\t\t\t\t\t\t\t\t<\/div>\n\t\t\t\t\t<\/div>\n\t\t<\/section>\n\t\t\t\t<section class=\"elementor-section elementor-top-section elementor-element elementor-element-f6d7391 elementor-section-boxed elementor-section-height-default elementor-section-height-default\" data-id=\"f6d7391\" data-element_type=\"section\">\n\t\t\t\t\t\t<div class=\"elementor-container elementor-column-gap-default\">\n\t\t\t\t\t\t\t<div class=\"elementor-row\">\n\t\t\t\t\t<div class=\"elementor-column elementor-col-50 elementor-top-column elementor-element elementor-element-b3a361c\" data-id=\"b3a361c\" data-element_type=\"column\">\n\t\t\t<div class=\"elementor-column-wrap elementor-element-populated\">\n\t\t\t\t\t\t\t<div class=\"elementor-widget-wrap\">\n\t\t\t\t\t\t<div class=\"elementor-element elementor-element-4b0c87c elementor-widget elementor-widget-heading\" data-id=\"4b0c87c\" data-element_type=\"widget\" data-widget_type=\"heading.default\">\n\t\t\t\t<div class=\"elementor-widget-container\">\n\t\t\t<h2 class=\"elementor-heading-title elementor-size-default\">Dane techniczne:<\/h2>\t\t<\/div>\n\t\t\t\t<\/div>\n\t\t\t\t<div class=\"elementor-element elementor-element-a37de9f elementor-widget elementor-widget-image\" data-id=\"a37de9f\" data-element_type=\"widget\" data-widget_type=\"image.default\">\n\t\t\t\t<div class=\"elementor-widget-container\">\n\t\t\t\t\t\t\t\t<div class=\"elementor-image\">\n\t\t\t\t\t\t\t\t\t\t\t\t<img decoding=\"async\" width=\"1024\" height=\"593\" src=\"http:\/\/o3.com.pl\/wp-content\/uploads\/2020\/06\/tabela_MSI21-1024x593.jpg\" class=\"attachment-large size-large wp-image-493\" alt=\"\" loading=\"lazy\" srcset=\"http:\/\/o3.com.pl\/wp-content\/uploads\/2020\/06\/tabela_MSI21-1024x593.jpg 1024w, http:\/\/o3.com.pl\/wp-content\/uploads\/2020\/06\/tabela_MSI21-300x174.jpg 300w, http:\/\/o3.com.pl\/wp-content\/uploads\/2020\/06\/tabela_MSI21-768x445.jpg 768w, http:\/\/o3.com.pl\/wp-content\/uploads\/2020\/06\/tabela_MSI21.jpg 1156w\" sizes=\"(max-width: 1024px) 100vw, 1024px\" \/>\t\t\t\t\t\t\t\t\t\t\t\t\t\t<\/div>\n\t\t\t\t\t\t<\/div>\n\t\t\t\t<\/div>\n\t\t\t\t\t\t<\/div>\n\t\t\t\t\t<\/div>\n\t\t<\/div>\n\t\t\t\t<div class=\"elementor-column elementor-col-50 elementor-top-column elementor-element elementor-element-36f9b2e\" data-id=\"36f9b2e\" data-element_type=\"column\">\n\t\t\t<div class=\"elementor-column-wrap elementor-element-populated\">\n\t\t\t\t\t\t\t<div class=\"elementor-widget-wrap\">\n\t\t\t\t\t\t<div class=\"elementor-element elementor-element-934a500 elementor-widget elementor-widget-image\" data-id=\"934a500\" data-element_type=\"widget\" data-widget_type=\"image.default\">\n\t\t\t\t<div class=\"elementor-widget-container\">\n\t\t\t\t\t\t\t\t<div class=\"elementor-image\">\n\t\t\t\t\t\t\t\t\t\t\t\t<img decoding=\"async\" width=\"271\" height=\"300\" src=\"http:\/\/o3.com.pl\/wp-content\/uploads\/2019\/12\/kwadraturowy_800x600-271x300.jpg\" class=\"attachment-medium size-medium wp-image-383\" alt=\"\" loading=\"lazy\" srcset=\"http:\/\/o3.com.pl\/wp-content\/uploads\/2019\/12\/kwadraturowy_800x600-271x300.jpg 271w, http:\/\/o3.com.pl\/wp-content\/uploads\/2019\/12\/kwadraturowy_800x600-768x849.jpg 768w, http:\/\/o3.com.pl\/wp-content\/uploads\/2019\/12\/kwadraturowy_800x600.jpg 800w\" sizes=\"(max-width: 271px) 100vw, 271px\" \/>\t\t\t\t\t\t\t\t\t\t\t\t\t\t<\/div>\n\t\t\t\t\t\t<\/div>\n\t\t\t\t<\/div>\n\t\t\t\t\t\t<\/div>\n\t\t\t\t\t<\/div>\n\t\t<\/div>\n\t\t\t\t\t\t\t\t<\/div>\n\t\t\t\t\t<\/div>\n\t\t<\/section>\n\t\t\t\t<section class=\"elementor-section elementor-top-section elementor-element elementor-element-3b059fc elementor-section-boxed elementor-section-height-default elementor-section-height-default\" data-id=\"3b059fc\" data-element_type=\"section\">\n\t\t\t\t\t\t<div class=\"elementor-container elementor-column-gap-default\">\n\t\t\t\t\t\t\t<div class=\"elementor-row\">\n\t\t\t\t\t<div class=\"elementor-column elementor-col-100 elementor-top-column elementor-element elementor-element-74e13fb\" data-id=\"74e13fb\" data-element_type=\"column\">\n\t\t\t<div class=\"elementor-column-wrap elementor-element-populated\">\n\t\t\t\t\t\t\t<div class=\"elementor-widget-wrap\">\n\t\t\t\t\t\t<div class=\"elementor-element elementor-element-15cc052 elementor-widget elementor-widget-heading\" data-id=\"15cc052\" data-element_type=\"widget\" data-widget_type=\"heading.default\">\n\t\t\t\t<div class=\"elementor-widget-container\">\n\t\t\t<h2 class=\"elementor-heading-title elementor-size-default\">Zamawianie:<\/h2>\t\t<\/div>\n\t\t\t\t<\/div>\n\t\t\t\t<div class=\"elementor-element elementor-element-be91ab6 elementor-widget elementor-widget-text-editor\" data-id=\"be91ab6\" data-element_type=\"widget\" data-widget_type=\"text-editor.default\">\n\t\t\t\t<div class=\"elementor-widget-container\">\n\t\t\t\t\t\t\t\t<div class=\"elementor-text-editor elementor-clearfix\">\n\t\t\t\t<p><strong>MSI-21 <\/strong>&#8211; A &#8211; B &#8211; C<\/p><p>A &#8211; rozdzielczo\u015b\u0107 w um (1 , 2 , 4 , 5 , 10 standard , 25 , 50)<\/p><p>B &#8211; zgarniacze (1 &#8211; ze zgarniaczami; \u00a00 &#8211; bez zgarniaczy)<\/p><p>C &#8211; peszel metalowy (1 &#8211; z peszlem;\u00a0 0 &#8211; bez peszla)<\/p><p><em>Przyk\u0142ad:<\/em><\/p><p><strong>MSI-21<\/strong> &#8211; 10 &#8211; 0 &#8211; 0 \u00a0oznacza czujnik o rozdzielczo\u015bci 10 um (0,01mm) bez zgarniaczy i bez peszla metalowego<\/p>\t\t\t\t\t<\/div>\n\t\t\t\t\t\t<\/div>\n\t\t\t\t<\/div>\n\t\t\t\t\t\t<\/div>\n\t\t\t\t\t<\/div>\n\t\t<\/div>\n\t\t\t\t\t\t\t\t<\/div>\n\t\t\t\t\t<\/div>\n\t\t<\/section>\n\t\t\t\t<section class=\"elementor-section elementor-top-section elementor-element elementor-element-e33ba44 elementor-section-boxed elementor-section-height-default elementor-section-height-default\" data-id=\"e33ba44\" data-element_type=\"section\">\n\t\t\t\t\t\t<div class=\"elementor-container elementor-column-gap-default\">\n\t\t\t\t\t\t\t<div class=\"elementor-row\">\n\t\t\t\t\t<div class=\"elementor-column elementor-col-100 elementor-top-column elementor-element elementor-element-f17269a\" data-id=\"f17269a\" data-element_type=\"column\">\n\t\t\t<div class=\"elementor-column-wrap elementor-element-populated\">\n\t\t\t\t\t\t\t<div class=\"elementor-widget-wrap\">\n\t\t\t\t\t\t<div class=\"elementor-element elementor-element-ec0e267 elementor-widget elementor-widget-heading\" data-id=\"ec0e267\" data-element_type=\"widget\" data-widget_type=\"heading.default\">\n\t\t\t\t<div class=\"elementor-widget-container\">\n\t\t\t<h2 class=\"elementor-heading-title elementor-size-default\">Wykres b\u0142\u0119du interpolacji czujnika w okresie<\/h2>\t\t<\/div>\n\t\t\t\t<\/div>\n\t\t\t\t<div class=\"elementor-element elementor-element-03b0c5f elementor-widget elementor-widget-text-editor\" data-id=\"03b0c5f\" data-element_type=\"widget\" data-widget_type=\"text-editor.default\">\n\t\t\t\t<div class=\"elementor-widget-container\">\n\t\t\t\t\t\t\t\t<div class=\"elementor-text-editor elementor-clearfix\">\n\t\t\t\t<p class=\"elementor-heading-title elementor-size-default\"><em>Odcinek 20 mm (10 biegun\u00f3w 2mm). Pomiar co 0,04 mm (500 punkt\u00f3w).<\/em><\/p>\t\t\t\t\t<\/div>\n\t\t\t\t\t\t<\/div>\n\t\t\t\t<\/div>\n\t\t\t\t<div class=\"elementor-element elementor-element-d34a655 elementor-widget elementor-widget-image\" data-id=\"d34a655\" data-element_type=\"widget\" data-widget_type=\"image.default\">\n\t\t\t\t<div class=\"elementor-widget-container\">\n\t\t\t\t\t\t\t\t<div class=\"elementor-image\">\n\t\t\t\t\t\t\t\t\t\t\t\t<img decoding=\"async\" width=\"1024\" height=\"457\" src=\"http:\/\/o3.com.pl\/wp-content\/uploads\/2020\/01\/20mm_4.-1024x457.jpg\" class=\"attachment-large size-large wp-image-405\" alt=\"\" loading=\"lazy\" srcset=\"http:\/\/o3.com.pl\/wp-content\/uploads\/2020\/01\/20mm_4.-1024x457.jpg 1024w, http:\/\/o3.com.pl\/wp-content\/uploads\/2020\/01\/20mm_4.-300x134.jpg 300w, http:\/\/o3.com.pl\/wp-content\/uploads\/2020\/01\/20mm_4.-768x343.jpg 768w, http:\/\/o3.com.pl\/wp-content\/uploads\/2020\/01\/20mm_4.-1536x686.jpg 1536w, http:\/\/o3.com.pl\/wp-content\/uploads\/2020\/01\/20mm_4.-2048x915.jpg 2048w\" sizes=\"(max-width: 1024px) 100vw, 1024px\" \/>\t\t\t\t\t\t\t\t\t\t\t\t\t\t<\/div>\n\t\t\t\t\t\t<\/div>\n\t\t\t\t<\/div>\n\t\t\t\t\t\t<\/div>\n\t\t\t\t\t<\/div>\n\t\t<\/div>\n\t\t\t\t\t\t\t\t<\/div>\n\t\t\t\t\t<\/div>\n\t\t<\/section>\n\t\t\t\t<section class=\"elementor-section elementor-top-section elementor-element elementor-element-254a014 elementor-section-boxed elementor-section-height-default elementor-section-height-default\" data-id=\"254a014\" data-element_type=\"section\">\n\t\t\t\t\t\t<div class=\"elementor-container elementor-column-gap-default\">\n\t\t\t\t\t\t\t<div class=\"elementor-row\">\n\t\t\t\t\t<div class=\"elementor-column elementor-col-100 elementor-top-column elementor-element elementor-element-37cf644\" data-id=\"37cf644\" data-element_type=\"column\">\n\t\t\t<div class=\"elementor-column-wrap elementor-element-populated\">\n\t\t\t\t\t\t\t<div class=\"elementor-widget-wrap\">\n\t\t\t\t\t\t<div class=\"elementor-element elementor-element-6df6130 elementor-widget elementor-widget-heading\" data-id=\"6df6130\" data-element_type=\"widget\" data-widget_type=\"heading.default\">\n\t\t\t\t<div class=\"elementor-widget-container\">\n\t\t\t<h2 class=\"elementor-heading-title elementor-size-default\">Wymiary i odchy\u0142ki monta\u017cowe:<\/h2>\t\t<\/div>\n\t\t\t\t<\/div>\n\t\t\t\t<div class=\"elementor-element elementor-element-0d4f3bb elementor-widget elementor-widget-image\" data-id=\"0d4f3bb\" data-element_type=\"widget\" data-widget_type=\"image.default\">\n\t\t\t\t<div class=\"elementor-widget-container\">\n\t\t\t\t\t\t\t\t<div class=\"elementor-image\">\n\t\t\t\t\t\t\t\t\t\t\t\t<img decoding=\"async\" width=\"1024\" height=\"545\" src=\"http:\/\/o3.com.pl\/wp-content\/uploads\/2020\/06\/czujnik_msi21_wymiary-1024x545.jpg\" class=\"attachment-large size-large wp-image-542\" alt=\"\" loading=\"lazy\" srcset=\"http:\/\/o3.com.pl\/wp-content\/uploads\/2020\/06\/czujnik_msi21_wymiary-1024x545.jpg 1024w, http:\/\/o3.com.pl\/wp-content\/uploads\/2020\/06\/czujnik_msi21_wymiary-300x160.jpg 300w, http:\/\/o3.com.pl\/wp-content\/uploads\/2020\/06\/czujnik_msi21_wymiary-768x408.jpg 768w, http:\/\/o3.com.pl\/wp-content\/uploads\/2020\/06\/czujnik_msi21_wymiary-1536x817.jpg 1536w, http:\/\/o3.com.pl\/wp-content\/uploads\/2020\/06\/czujnik_msi21_wymiary-2048x1089.jpg 2048w\" sizes=\"(max-width: 1024px) 100vw, 1024px\" \/>\t\t\t\t\t\t\t\t\t\t\t\t\t\t<\/div>\n\t\t\t\t\t\t<\/div>\n\t\t\t\t<\/div>\n\t\t\t\t\t\t<\/div>\n\t\t\t\t\t<\/div>\n\t\t<\/div>\n\t\t\t\t\t\t\t\t<\/div>\n\t\t\t\t\t<\/div>\n\t\t<\/section>\n\t\t\t\t<section class=\"elementor-section elementor-top-section elementor-element elementor-element-012cd32 elementor-section-boxed elementor-section-height-default elementor-section-height-default\" data-id=\"012cd32\" data-element_type=\"section\">\n\t\t\t\t\t\t<div class=\"elementor-container elementor-column-gap-default\">\n\t\t\t\t\t\t\t<div class=\"elementor-row\">\n\t\t\t\t\t<div class=\"elementor-column elementor-col-100 elementor-top-column elementor-element elementor-element-560b1f0\" data-id=\"560b1f0\" data-element_type=\"column\">\n\t\t\t<div class=\"elementor-column-wrap elementor-element-populated\">\n\t\t\t\t\t\t\t<div class=\"elementor-widget-wrap\">\n\t\t\t\t\t\t<div class=\"elementor-element elementor-element-ef8bd48 elementor-position-left elementor-view-default elementor-mobile-position-top elementor-vertical-align-top elementor-widget elementor-widget-icon-box\" data-id=\"ef8bd48\" data-element_type=\"widget\" data-widget_type=\"icon-box.default\">\n\t\t\t\t<div class=\"elementor-widget-container\">\n\t\t\t\t\t<div class=\"elementor-icon-box-wrapper\">\n\t\t\t\t\t\t<div class=\"elementor-icon-box-icon\">\n\t\t\t\t<a class=\"elementor-icon elementor-animation-grow\" href=\"http:\/\/o3.com.pl\/wp-content\/uploads\/2020\/06\/Czujnik-magnetyczny-inkrementalny-MSI21_v1-1.pdf\">\n\t\t\t\t<i aria-hidden=\"true\" class=\"fas fa-download\"><\/i>\t\t\t\t<\/a>\n\t\t\t<\/div>\n\t\t\t\t\t\t<div class=\"elementor-icon-box-content\">\n\t\t\t\t<h3 class=\"elementor-icon-box-title\">\n\t\t\t\t\t<a href=\"http:\/\/o3.com.pl\/wp-content\/uploads\/2020\/06\/Czujnik-magnetyczny-inkrementalny-MSI21_v1-1.pdf\" >\n\t\t\t\t\t\tkarta katalogowa MSI-21\t\t\t\t\t<\/a>\n\t\t\t\t<\/h3>\n\t\t\t\t\t\t\t<\/div>\n\t\t<\/div>\n\t\t\t\t<\/div>\n\t\t\t\t<\/div>\n\t\t\t\t\t\t<\/div>\n\t\t\t\t\t<\/div>\n\t\t<\/div>\n\t\t\t\t\t\t\t\t<\/div>\n\t\t\t\t\t<\/div>\n\t\t<\/section>\n\t\t\t\t\t\t\t\t\t<\/div>\n\t\t\t<\/div>\n\t\t\t\t\t<\/div>\n\t\t","protected":false},"excerpt":{"rendered":"<p>CZUJNIK MAGNETYCZNY INKREMENTALNY MSI 21 Bezpo\u015bredni pomiar przesuni\u0119cia liniowego , k\u0105ta obrotu , pr\u0119dko\u015bci obrotowej Pomiar bezdotykowy , \u017cadnych zu\u017cywaj\u0105cych si\u0119 element\u00f3w Rozdzielczo\u015b\u0107 max 1 um Szeroki zakres napi\u0119cia zasilaj\u0105cego 4-30 V DC D\u0142ugo\u015b\u0107 pomiaru do 20 mb. Odleg\u0142o\u015b\u0107 czujnika od ta\u015bmy do 1mm Niewra\u017cliwy na brud , py\u0142 , wod\u0119 IP67 Wysoka odporno\u015b\u0107 na [&hellip;]<\/p>\n","protected":false},"author":1,"featured_media":0,"parent":0,"menu_order":0,"comment_status":"closed","ping_status":"closed","template":"","meta":[],"_links":{"self":[{"href":"http:\/\/o3.com.pl\/index.php?rest_route=\/wp\/v2\/pages\/503"}],"collection":[{"href":"http:\/\/o3.com.pl\/index.php?rest_route=\/wp\/v2\/pages"}],"about":[{"href":"http:\/\/o3.com.pl\/index.php?rest_route=\/wp\/v2\/types\/page"}],"author":[{"embeddable":true,"href":"http:\/\/o3.com.pl\/index.php?rest_route=\/wp\/v2\/users\/1"}],"replies":[{"embeddable":true,"href":"http:\/\/o3.com.pl\/index.php?rest_route=%2Fwp%2Fv2%2Fcomments&post=503"}],"version-history":[{"count":6,"href":"http:\/\/o3.com.pl\/index.php?rest_route=\/wp\/v2\/pages\/503\/revisions"}],"predecessor-version":[{"id":570,"href":"http:\/\/o3.com.pl\/index.php?rest_route=\/wp\/v2\/pages\/503\/revisions\/570"}],"wp:attachment":[{"href":"http:\/\/o3.com.pl\/index.php?rest_route=%2Fwp%2Fv2%2Fmedia&parent=503"}],"curies":[{"name":"wp","href":"https:\/\/api.w.org\/{rel}","templated":true}]}}