{"id":506,"date":"2020-06-05T13:28:54","date_gmt":"2020-06-05T12:28:54","guid":{"rendered":"http:\/\/o3.com.pl\/?page_id=506"},"modified":"2023-06-27T08:29:01","modified_gmt":"2023-06-27T07:29:01","slug":"msi51","status":"publish","type":"page","link":"http:\/\/o3.com.pl\/?page_id=506","title":{"rendered":"MSI51"},"content":{"rendered":"\t\t<div data-elementor-type=\"wp-page\" data-elementor-id=\"506\" class=\"elementor elementor-506\">\n\t\t\t\t\t\t<div class=\"elementor-inner\">\n\t\t\t\t<div class=\"elementor-section-wrap\">\n\t\t\t\t\t\t\t\t\t<section class=\"elementor-section elementor-top-section elementor-element elementor-element-72ed7fe elementor-section-boxed elementor-section-height-default elementor-section-height-default\" data-id=\"72ed7fe\" data-element_type=\"section\">\n\t\t\t\t\t\t<div class=\"elementor-container elementor-column-gap-default\">\n\t\t\t\t\t\t\t<div class=\"elementor-row\">\n\t\t\t\t\t<div class=\"elementor-column elementor-col-50 elementor-top-column elementor-element elementor-element-d81ee65\" data-id=\"d81ee65\" data-element_type=\"column\" data-settings=\"{&quot;background_background&quot;:&quot;classic&quot;}\">\n\t\t\t<div class=\"elementor-column-wrap elementor-element-populated\">\n\t\t\t\t\t\t\t<div class=\"elementor-widget-wrap\">\n\t\t\t\t\t\t<div class=\"elementor-element elementor-element-602e14b elementor-widget elementor-widget-heading\" data-id=\"602e14b\" data-element_type=\"widget\" data-widget_type=\"heading.default\">\n\t\t\t\t<div class=\"elementor-widget-container\">\n\t\t\t<h2 class=\"elementor-heading-title elementor-size-default\">CZUJNIK MAGNETYCZNY INKREMENTALNY MSI 51<\/h2>\t\t<\/div>\n\t\t\t\t<\/div>\n\t\t\t\t<div class=\"elementor-element elementor-element-d7a166a elementor-widget elementor-widget-text-editor\" data-id=\"d7a166a\" data-element_type=\"widget\" data-widget_type=\"text-editor.default\">\n\t\t\t\t<div class=\"elementor-widget-container\">\n\t\t\t\t\t\t\t\t<div class=\"elementor-text-editor elementor-clearfix\">\n\t\t\t\t<ul><li>Bezpo\u015bredni pomiar przesuni\u0119cia liniowego , k\u0105ta obrotu , pr\u0119dko\u015bci obrotowej<\/li><li>Pomiar bezdotykowy , \u017cadnych zu\u017cywaj\u0105cych si\u0119 element\u00f3w<\/li><li>Rozdzielczo\u015b\u0107 max 5 um<\/li><li>Szeroki zakres napi\u0119cia zasilaj\u0105cego 4-30 V DC<\/li><li>D\u0142ugo\u015b\u0107 pomiaru do 20 mb.<\/li><li>Odleg\u0142o\u015b\u0107 czujnika od ta\u015bmy do 1mm<\/li><li>Niewra\u017cliwy na brud , py\u0142 , wod\u0119 IP67<\/li><li>Wysoka odporno\u015b\u0107 na wstrz\u0105sy , wibracje , ci\u015bnienie<\/li><li>Obudowa z anodowanego aluminium<\/li><li>Poliuretanowe zgarniacze wi\u00f3r\u00f3w z ta\u015bmy<\/li><li>Opcjonalnie kabel w peszlu metalowym<\/li><li>Dioda Led sygnalizuj\u0105ca niew\u0142a\u015bciwy poziom sygna\u0142u<\/li><li>Monta\u017c na 2 \u015bruby M3<\/li><\/ul>\t\t\t\t\t<\/div>\n\t\t\t\t\t\t<\/div>\n\t\t\t\t<\/div>\n\t\t\t\t\t\t<\/div>\n\t\t\t\t\t<\/div>\n\t\t<\/div>\n\t\t\t\t<div class=\"elementor-column elementor-col-50 elementor-top-column elementor-element elementor-element-d82205b\" data-id=\"d82205b\" data-element_type=\"column\">\n\t\t\t<div class=\"elementor-column-wrap elementor-element-populated\">\n\t\t\t\t\t\t\t<div class=\"elementor-widget-wrap\">\n\t\t\t\t\t\t<div class=\"elementor-element elementor-element-2f5b063 elementor-widget elementor-widget-image\" data-id=\"2f5b063\" data-element_type=\"widget\" data-widget_type=\"image.default\">\n\t\t\t\t<div class=\"elementor-widget-container\">\n\t\t\t\t\t\t\t\t<div class=\"elementor-image\">\n\t\t\t\t\t\t\t\t\t\t\t\t\t<a href=\"http:\/\/o3.com.pl\/wp-content\/uploads\/2020\/06\/MSI51.jpg\" data-elementor-open-lightbox=\"yes\" data-elementor-lightbox-title=\"OLYMPUS DIGITAL CAMERA\" data-e-action-hash=\"#elementor-action%3Aaction%3Dlightbox%26settings%3DeyJpZCI6NTI0LCJ1cmwiOiJodHRwOlwvXC9vMy5jb20ucGxcL3dwLWNvbnRlbnRcL3VwbG9hZHNcLzIwMjBcLzA2XC9NU0k1MS5qcGcifQ%3D%3D\">\n\t\t\t\t\t\t\t<img decoding=\"async\" width=\"1024\" height=\"576\" src=\"http:\/\/o3.com.pl\/wp-content\/uploads\/2020\/06\/MSI51-1024x576.jpg\" class=\"attachment-large size-large wp-image-524\" alt=\"\" loading=\"lazy\" srcset=\"http:\/\/o3.com.pl\/wp-content\/uploads\/2020\/06\/MSI51-1024x576.jpg 1024w, http:\/\/o3.com.pl\/wp-content\/uploads\/2020\/06\/MSI51-300x169.jpg 300w, http:\/\/o3.com.pl\/wp-content\/uploads\/2020\/06\/MSI51-768x432.jpg 768w, http:\/\/o3.com.pl\/wp-content\/uploads\/2020\/06\/MSI51-1536x864.jpg 1536w, http:\/\/o3.com.pl\/wp-content\/uploads\/2020\/06\/MSI51.jpg 2000w\" sizes=\"(max-width: 1024px) 100vw, 1024px\" \/>\t\t\t\t\t\t\t\t<\/a>\n\t\t\t\t\t\t\t\t\t\t\t\t\t\t<\/div>\n\t\t\t\t\t\t<\/div>\n\t\t\t\t<\/div>\n\t\t\t\t\t\t<\/div>\n\t\t\t\t\t<\/div>\n\t\t<\/div>\n\t\t\t\t\t\t\t\t<\/div>\n\t\t\t\t\t<\/div>\n\t\t<\/section>\n\t\t\t\t<section class=\"elementor-section elementor-top-section elementor-element elementor-element-3e20aab elementor-section-boxed elementor-section-height-default elementor-section-height-default\" data-id=\"3e20aab\" data-element_type=\"section\">\n\t\t\t\t\t\t<div class=\"elementor-container elementor-column-gap-default\">\n\t\t\t\t\t\t\t<div class=\"elementor-row\">\n\t\t\t\t\t<div class=\"elementor-column elementor-col-100 elementor-top-column elementor-element elementor-element-8aeee9d\" data-id=\"8aeee9d\" data-element_type=\"column\">\n\t\t\t<div class=\"elementor-column-wrap elementor-element-populated\">\n\t\t\t\t\t\t\t<div class=\"elementor-widget-wrap\">\n\t\t\t\t\t\t<div class=\"elementor-element elementor-element-f2aab22 elementor-widget elementor-widget-text-editor\" data-id=\"f2aab22\" data-element_type=\"widget\" data-widget_type=\"text-editor.default\">\n\t\t\t\t<div class=\"elementor-widget-container\">\n\t\t\t\t\t\t\t\t<div class=\"elementor-text-editor elementor-clearfix\">\n\t\t\t\t<p>\u00a0\u00a0\u00a0 Czujnik magnetyczny MSI-51 wraz z ta\u015bm\u0105 MT50 lub k\u00f3\u0142kiem magnetycznym tworzy inkrementalny system pomiarowy przeznaczony do bezpo\u015bredniego pomiaru przemieszczenia liniowego , obrotu , pr\u0119dko\u015bci obrotowej . Pomiar jest bezdotykowy nie posiada r\u00f3wnie\u017c \u017cadnych zu\u017cywaj\u0105cych si\u0119 element\u00f3w (\u0142o\u017cyska , uszczelnienia itp.). Sensor mo\u017ce by\u0107 zamontowany w odleg\u0142o\u015bci do 1 mm od ta\u015bmy lub k\u00f3\u0142ka. Jest ca\u0142kowicie niewra\u017cliwy na brud , py\u0142 , wod\u0119 , olej. Na wyj\u015bciu dost\u0119pny jest sygna\u0142 kwadraturowy , 2 kana\u0142y przesuni\u0119te w fazie o 90 stopni.<\/p><p>\u00a0\u00a0\u00a0 Enkodery magnetyczne s\u0105 doskona\u0142ym\u00a0 rozwi\u0105zaniem w trudnych, ci\u0119\u017ckich warunkach, w tym w obr\u00f3bce drewna, kamienia, obr\u00f3bce metali, przemy\u015ble tekstylnym, drukowaniu, pakowaniu, przetw\u00f3rstwie tworzyw sztucznych, systemach automatyzacji i monta\u017cu, ci\u0119ciu laserowym \u00a0\/ wodnym, sprz\u0119cie do monta\u017cu elektronicznego itp.<\/p>\t\t\t\t\t<\/div>\n\t\t\t\t\t\t<\/div>\n\t\t\t\t<\/div>\n\t\t\t\t\t\t<\/div>\n\t\t\t\t\t<\/div>\n\t\t<\/div>\n\t\t\t\t\t\t\t\t<\/div>\n\t\t\t\t\t<\/div>\n\t\t<\/section>\n\t\t\t\t<section class=\"elementor-section elementor-top-section elementor-element elementor-element-5de5188 elementor-section-boxed elementor-section-height-default elementor-section-height-default\" data-id=\"5de5188\" data-element_type=\"section\">\n\t\t\t\t\t\t<div class=\"elementor-container elementor-column-gap-default\">\n\t\t\t\t\t\t\t<div class=\"elementor-row\">\n\t\t\t\t\t<div class=\"elementor-column elementor-col-50 elementor-top-column elementor-element elementor-element-37495ea\" data-id=\"37495ea\" data-element_type=\"column\">\n\t\t\t<div class=\"elementor-column-wrap elementor-element-populated\">\n\t\t\t\t\t\t\t<div class=\"elementor-widget-wrap\">\n\t\t\t\t\t\t<div class=\"elementor-element elementor-element-0778aae elementor-widget elementor-widget-heading\" data-id=\"0778aae\" data-element_type=\"widget\" data-widget_type=\"heading.default\">\n\t\t\t\t<div class=\"elementor-widget-container\">\n\t\t\t<h2 class=\"elementor-heading-title elementor-size-default\">Dane techniczne:<\/h2>\t\t<\/div>\n\t\t\t\t<\/div>\n\t\t\t\t<div class=\"elementor-element elementor-element-2317ace elementor-widget elementor-widget-image\" data-id=\"2317ace\" data-element_type=\"widget\" data-widget_type=\"image.default\">\n\t\t\t\t<div class=\"elementor-widget-container\">\n\t\t\t\t\t\t\t\t<div class=\"elementor-image\">\n\t\t\t\t\t\t\t\t\t\t\t\t<img decoding=\"async\" width=\"1024\" height=\"583\" src=\"http:\/\/o3.com.pl\/wp-content\/uploads\/2020\/06\/tabela_MSI51-1024x583.jpg\" class=\"attachment-large size-large wp-image-552\" alt=\"\" loading=\"lazy\" srcset=\"http:\/\/o3.com.pl\/wp-content\/uploads\/2020\/06\/tabela_MSI51-1024x583.jpg 1024w, http:\/\/o3.com.pl\/wp-content\/uploads\/2020\/06\/tabela_MSI51-300x171.jpg 300w, http:\/\/o3.com.pl\/wp-content\/uploads\/2020\/06\/tabela_MSI51-768x438.jpg 768w, http:\/\/o3.com.pl\/wp-content\/uploads\/2020\/06\/tabela_MSI51.jpg 1118w\" sizes=\"(max-width: 1024px) 100vw, 1024px\" \/>\t\t\t\t\t\t\t\t\t\t\t\t\t\t<\/div>\n\t\t\t\t\t\t<\/div>\n\t\t\t\t<\/div>\n\t\t\t\t\t\t<\/div>\n\t\t\t\t\t<\/div>\n\t\t<\/div>\n\t\t\t\t<div class=\"elementor-column elementor-col-50 elementor-top-column elementor-element elementor-element-63ab9dc\" data-id=\"63ab9dc\" data-element_type=\"column\">\n\t\t\t<div class=\"elementor-column-wrap elementor-element-populated\">\n\t\t\t\t\t\t\t<div class=\"elementor-widget-wrap\">\n\t\t\t\t\t\t<div class=\"elementor-element elementor-element-8987b5f elementor-widget elementor-widget-image\" data-id=\"8987b5f\" data-element_type=\"widget\" data-widget_type=\"image.default\">\n\t\t\t\t<div class=\"elementor-widget-container\">\n\t\t\t\t\t\t\t\t<div class=\"elementor-image\">\n\t\t\t\t\t\t\t\t\t\t\t\t<img decoding=\"async\" width=\"271\" height=\"300\" src=\"http:\/\/o3.com.pl\/wp-content\/uploads\/2019\/12\/kwadraturowy_800x600-271x300.jpg\" class=\"attachment-medium size-medium wp-image-383\" alt=\"\" loading=\"lazy\" srcset=\"http:\/\/o3.com.pl\/wp-content\/uploads\/2019\/12\/kwadraturowy_800x600-271x300.jpg 271w, http:\/\/o3.com.pl\/wp-content\/uploads\/2019\/12\/kwadraturowy_800x600-768x849.jpg 768w, http:\/\/o3.com.pl\/wp-content\/uploads\/2019\/12\/kwadraturowy_800x600.jpg 800w\" sizes=\"(max-width: 271px) 100vw, 271px\" \/>\t\t\t\t\t\t\t\t\t\t\t\t\t\t<\/div>\n\t\t\t\t\t\t<\/div>\n\t\t\t\t<\/div>\n\t\t\t\t\t\t<\/div>\n\t\t\t\t\t<\/div>\n\t\t<\/div>\n\t\t\t\t\t\t\t\t<\/div>\n\t\t\t\t\t<\/div>\n\t\t<\/section>\n\t\t\t\t<section class=\"elementor-section elementor-top-section elementor-element elementor-element-0bbe500 elementor-section-boxed elementor-section-height-default elementor-section-height-default\" data-id=\"0bbe500\" data-element_type=\"section\">\n\t\t\t\t\t\t<div class=\"elementor-container elementor-column-gap-default\">\n\t\t\t\t\t\t\t<div class=\"elementor-row\">\n\t\t\t\t\t<div class=\"elementor-column elementor-col-100 elementor-top-column elementor-element elementor-element-83fc2fb\" data-id=\"83fc2fb\" data-element_type=\"column\">\n\t\t\t<div class=\"elementor-column-wrap elementor-element-populated\">\n\t\t\t\t\t\t\t<div class=\"elementor-widget-wrap\">\n\t\t\t\t\t\t<div class=\"elementor-element elementor-element-609da8b elementor-widget elementor-widget-heading\" data-id=\"609da8b\" data-element_type=\"widget\" data-widget_type=\"heading.default\">\n\t\t\t\t<div class=\"elementor-widget-container\">\n\t\t\t<h2 class=\"elementor-heading-title elementor-size-default\">Zamawianie:<\/h2>\t\t<\/div>\n\t\t\t\t<\/div>\n\t\t\t\t<div class=\"elementor-element elementor-element-bf041f4 elementor-widget elementor-widget-text-editor\" data-id=\"bf041f4\" data-element_type=\"widget\" data-widget_type=\"text-editor.default\">\n\t\t\t\t<div class=\"elementor-widget-container\">\n\t\t\t\t\t\t\t\t<div class=\"elementor-text-editor elementor-clearfix\">\n\t\t\t\t<p><strong>MSI-51 <\/strong>&#8211; A &#8211; B &#8211; C<\/p><p>A &#8211; rozdzielczo\u015b\u0107 w um (1 , 2 , 4 , 5 , 10 standard , 25 , 50)<\/p><p>B &#8211; zgarniacze (1 &#8211; ze zgarniaczami; \u00a00 &#8211; bez zgarniaczy)<\/p><p>C &#8211; peszel metalowy (1 &#8211; z peszlem;\u00a0 0 &#8211; bez peszla)<\/p><p><strong>MSI-51<\/strong> &#8211; 10 &#8211; 0 &#8211; 0 \u00a0oznacza czujnik o rozdzielczo\u015bci 10 um (0,01mm) bez zgarniaczy i bez peszla metalowego<\/p>\t\t\t\t\t<\/div>\n\t\t\t\t\t\t<\/div>\n\t\t\t\t<\/div>\n\t\t\t\t\t\t<\/div>\n\t\t\t\t\t<\/div>\n\t\t<\/div>\n\t\t\t\t\t\t\t\t<\/div>\n\t\t\t\t\t<\/div>\n\t\t<\/section>\n\t\t\t\t<section class=\"elementor-section elementor-top-section elementor-element elementor-element-a458514 elementor-section-boxed elementor-section-height-default elementor-section-height-default\" data-id=\"a458514\" data-element_type=\"section\">\n\t\t\t\t\t\t<div class=\"elementor-container elementor-column-gap-default\">\n\t\t\t\t\t\t\t<div class=\"elementor-row\">\n\t\t\t\t\t<div class=\"elementor-column elementor-col-100 elementor-top-column elementor-element elementor-element-89d5b21\" data-id=\"89d5b21\" data-element_type=\"column\">\n\t\t\t<div class=\"elementor-column-wrap elementor-element-populated\">\n\t\t\t\t\t\t\t<div class=\"elementor-widget-wrap\">\n\t\t\t\t\t\t<div class=\"elementor-element elementor-element-3e3612d elementor-widget elementor-widget-heading\" data-id=\"3e3612d\" data-element_type=\"widget\" data-widget_type=\"heading.default\">\n\t\t\t\t<div class=\"elementor-widget-container\">\n\t\t\t<h2 class=\"elementor-heading-title elementor-size-default\">Wymiary i odchy\u0142ki monta\u017cowe:<\/h2>\t\t<\/div>\n\t\t\t\t<\/div>\n\t\t\t\t<div class=\"elementor-element elementor-element-24c6da9 elementor-widget elementor-widget-image\" data-id=\"24c6da9\" data-element_type=\"widget\" data-widget_type=\"image.default\">\n\t\t\t\t<div class=\"elementor-widget-container\">\n\t\t\t\t\t\t\t\t<div class=\"elementor-image\">\n\t\t\t\t\t\t\t\t\t\t\t\t<img decoding=\"async\" width=\"1024\" height=\"545\" src=\"http:\/\/o3.com.pl\/wp-content\/uploads\/2020\/06\/czujnik_msi21_wymiary-1024x545.jpg\" class=\"attachment-large size-large wp-image-542\" alt=\"\" loading=\"lazy\" srcset=\"http:\/\/o3.com.pl\/wp-content\/uploads\/2020\/06\/czujnik_msi21_wymiary-1024x545.jpg 1024w, http:\/\/o3.com.pl\/wp-content\/uploads\/2020\/06\/czujnik_msi21_wymiary-300x160.jpg 300w, http:\/\/o3.com.pl\/wp-content\/uploads\/2020\/06\/czujnik_msi21_wymiary-768x408.jpg 768w, http:\/\/o3.com.pl\/wp-content\/uploads\/2020\/06\/czujnik_msi21_wymiary-1536x817.jpg 1536w, http:\/\/o3.com.pl\/wp-content\/uploads\/2020\/06\/czujnik_msi21_wymiary-2048x1089.jpg 2048w\" sizes=\"(max-width: 1024px) 100vw, 1024px\" \/>\t\t\t\t\t\t\t\t\t\t\t\t\t\t<\/div>\n\t\t\t\t\t\t<\/div>\n\t\t\t\t<\/div>\n\t\t\t\t\t\t<\/div>\n\t\t\t\t\t<\/div>\n\t\t<\/div>\n\t\t\t\t\t\t\t\t<\/div>\n\t\t\t\t\t<\/div>\n\t\t<\/section>\n\t\t\t\t<section class=\"elementor-section elementor-top-section elementor-element elementor-element-9e27828 elementor-section-boxed elementor-section-height-default elementor-section-height-default\" data-id=\"9e27828\" data-element_type=\"section\">\n\t\t\t\t\t\t<div class=\"elementor-container elementor-column-gap-default\">\n\t\t\t\t\t\t\t<div class=\"elementor-row\">\n\t\t\t\t\t<div class=\"elementor-column elementor-col-100 elementor-top-column elementor-element elementor-element-eaaf576\" data-id=\"eaaf576\" data-element_type=\"column\">\n\t\t\t<div class=\"elementor-column-wrap elementor-element-populated\">\n\t\t\t\t\t\t\t<div class=\"elementor-widget-wrap\">\n\t\t\t\t\t\t<div class=\"elementor-element elementor-element-90ce942 elementor-position-left elementor-view-default elementor-mobile-position-top elementor-vertical-align-top elementor-widget elementor-widget-icon-box\" data-id=\"90ce942\" data-element_type=\"widget\" data-widget_type=\"icon-box.default\">\n\t\t\t\t<div class=\"elementor-widget-container\">\n\t\t\t\t\t<div class=\"elementor-icon-box-wrapper\">\n\t\t\t\t\t\t<div class=\"elementor-icon-box-icon\">\n\t\t\t\t<a class=\"elementor-icon elementor-animation-grow\" href=\"http:\/\/o3.com.pl\/wp-content\/uploads\/2020\/06\/Czujnik-magnetyczny-inkrementalny-MSI51_v1.pdf\">\n\t\t\t\t<i aria-hidden=\"true\" class=\"fas fa-download\"><\/i>\t\t\t\t<\/a>\n\t\t\t<\/div>\n\t\t\t\t\t\t<div class=\"elementor-icon-box-content\">\n\t\t\t\t<h3 class=\"elementor-icon-box-title\">\n\t\t\t\t\t<a href=\"http:\/\/o3.com.pl\/wp-content\/uploads\/2020\/06\/Czujnik-magnetyczny-inkrementalny-MSI51_v1.pdf\" >\n\t\t\t\t\t\tkarta katalogowa MSI-51\t\t\t\t\t<\/a>\n\t\t\t\t<\/h3>\n\t\t\t\t\t\t\t<\/div>\n\t\t<\/div>\n\t\t\t\t<\/div>\n\t\t\t\t<\/div>\n\t\t\t\t\t\t<\/div>\n\t\t\t\t\t<\/div>\n\t\t<\/div>\n\t\t\t\t\t\t\t\t<\/div>\n\t\t\t\t\t<\/div>\n\t\t<\/section>\n\t\t\t\t\t\t\t\t\t<\/div>\n\t\t\t<\/div>\n\t\t\t\t\t<\/div>\n\t\t","protected":false},"excerpt":{"rendered":"<p>CZUJNIK MAGNETYCZNY INKREMENTALNY MSI 51 Bezpo\u015bredni pomiar przesuni\u0119cia liniowego , k\u0105ta obrotu , pr\u0119dko\u015bci obrotowej Pomiar bezdotykowy , \u017cadnych zu\u017cywaj\u0105cych si\u0119 element\u00f3w Rozdzielczo\u015b\u0107 max 5 um Szeroki zakres napi\u0119cia zasilaj\u0105cego 4-30 V DC D\u0142ugo\u015b\u0107 pomiaru do 20 mb. Odleg\u0142o\u015b\u0107 czujnika od ta\u015bmy do 1mm Niewra\u017cliwy na brud , py\u0142 , wod\u0119 IP67 Wysoka odporno\u015b\u0107 na [&hellip;]<\/p>\n","protected":false},"author":1,"featured_media":0,"parent":0,"menu_order":0,"comment_status":"closed","ping_status":"closed","template":"","meta":[],"_links":{"self":[{"href":"http:\/\/o3.com.pl\/index.php?rest_route=\/wp\/v2\/pages\/506"}],"collection":[{"href":"http:\/\/o3.com.pl\/index.php?rest_route=\/wp\/v2\/pages"}],"about":[{"href":"http:\/\/o3.com.pl\/index.php?rest_route=\/wp\/v2\/types\/page"}],"author":[{"embeddable":true,"href":"http:\/\/o3.com.pl\/index.php?rest_route=\/wp\/v2\/users\/1"}],"replies":[{"embeddable":true,"href":"http:\/\/o3.com.pl\/index.php?rest_route=%2Fwp%2Fv2%2Fcomments&post=506"}],"version-history":[{"count":3,"href":"http:\/\/o3.com.pl\/index.php?rest_route=\/wp\/v2\/pages\/506\/revisions"}],"predecessor-version":[{"id":584,"href":"http:\/\/o3.com.pl\/index.php?rest_route=\/wp\/v2\/pages\/506\/revisions\/584"}],"wp:attachment":[{"href":"http:\/\/o3.com.pl\/index.php?rest_route=%2Fwp%2Fv2%2Fmedia&parent=506"}],"curies":[{"name":"wp","href":"https:\/\/api.w.org\/{rel}","templated":true}]}}