{"id":112,"date":"2019-11-11T17:48:03","date_gmt":"2019-11-11T16:48:03","guid":{"rendered":"http:\/\/o3.com.pl\/?page_id=112"},"modified":"2023-07-18T10:21:43","modified_gmt":"2023-07-18T09:21:43","slug":"czujnik","status":"publish","type":"page","link":"https:\/\/o3.com.pl\/?page_id=112","title":{"rendered":"Enkodery Liniowe"},"content":{"rendered":"\t\t<div data-elementor-type=\"wp-page\" data-elementor-id=\"112\" class=\"elementor elementor-112\">\n\t\t\t\t\t\t<div class=\"elementor-inner\">\n\t\t\t\t<div class=\"elementor-section-wrap\">\n\t\t\t\t\t\t\t\t\t<section class=\"elementor-section elementor-top-section elementor-element elementor-element-96cc8fa elementor-section-boxed elementor-section-height-default elementor-section-height-default\" data-id=\"96cc8fa\" data-element_type=\"section\">\n\t\t\t\t\t\t<div class=\"elementor-container elementor-column-gap-default\">\n\t\t\t\t\t\t\t<div class=\"elementor-row\">\n\t\t\t\t\t<div class=\"elementor-column elementor-col-100 elementor-top-column elementor-element elementor-element-92c1578\" data-id=\"92c1578\" data-element_type=\"column\">\n\t\t\t<div class=\"elementor-column-wrap elementor-element-populated\">\n\t\t\t\t\t\t\t<div class=\"elementor-widget-wrap\">\n\t\t\t\t\t\t<div class=\"elementor-element elementor-element-c103cbd elementor-widget elementor-widget-spacer\" data-id=\"c103cbd\" data-element_type=\"widget\" data-widget_type=\"spacer.default\">\n\t\t\t\t<div class=\"elementor-widget-container\">\n\t\t\t\t\t<div class=\"elementor-spacer\">\n\t\t\t<div class=\"elementor-spacer-inner\"><\/div>\n\t\t<\/div>\n\t\t\t\t<\/div>\n\t\t\t\t<\/div>\n\t\t\t\t\t\t<\/div>\n\t\t\t\t\t<\/div>\n\t\t<\/div>\n\t\t\t\t\t\t\t\t<\/div>\n\t\t\t\t\t<\/div>\n\t\t<\/section>\n\t\t\t\t<section class=\"elementor-section elementor-top-section elementor-element elementor-element-97ecf15 elementor-section-boxed elementor-section-height-default elementor-section-height-default\" data-id=\"97ecf15\" data-element_type=\"section\">\n\t\t\t\t\t\t<div class=\"elementor-container elementor-column-gap-default\">\n\t\t\t\t\t\t\t<div class=\"elementor-row\">\n\t\t\t\t\t<div class=\"elementor-column elementor-col-100 elementor-top-column elementor-element elementor-element-58be074\" data-id=\"58be074\" data-element_type=\"column\">\n\t\t\t<div class=\"elementor-column-wrap elementor-element-populated\">\n\t\t\t\t\t\t\t<div class=\"elementor-widget-wrap\">\n\t\t\t\t\t\t<div class=\"elementor-element elementor-element-d0f8251 elementor-widget elementor-widget-heading\" data-id=\"d0f8251\" data-element_type=\"widget\" data-widget_type=\"heading.default\">\n\t\t\t\t<div class=\"elementor-widget-container\">\n\t\t\t<h2 class=\"elementor-heading-title elementor-size-default\">ENKODERY LINIOWE INKREMENTALNE<\/h2>\t\t<\/div>\n\t\t\t\t<\/div>\n\t\t\t\t\t\t<\/div>\n\t\t\t\t\t<\/div>\n\t\t<\/div>\n\t\t\t\t\t\t\t\t<\/div>\n\t\t\t\t\t<\/div>\n\t\t<\/section>\n\t\t\t\t<section class=\"elementor-section elementor-top-section elementor-element elementor-element-015623d elementor-section-boxed elementor-section-height-default elementor-section-height-default\" data-id=\"015623d\" data-element_type=\"section\">\n\t\t\t\t\t\t<div class=\"elementor-container elementor-column-gap-default\">\n\t\t\t\t\t\t\t<div class=\"elementor-row\">\n\t\t\t\t\t<div class=\"elementor-column elementor-col-100 elementor-top-column elementor-element elementor-element-aae259d\" data-id=\"aae259d\" data-element_type=\"column\">\n\t\t\t<div class=\"elementor-column-wrap elementor-element-populated\">\n\t\t\t\t\t\t\t<div class=\"elementor-widget-wrap\">\n\t\t\t\t\t\t<div class=\"elementor-element elementor-element-f39cfec elementor-widget elementor-widget-spacer\" data-id=\"f39cfec\" data-element_type=\"widget\" data-widget_type=\"spacer.default\">\n\t\t\t\t<div class=\"elementor-widget-container\">\n\t\t\t\t\t<div class=\"elementor-spacer\">\n\t\t\t<div class=\"elementor-spacer-inner\"><\/div>\n\t\t<\/div>\n\t\t\t\t<\/div>\n\t\t\t\t<\/div>\n\t\t\t\t\t\t<\/div>\n\t\t\t\t\t<\/div>\n\t\t<\/div>\n\t\t\t\t\t\t\t\t<\/div>\n\t\t\t\t\t<\/div>\n\t\t<\/section>\n\t\t\t\t<section class=\"elementor-section elementor-top-section elementor-element elementor-element-c796634 elementor-section-boxed elementor-section-height-default elementor-section-height-default\" data-id=\"c796634\" data-element_type=\"section\">\n\t\t\t\t\t\t<div class=\"elementor-container elementor-column-gap-default\">\n\t\t\t\t\t\t\t<div class=\"elementor-row\">\n\t\t\t\t\t<div class=\"elementor-column elementor-col-50 elementor-top-column elementor-element elementor-element-58e4f1c\" data-id=\"58e4f1c\" data-element_type=\"column\">\n\t\t\t<div class=\"elementor-column-wrap elementor-element-populated\">\n\t\t\t\t\t\t\t<div class=\"elementor-widget-wrap\">\n\t\t\t\t\t\t<div class=\"elementor-element elementor-element-e01e5ec elementor-widget elementor-widget-heading\" data-id=\"e01e5ec\" data-element_type=\"widget\" data-widget_type=\"heading.default\">\n\t\t\t\t<div class=\"elementor-widget-container\">\n\t\t\t<h2 class=\"elementor-heading-title elementor-size-default\"><a href=\"http:\/\/o3.com.pl\/?page_id=503\">MSI-21<\/a><\/h2>\t\t<\/div>\n\t\t\t\t<\/div>\n\t\t\t\t<div class=\"elementor-element elementor-element-636eaa8 elementor-widget elementor-widget-image\" data-id=\"636eaa8\" data-element_type=\"widget\" data-widget_type=\"image.default\">\n\t\t\t\t<div class=\"elementor-widget-container\">\n\t\t\t\t\t\t\t\t<div class=\"elementor-image\">\n\t\t\t\t\t\t\t\t\t\t\t\t\t<a href=\"http:\/\/o3.com.pl\/?page_id=503\">\n\t\t\t\t\t\t\t<img decoding=\"async\" width=\"1024\" height=\"616\" src=\"https:\/\/o3.com.pl\/wp-content\/uploads\/2020\/06\/msi21_1-1024x616.jpg\" class=\"elementor-animation-shrink attachment-large size-large wp-image-533\" alt=\"\" loading=\"lazy\" srcset=\"https:\/\/o3.com.pl\/wp-content\/uploads\/2020\/06\/msi21_1-1024x616.jpg 1024w, https:\/\/o3.com.pl\/wp-content\/uploads\/2020\/06\/msi21_1-300x181.jpg 300w, https:\/\/o3.com.pl\/wp-content\/uploads\/2020\/06\/msi21_1-768x462.jpg 768w, https:\/\/o3.com.pl\/wp-content\/uploads\/2020\/06\/msi21_1-1536x924.jpg 1536w, https:\/\/o3.com.pl\/wp-content\/uploads\/2020\/06\/msi21_1.jpg 1770w\" sizes=\"(max-width: 1024px) 100vw, 1024px\" \/>\t\t\t\t\t\t\t\t<\/a>\n\t\t\t\t\t\t\t\t\t\t\t\t\t\t<\/div>\n\t\t\t\t\t\t<\/div>\n\t\t\t\t<\/div>\n\t\t\t\t<div class=\"elementor-element elementor-element-e7f8dcb elementor-align-center elementor-widget elementor-widget-button\" data-id=\"e7f8dcb\" data-element_type=\"widget\" data-widget_type=\"button.default\">\n\t\t\t\t<div class=\"elementor-widget-container\">\n\t\t\t\t\t<div class=\"elementor-button-wrapper\">\n\t\t\t<a class=\"elementor-button elementor-button-link elementor-size-sm elementor-animation-grow\" href=\"http:\/\/o3.com.pl\/?page_id=503\">\n\t\t\t\t\t\t<span class=\"elementor-button-content-wrapper\">\n\t\t\t\t\t\t<span class=\"elementor-button-text\">wi\u0119cej<\/span>\n\t\t<\/span>\n\t\t\t\t\t<\/a>\n\t\t<\/div>\n\t\t\t\t<\/div>\n\t\t\t\t<\/div>\n\t\t\t\t<div class=\"elementor-element elementor-element-3d7ea22 elementor-widget elementor-widget-heading\" data-id=\"3d7ea22\" data-element_type=\"widget\" data-widget_type=\"heading.default\">\n\t\t\t\t<div class=\"elementor-widget-container\">\n\t\t\t<h2 class=\"elementor-heading-title elementor-size-default\">Wybrane cechy:<\/h2>\t\t<\/div>\n\t\t\t\t<\/div>\n\t\t\t\t<div class=\"elementor-element elementor-element-7aad023 elementor-widget elementor-widget-text-editor\" data-id=\"7aad023\" data-element_type=\"widget\" data-widget_type=\"text-editor.default\">\n\t\t\t\t<div class=\"elementor-widget-container\">\n\t\t\t\t\t\t\t\t<div class=\"elementor-text-editor elementor-clearfix\">\n\t\t\t\t<p><strong>precyzyjny, zasilanie 4-30 V DC<br \/><\/strong><\/p><p>do ta\u015bmy o szeroko\u015bci biegun\u00f3w 2 mm<\/p><p>rozdzielczo\u015b\u0107 do 1 um<\/p><p>4-30V DC<\/p><p>IP67<\/p>\t\t\t\t\t<\/div>\n\t\t\t\t\t\t<\/div>\n\t\t\t\t<\/div>\n\t\t\t\t\t\t<\/div>\n\t\t\t\t\t<\/div>\n\t\t<\/div>\n\t\t\t\t<div class=\"elementor-column elementor-col-50 elementor-top-column elementor-element elementor-element-24ef701\" data-id=\"24ef701\" data-element_type=\"column\">\n\t\t\t<div class=\"elementor-column-wrap elementor-element-populated\">\n\t\t\t\t\t\t\t<div class=\"elementor-widget-wrap\">\n\t\t\t\t\t\t<div class=\"elementor-element elementor-element-c32ee0c elementor-widget elementor-widget-heading\" data-id=\"c32ee0c\" data-element_type=\"widget\" data-widget_type=\"heading.default\">\n\t\t\t\t<div class=\"elementor-widget-container\">\n\t\t\t<h2 class=\"elementor-heading-title elementor-size-default\"><a href=\"http:\/\/o3.com.pl\/?page_id=506\">MSI-51<\/a><\/h2>\t\t<\/div>\n\t\t\t\t<\/div>\n\t\t\t\t<div class=\"elementor-element elementor-element-a9c0903 elementor-widget elementor-widget-image\" data-id=\"a9c0903\" data-element_type=\"widget\" data-widget_type=\"image.default\">\n\t\t\t\t<div class=\"elementor-widget-container\">\n\t\t\t\t\t\t\t\t<div class=\"elementor-image\">\n\t\t\t\t\t\t\t\t\t\t\t\t\t<a href=\"http:\/\/o3.com.pl\/?page_id=506\">\n\t\t\t\t\t\t\t<img decoding=\"async\" width=\"1024\" height=\"576\" src=\"https:\/\/o3.com.pl\/wp-content\/uploads\/2020\/06\/MSI51-1024x576.jpg\" class=\"elementor-animation-shrink attachment-large size-large wp-image-524\" alt=\"\" loading=\"lazy\" srcset=\"https:\/\/o3.com.pl\/wp-content\/uploads\/2020\/06\/MSI51-1024x576.jpg 1024w, https:\/\/o3.com.pl\/wp-content\/uploads\/2020\/06\/MSI51-300x169.jpg 300w, https:\/\/o3.com.pl\/wp-content\/uploads\/2020\/06\/MSI51-768x432.jpg 768w, https:\/\/o3.com.pl\/wp-content\/uploads\/2020\/06\/MSI51-1536x864.jpg 1536w, https:\/\/o3.com.pl\/wp-content\/uploads\/2020\/06\/MSI51.jpg 2000w\" sizes=\"(max-width: 1024px) 100vw, 1024px\" \/>\t\t\t\t\t\t\t\t<\/a>\n\t\t\t\t\t\t\t\t\t\t\t\t\t\t<\/div>\n\t\t\t\t\t\t<\/div>\n\t\t\t\t<\/div>\n\t\t\t\t<div class=\"elementor-element elementor-element-47a3ed0 elementor-align-center elementor-widget elementor-widget-button\" data-id=\"47a3ed0\" data-element_type=\"widget\" data-widget_type=\"button.default\">\n\t\t\t\t<div class=\"elementor-widget-container\">\n\t\t\t\t\t<div class=\"elementor-button-wrapper\">\n\t\t\t<a class=\"elementor-button elementor-button-link elementor-size-sm elementor-animation-grow\" href=\"http:\/\/o3.com.pl\/?page_id=506\">\n\t\t\t\t\t\t<span class=\"elementor-button-content-wrapper\">\n\t\t\t\t\t\t<span class=\"elementor-button-text\">wi\u0119cej<\/span>\n\t\t<\/span>\n\t\t\t\t\t<\/a>\n\t\t<\/div>\n\t\t\t\t<\/div>\n\t\t\t\t<\/div>\n\t\t\t\t<div class=\"elementor-element elementor-element-f17376d elementor-widget elementor-widget-heading\" data-id=\"f17376d\" data-element_type=\"widget\" data-widget_type=\"heading.default\">\n\t\t\t\t<div class=\"elementor-widget-container\">\n\t\t\t<h2 class=\"elementor-heading-title elementor-size-default\">Wybrane cechy:<\/h2>\t\t<\/div>\n\t\t\t\t<\/div>\n\t\t\t\t<div class=\"elementor-element elementor-element-287da94 elementor-widget elementor-widget-text-editor\" data-id=\"287da94\" data-element_type=\"widget\" data-widget_type=\"text-editor.default\">\n\t\t\t\t<div class=\"elementor-widget-container\">\n\t\t\t\t\t\t\t\t<div class=\"elementor-text-editor elementor-clearfix\">\n\t\t\t\t<p><strong>odleg\u0142o\u015b\u0107 czujnika od ta\u015bmy\u00a0 do 2 mm<\/strong><\/p><p>do ta\u015bmy o szeroko\u015bci biegun\u00f3w 5 mm<\/p><p>rozdzielczo\u015b\u0107 do 5 um<\/p><p>4-30V DC<\/p><p>IP67<\/p>\t\t\t\t\t<\/div>\n\t\t\t\t\t\t<\/div>\n\t\t\t\t<\/div>\n\t\t\t\t\t\t<\/div>\n\t\t\t\t\t<\/div>\n\t\t<\/div>\n\t\t\t\t\t\t\t\t<\/div>\n\t\t\t\t\t<\/div>\n\t\t<\/section>\n\t\t\t\t<section class=\"elementor-section elementor-top-section elementor-element elementor-element-66e644a elementor-section-boxed elementor-section-height-default elementor-section-height-default\" data-id=\"66e644a\" data-element_type=\"section\">\n\t\t\t\t\t\t<div class=\"elementor-container elementor-column-gap-default\">\n\t\t\t\t\t\t\t<div class=\"elementor-row\">\n\t\t\t\t\t<div class=\"elementor-column elementor-col-33 elementor-top-column elementor-element elementor-element-5bd041c\" data-id=\"5bd041c\" data-element_type=\"column\">\n\t\t\t<div class=\"elementor-column-wrap elementor-element-populated\">\n\t\t\t\t\t\t\t<div class=\"elementor-widget-wrap\">\n\t\t\t\t\t\t<div class=\"elementor-element elementor-element-45393e5 elementor-widget elementor-widget-heading\" data-id=\"45393e5\" data-element_type=\"widget\" data-widget_type=\"heading.default\">\n\t\t\t\t<div class=\"elementor-widget-container\">\n\t\t\t<h2 class=\"elementor-heading-title elementor-size-default\"><a href=\"http:\/\/o3.com.pl\/?page_id=292\">MSI-32<\/a><\/h2>\t\t<\/div>\n\t\t\t\t<\/div>\n\t\t\t\t<div class=\"elementor-element elementor-element-e3d3c53 elementor-widget elementor-widget-image\" data-id=\"e3d3c53\" data-element_type=\"widget\" data-widget_type=\"image.default\">\n\t\t\t\t<div class=\"elementor-widget-container\">\n\t\t\t\t\t\t\t\t<div class=\"elementor-image\">\n\t\t\t\t\t\t\t\t\t\t\t\t\t<a href=\"http:\/\/o3.com.pl\/?page_id=292\">\n\t\t\t\t\t\t\t<img decoding=\"async\" width=\"300\" height=\"225\" src=\"https:\/\/o3.com.pl\/wp-content\/uploads\/2019\/12\/czerwony_640x480-1-300x225.jpg\" class=\"elementor-animation-shrink attachment-medium size-medium wp-image-254\" alt=\"\" loading=\"lazy\" srcset=\"https:\/\/o3.com.pl\/wp-content\/uploads\/2019\/12\/czerwony_640x480-1-300x225.jpg 300w, https:\/\/o3.com.pl\/wp-content\/uploads\/2019\/12\/czerwony_640x480-1.jpg 640w\" sizes=\"(max-width: 300px) 100vw, 300px\" \/>\t\t\t\t\t\t\t\t<\/a>\n\t\t\t\t\t\t\t\t\t\t\t\t\t\t<\/div>\n\t\t\t\t\t\t<\/div>\n\t\t\t\t<\/div>\n\t\t\t\t<div class=\"elementor-element elementor-element-e82aec4 elementor-align-center elementor-widget elementor-widget-button\" data-id=\"e82aec4\" data-element_type=\"widget\" data-widget_type=\"button.default\">\n\t\t\t\t<div class=\"elementor-widget-container\">\n\t\t\t\t\t<div class=\"elementor-button-wrapper\">\n\t\t\t<a class=\"elementor-button elementor-button-link elementor-size-sm elementor-animation-grow\" href=\"http:\/\/o3.com.pl\/?page_id=292\">\n\t\t\t\t\t\t<span class=\"elementor-button-content-wrapper\">\n\t\t\t\t\t\t<span class=\"elementor-button-text\">wi\u0119cej<\/span>\n\t\t<\/span>\n\t\t\t\t\t<\/a>\n\t\t<\/div>\n\t\t\t\t<\/div>\n\t\t\t\t<\/div>\n\t\t\t\t<div class=\"elementor-element elementor-element-d09999c elementor-widget elementor-widget-heading\" data-id=\"d09999c\" data-element_type=\"widget\" data-widget_type=\"heading.default\">\n\t\t\t\t<div class=\"elementor-widget-container\">\n\t\t\t<h2 class=\"elementor-heading-title elementor-size-default\">Wybrane cechy:<\/h2>\t\t<\/div>\n\t\t\t\t<\/div>\n\t\t\t\t<div class=\"elementor-element elementor-element-19e44f6 elementor-widget elementor-widget-text-editor\" data-id=\"19e44f6\" data-element_type=\"widget\" data-widget_type=\"text-editor.default\">\n\t\t\t\t<div class=\"elementor-widget-container\">\n\t\t\t\t\t\t\t\t<div class=\"elementor-text-editor elementor-clearfix\">\n\t\t\t\t<p><strong>ekonomiczny<\/strong><\/p><p>do ta\u015bmy o szeroko\u015bci biegun\u00f3w 3,2 mm<\/p><p>standardowa rozdzielczo\u015b\u0107 0,1 mm<\/p><p>7-30V DC<\/p><p>IP67<\/p>\t\t\t\t\t<\/div>\n\t\t\t\t\t\t<\/div>\n\t\t\t\t<\/div>\n\t\t\t\t\t\t<\/div>\n\t\t\t\t\t<\/div>\n\t\t<\/div>\n\t\t\t\t<div class=\"elementor-column elementor-col-33 elementor-top-column elementor-element elementor-element-fa56fab\" data-id=\"fa56fab\" data-element_type=\"column\">\n\t\t\t<div class=\"elementor-column-wrap elementor-element-populated\">\n\t\t\t\t\t\t\t<div class=\"elementor-widget-wrap\">\n\t\t\t\t\t\t<div class=\"elementor-element elementor-element-9c3f660 elementor-widget elementor-widget-heading\" data-id=\"9c3f660\" data-element_type=\"widget\" data-widget_type=\"heading.default\">\n\t\t\t\t<div class=\"elementor-widget-container\">\n\t\t\t<h2 class=\"elementor-heading-title elementor-size-default\"><a href=\"http:\/\/o3.com.pl\/?page_id=309\">MSI-20<\/a><\/h2>\t\t<\/div>\n\t\t\t\t<\/div>\n\t\t\t\t<div class=\"elementor-element elementor-element-362e38a elementor-widget elementor-widget-image\" data-id=\"362e38a\" data-element_type=\"widget\" data-widget_type=\"image.default\">\n\t\t\t\t<div class=\"elementor-widget-container\">\n\t\t\t\t\t\t\t\t<div class=\"elementor-image\">\n\t\t\t\t\t\t\t\t\t\t\t\t\t<a href=\"http:\/\/o3.com.pl\/?page_id=309\">\n\t\t\t\t\t\t\t<img decoding=\"async\" width=\"300\" height=\"225\" src=\"https:\/\/o3.com.pl\/wp-content\/uploads\/2019\/12\/zloty_640x480-1-300x225.jpg\" class=\"elementor-animation-shrink attachment-medium size-medium wp-image-256\" alt=\"\" loading=\"lazy\" srcset=\"https:\/\/o3.com.pl\/wp-content\/uploads\/2019\/12\/zloty_640x480-1-300x225.jpg 300w, https:\/\/o3.com.pl\/wp-content\/uploads\/2019\/12\/zloty_640x480-1.jpg 640w\" sizes=\"(max-width: 300px) 100vw, 300px\" \/>\t\t\t\t\t\t\t\t<\/a>\n\t\t\t\t\t\t\t\t\t\t\t\t\t\t<\/div>\n\t\t\t\t\t\t<\/div>\n\t\t\t\t<\/div>\n\t\t\t\t<div class=\"elementor-element elementor-element-d9815f7 elementor-align-center elementor-widget elementor-widget-button\" data-id=\"d9815f7\" data-element_type=\"widget\" data-widget_type=\"button.default\">\n\t\t\t\t<div class=\"elementor-widget-container\">\n\t\t\t\t\t<div class=\"elementor-button-wrapper\">\n\t\t\t<a class=\"elementor-button elementor-button-link elementor-size-sm elementor-animation-grow\" href=\"http:\/\/o3.com.pl\/?page_id=309\">\n\t\t\t\t\t\t<span class=\"elementor-button-content-wrapper\">\n\t\t\t\t\t\t<span class=\"elementor-button-text\">wi\u0119cej<\/span>\n\t\t<\/span>\n\t\t\t\t\t<\/a>\n\t\t<\/div>\n\t\t\t\t<\/div>\n\t\t\t\t<\/div>\n\t\t\t\t<div class=\"elementor-element elementor-element-96976b8 elementor-widget elementor-widget-heading\" data-id=\"96976b8\" data-element_type=\"widget\" data-widget_type=\"heading.default\">\n\t\t\t\t<div class=\"elementor-widget-container\">\n\t\t\t<h2 class=\"elementor-heading-title elementor-size-default\">Wybrane cechy:<\/h2>\t\t<\/div>\n\t\t\t\t<\/div>\n\t\t\t\t<div class=\"elementor-element elementor-element-16d59af elementor-widget elementor-widget-text-editor\" data-id=\"16d59af\" data-element_type=\"widget\" data-widget_type=\"text-editor.default\">\n\t\t\t\t<div class=\"elementor-widget-container\">\n\t\t\t\t\t\t\t\t<div class=\"elementor-text-editor elementor-clearfix\">\n\t\t\t\t<p><strong>precyzyjny<br \/><\/strong><\/p><p>do ta\u015bmy o szeroko\u015bci biegun\u00f3w 2 mm<\/p><p>rozdzielczo\u015b\u0107 do 1 um<\/p><p>7-30V DC<\/p><p>IP67<\/p>\t\t\t\t\t<\/div>\n\t\t\t\t\t\t<\/div>\n\t\t\t\t<\/div>\n\t\t\t\t\t\t<\/div>\n\t\t\t\t\t<\/div>\n\t\t<\/div>\n\t\t\t\t<div class=\"elementor-column elementor-col-33 elementor-top-column elementor-element elementor-element-bdbeb66\" data-id=\"bdbeb66\" data-element_type=\"column\">\n\t\t\t<div class=\"elementor-column-wrap elementor-element-populated\">\n\t\t\t\t\t\t\t<div class=\"elementor-widget-wrap\">\n\t\t\t\t\t\t<div class=\"elementor-element elementor-element-7f421e8 elementor-widget elementor-widget-heading\" data-id=\"7f421e8\" data-element_type=\"widget\" data-widget_type=\"heading.default\">\n\t\t\t\t<div class=\"elementor-widget-container\">\n\t\t\t<h2 class=\"elementor-heading-title elementor-size-default\"><a href=\"http:\/\/o3.com.pl\/?page_id=311\">MSI-50<\/a><\/h2>\t\t<\/div>\n\t\t\t\t<\/div>\n\t\t\t\t<div class=\"elementor-element elementor-element-c8307a1 elementor-widget elementor-widget-image\" data-id=\"c8307a1\" data-element_type=\"widget\" data-widget_type=\"image.default\">\n\t\t\t\t<div class=\"elementor-widget-container\">\n\t\t\t\t\t\t\t\t<div class=\"elementor-image\">\n\t\t\t\t\t\t\t\t\t\t\t\t\t<a href=\"http:\/\/o3.com.pl\/?page_id=311\">\n\t\t\t\t\t\t\t<img decoding=\"async\" width=\"300\" height=\"225\" src=\"https:\/\/o3.com.pl\/wp-content\/uploads\/2019\/12\/niebieski_640x480-1-300x225.jpg\" class=\"elementor-animation-shrink attachment-medium size-medium wp-image-255\" alt=\"\" loading=\"lazy\" srcset=\"https:\/\/o3.com.pl\/wp-content\/uploads\/2019\/12\/niebieski_640x480-1-300x225.jpg 300w, https:\/\/o3.com.pl\/wp-content\/uploads\/2019\/12\/niebieski_640x480-1.jpg 640w\" sizes=\"(max-width: 300px) 100vw, 300px\" \/>\t\t\t\t\t\t\t\t<\/a>\n\t\t\t\t\t\t\t\t\t\t\t\t\t\t<\/div>\n\t\t\t\t\t\t<\/div>\n\t\t\t\t<\/div>\n\t\t\t\t<div class=\"elementor-element elementor-element-2d69c9e elementor-align-center elementor-widget elementor-widget-button\" data-id=\"2d69c9e\" data-element_type=\"widget\" data-widget_type=\"button.default\">\n\t\t\t\t<div class=\"elementor-widget-container\">\n\t\t\t\t\t<div class=\"elementor-button-wrapper\">\n\t\t\t<a class=\"elementor-button elementor-button-link elementor-size-sm elementor-animation-grow\" href=\"http:\/\/o3.com.pl\/?page_id=311\">\n\t\t\t\t\t\t<span class=\"elementor-button-content-wrapper\">\n\t\t\t\t\t\t<span class=\"elementor-button-text\">wi\u0119cej<\/span>\n\t\t<\/span>\n\t\t\t\t\t<\/a>\n\t\t<\/div>\n\t\t\t\t<\/div>\n\t\t\t\t<\/div>\n\t\t\t\t<div class=\"elementor-element elementor-element-ecaad06 elementor-widget elementor-widget-heading\" data-id=\"ecaad06\" data-element_type=\"widget\" data-widget_type=\"heading.default\">\n\t\t\t\t<div class=\"elementor-widget-container\">\n\t\t\t<h2 class=\"elementor-heading-title elementor-size-default\">Wybrane cechy:<\/h2>\t\t<\/div>\n\t\t\t\t<\/div>\n\t\t\t\t<div class=\"elementor-element elementor-element-e41dd1a elementor-widget elementor-widget-text-editor\" data-id=\"e41dd1a\" data-element_type=\"widget\" data-widget_type=\"text-editor.default\">\n\t\t\t\t<div class=\"elementor-widget-container\">\n\t\t\t\t\t\t\t\t<div class=\"elementor-text-editor elementor-clearfix\">\n\t\t\t\t<p><strong>odleg\u0142o\u015b\u0107 czujnika od ta\u015bmy\u00a0 do 2 mm<\/strong><\/p><p>do ta\u015bmy o szeroko\u015bci biegun\u00f3w 5 mm<\/p><p>rozdzielczo\u015b\u0107 do 5 um<\/p><p>7-30V DC<\/p><p>IP67<\/p>\t\t\t\t\t<\/div>\n\t\t\t\t\t\t<\/div>\n\t\t\t\t<\/div>\n\t\t\t\t\t\t<\/div>\n\t\t\t\t\t<\/div>\n\t\t<\/div>\n\t\t\t\t\t\t\t\t<\/div>\n\t\t\t\t\t<\/div>\n\t\t<\/section>\n\t\t\t\t\t\t\t\t\t<\/div>\n\t\t\t<\/div>\n\t\t\t\t\t<\/div>\n\t\t","protected":false},"excerpt":{"rendered":"<p>ENKODERY LINIOWE INKREMENTALNE MSI-21 wi\u0119cej Wybrane cechy: precyzyjny, zasilanie 4-30 V DC do ta\u015bmy o szeroko\u015bci biegun\u00f3w 2 mm rozdzielczo\u015b\u0107 do 1 um 4-30V DC IP67 MSI-51 wi\u0119cej Wybrane cechy: odleg\u0142o\u015b\u0107 czujnika od ta\u015bmy&nbsp; do 2 mm do ta\u015bmy o szeroko\u015bci biegun\u00f3w 5 mm rozdzielczo\u015b\u0107 do 5 um 4-30V DC IP67 MSI-32 wi\u0119cej Wybrane cechy: [&hellip;]<\/p>\n","protected":false},"author":1,"featured_media":0,"parent":0,"menu_order":0,"comment_status":"closed","ping_status":"closed","template":"","meta":[],"_links":{"self":[{"href":"https:\/\/o3.com.pl\/index.php?rest_route=\/wp\/v2\/pages\/112"}],"collection":[{"href":"https:\/\/o3.com.pl\/index.php?rest_route=\/wp\/v2\/pages"}],"about":[{"href":"https:\/\/o3.com.pl\/index.php?rest_route=\/wp\/v2\/types\/page"}],"author":[{"embeddable":true,"href":"https:\/\/o3.com.pl\/index.php?rest_route=\/wp\/v2\/users\/1"}],"replies":[{"embeddable":true,"href":"https:\/\/o3.com.pl\/index.php?rest_route=%2Fwp%2Fv2%2Fcomments&post=112"}],"version-history":[{"count":60,"href":"https:\/\/o3.com.pl\/index.php?rest_route=\/wp\/v2\/pages\/112\/revisions"}],"predecessor-version":[{"id":844,"href":"https:\/\/o3.com.pl\/index.php?rest_route=\/wp\/v2\/pages\/112\/revisions\/844"}],"wp:attachment":[{"href":"https:\/\/o3.com.pl\/index.php?rest_route=%2Fwp%2Fv2%2Fmedia&parent=112"}],"curies":[{"name":"wp","href":"https:\/\/api.w.org\/{rel}","templated":true}]}}