{"id":266,"date":"2019-12-03T09:41:26","date_gmt":"2019-12-03T08:41:26","guid":{"rendered":"http:\/\/o3.com.pl\/?page_id=266"},"modified":"2020-06-15T10:00:51","modified_gmt":"2020-06-15T09:00:51","slug":"tasmy-magnetyczne","status":"publish","type":"page","link":"https:\/\/o3.com.pl\/?page_id=266","title":{"rendered":"Ta\u015bmy Magnetyczne"},"content":{"rendered":"\t\t<div data-elementor-type=\"wp-page\" data-elementor-id=\"266\" class=\"elementor elementor-266\">\n\t\t\t\t\t\t<div class=\"elementor-inner\">\n\t\t\t\t<div class=\"elementor-section-wrap\">\n\t\t\t\t\t\t\t\t\t<section class=\"elementor-section elementor-top-section elementor-element elementor-element-6cbe154 elementor-section-boxed elementor-section-height-default elementor-section-height-default\" data-id=\"6cbe154\" data-element_type=\"section\">\n\t\t\t\t\t\t<div class=\"elementor-container elementor-column-gap-default\">\n\t\t\t\t\t\t\t<div class=\"elementor-row\">\n\t\t\t\t\t<div class=\"elementor-column elementor-col-100 elementor-top-column elementor-element elementor-element-357f835\" data-id=\"357f835\" data-element_type=\"column\">\n\t\t\t<div class=\"elementor-column-wrap elementor-element-populated\">\n\t\t\t\t\t\t\t<div class=\"elementor-widget-wrap\">\n\t\t\t\t\t\t<div class=\"elementor-element elementor-element-f00ab87 elementor-widget elementor-widget-heading\" data-id=\"f00ab87\" data-element_type=\"widget\" data-widget_type=\"heading.default\">\n\t\t\t\t<div class=\"elementor-widget-container\">\n\t\t\t<h2 class=\"elementor-heading-title elementor-size-default\">TA\u015aMA MAGNETYCZNA INKREMENTALNA<\/h2>\t\t<\/div>\n\t\t\t\t<\/div>\n\t\t\t\t\t\t<\/div>\n\t\t\t\t\t<\/div>\n\t\t<\/div>\n\t\t\t\t\t\t\t\t<\/div>\n\t\t\t\t\t<\/div>\n\t\t<\/section>\n\t\t\t\t<section class=\"elementor-section elementor-top-section elementor-element elementor-element-f73611d elementor-section-content-middle elementor-section-boxed elementor-section-height-default elementor-section-height-default\" data-id=\"f73611d\" data-element_type=\"section\">\n\t\t\t\t\t\t<div class=\"elementor-container elementor-column-gap-default\">\n\t\t\t\t\t\t\t<div class=\"elementor-row\">\n\t\t\t\t\t<div class=\"elementor-column elementor-col-50 elementor-top-column elementor-element elementor-element-1b9fae6\" data-id=\"1b9fae6\" data-element_type=\"column\">\n\t\t\t<div class=\"elementor-column-wrap elementor-element-populated\">\n\t\t\t\t\t\t\t<div class=\"elementor-widget-wrap\">\n\t\t\t\t\t\t<div class=\"elementor-element elementor-element-8f9e667 elementor-widget elementor-widget-text-editor\" data-id=\"8f9e667\" data-element_type=\"widget\" data-widget_type=\"text-editor.default\">\n\t\t\t\t<div class=\"elementor-widget-container\">\n\t\t\t\t\t\t\t\t<div class=\"elementor-text-editor elementor-clearfix\">\n\t\t\t\t<ul><li>Elastyczna ta\u015bma magnetyczna<\/li><li>\u0141atwy monta\u017c na ta\u015bmie samoprzylepnej<\/li><li>Kodowana inkrementalnie<\/li><li>Dost\u0119pna z ta\u015bm\u0105 ochronn\u0105<\/li><li>Dost\u0119pna w rolkach do 20m (inne na zapytanie)<\/li><li>Odporna na brud, kurz, oleje<\/li><li>Ta\u015bma bazowa stal nierdzewna<\/li><li>Szeroko\u015b\u0107 10 mm<\/li><li>Grubo\u015b\u0107 1,0 i 1,3 mm bez ta\u015bmy ochronnej<\/li><li>Grubo\u015b\u0107 1,3 i 1,6 mm z ta\u015bm\u0105 ochronn\u0105<\/li><li>Szeroko\u015b\u0107 biegun\u00f3w 2 , 3.2 , 5 mm<\/li><li>Rozszerzalno\u015b\u0107 temperaturowa 16 x 10-6\/K<\/li><li>Temperatura pracy -20 \u00f7 70 \u00b0C<\/li><li>Temperatura pracy -40 \u00f7 100 \u00b0C<\/li><li>Klasa dok\u0142adno\u015bci A5, A10, A20, A40<\/li><\/ul>\t\t\t\t\t<\/div>\n\t\t\t\t\t\t<\/div>\n\t\t\t\t<\/div>\n\t\t\t\t\t\t<\/div>\n\t\t\t\t\t<\/div>\n\t\t<\/div>\n\t\t\t\t<div class=\"elementor-column elementor-col-50 elementor-top-column elementor-element elementor-element-5ced301\" data-id=\"5ced301\" data-element_type=\"column\">\n\t\t\t<div class=\"elementor-column-wrap elementor-element-populated\">\n\t\t\t\t\t\t\t<div class=\"elementor-widget-wrap\">\n\t\t\t\t\t\t<div class=\"elementor-element elementor-element-871ff0c elementor-widget elementor-widget-image\" data-id=\"871ff0c\" data-element_type=\"widget\" data-widget_type=\"image.default\">\n\t\t\t\t<div class=\"elementor-widget-container\">\n\t\t\t\t\t\t\t\t<div class=\"elementor-image\">\n\t\t\t\t\t\t\t\t\t\t\t\t<img decoding=\"async\" width=\"1024\" height=\"768\" src=\"https:\/\/o3.com.pl\/wp-content\/uploads\/2020\/06\/tasma-1024x768.jpg\" class=\"attachment-large size-large wp-image-564\" alt=\"\" loading=\"lazy\" srcset=\"https:\/\/o3.com.pl\/wp-content\/uploads\/2020\/06\/tasma-1024x768.jpg 1024w, https:\/\/o3.com.pl\/wp-content\/uploads\/2020\/06\/tasma-300x225.jpg 300w, https:\/\/o3.com.pl\/wp-content\/uploads\/2020\/06\/tasma-768x576.jpg 768w, https:\/\/o3.com.pl\/wp-content\/uploads\/2020\/06\/tasma-1536x1152.jpg 1536w, https:\/\/o3.com.pl\/wp-content\/uploads\/2020\/06\/tasma-2048x1536.jpg 2048w\" sizes=\"(max-width: 1024px) 100vw, 1024px\" \/>\t\t\t\t\t\t\t\t\t\t\t\t\t\t<\/div>\n\t\t\t\t\t\t<\/div>\n\t\t\t\t<\/div>\n\t\t\t\t\t\t<\/div>\n\t\t\t\t\t<\/div>\n\t\t<\/div>\n\t\t\t\t\t\t\t\t<\/div>\n\t\t\t\t\t<\/div>\n\t\t<\/section>\n\t\t\t\t<section class=\"elementor-section elementor-top-section elementor-element elementor-element-2a467b3 elementor-section-boxed elementor-section-height-default elementor-section-height-default\" data-id=\"2a467b3\" data-element_type=\"section\">\n\t\t\t\t\t\t<div class=\"elementor-container elementor-column-gap-default\">\n\t\t\t\t\t\t\t<div class=\"elementor-row\">\n\t\t\t\t\t<div class=\"elementor-column elementor-col-100 elementor-top-column elementor-element elementor-element-5d24265\" data-id=\"5d24265\" data-element_type=\"column\">\n\t\t\t<div class=\"elementor-column-wrap elementor-element-populated\">\n\t\t\t\t\t\t\t<div class=\"elementor-widget-wrap\">\n\t\t\t\t\t\t<div class=\"elementor-element elementor-element-52d14b6 elementor-widget elementor-widget-heading\" data-id=\"52d14b6\" data-element_type=\"widget\" data-widget_type=\"heading.default\">\n\t\t\t\t<div class=\"elementor-widget-container\">\n\t\t\t<h2 class=\"elementor-heading-title elementor-size-default\">Monta\u017c<\/h2>\t\t<\/div>\n\t\t\t\t<\/div>\n\t\t\t\t\t\t<\/div>\n\t\t\t\t\t<\/div>\n\t\t<\/div>\n\t\t\t\t\t\t\t\t<\/div>\n\t\t\t\t\t<\/div>\n\t\t<\/section>\n\t\t\t\t<section class=\"elementor-section elementor-top-section elementor-element elementor-element-ecffb55 elementor-section-boxed elementor-section-height-default elementor-section-height-default\" data-id=\"ecffb55\" data-element_type=\"section\">\n\t\t\t\t\t\t<div class=\"elementor-container elementor-column-gap-default\">\n\t\t\t\t\t\t\t<div class=\"elementor-row\">\n\t\t\t\t\t<div class=\"elementor-column elementor-col-100 elementor-top-column elementor-element elementor-element-aabc66c\" data-id=\"aabc66c\" data-element_type=\"column\">\n\t\t\t<div class=\"elementor-column-wrap elementor-element-populated\">\n\t\t\t\t\t\t\t<div class=\"elementor-widget-wrap\">\n\t\t\t\t\t\t<div class=\"elementor-element elementor-element-ca122d4 elementor-widget elementor-widget-text-editor\" data-id=\"ca122d4\" data-element_type=\"widget\" data-widget_type=\"text-editor.default\">\n\t\t\t\t<div class=\"elementor-widget-container\">\n\t\t\t\t\t\t\t\t<div class=\"elementor-text-editor elementor-clearfix\">\n\t\t\t\t<p>&nbsp; Ta\u015bm\u0119 montuje si\u0119 na g\u0142adkiej i odt\u0142uszczonej powierzchni za pomoc\u0105 ta\u015bmy samoprzylepnej umieszczonej na spodniej stronie stalowej ta\u015bmy bazowej. W tym celu nale\u017cy usun\u0105\u0107 papier zabezpieczaj\u0105cy. W przypadku monta\u017cu d\u0142ugich odcink\u00f3w papier zabezpieczaj\u0105cy nale\u017cy usuwa\u0107 stopniowo. Przed doci\u015bni\u0119ciem do powierzchni ta\u015bm\u0119 nale\u017cy lekko napi\u0105\u0107.&nbsp;&nbsp; Je\u017celi ta\u015bma magnetyczna b\u0119dzie nara\u017cona na uszkodzenia nale\u017cy zabezpieczy\u0107 j\u0105 ta\u015bm\u0105 ochronn\u0105 post\u0119puj\u0105c podobnie jak przy monta\u017cu ta\u015bmy bazowej. Ta\u015bm\u0119 ochronn\u0105 montuje si\u0119 zawsze w drugiej kolejno\u015bci.<\/p>\t\t\t\t\t<\/div>\n\t\t\t\t\t\t<\/div>\n\t\t\t\t<\/div>\n\t\t\t\t\t\t<\/div>\n\t\t\t\t\t<\/div>\n\t\t<\/div>\n\t\t\t\t\t\t\t\t<\/div>\n\t\t\t\t\t<\/div>\n\t\t<\/section>\n\t\t\t\t<section class=\"elementor-section elementor-top-section elementor-element elementor-element-2e4c2dc elementor-section-content-middle elementor-section-boxed elementor-section-height-default elementor-section-height-default\" data-id=\"2e4c2dc\" data-element_type=\"section\">\n\t\t\t\t\t\t<div class=\"elementor-container elementor-column-gap-default\">\n\t\t\t\t\t\t\t<div class=\"elementor-row\">\n\t\t\t\t\t<div class=\"elementor-column elementor-col-50 elementor-top-column elementor-element elementor-element-26830e4\" data-id=\"26830e4\" data-element_type=\"column\">\n\t\t\t<div class=\"elementor-column-wrap elementor-element-populated\">\n\t\t\t\t\t\t\t<div class=\"elementor-widget-wrap\">\n\t\t\t\t\t\t<div class=\"elementor-element elementor-element-6fc852f elementor-widget elementor-widget-image\" data-id=\"6fc852f\" data-element_type=\"widget\" data-widget_type=\"image.default\">\n\t\t\t\t<div class=\"elementor-widget-container\">\n\t\t\t\t\t\t\t\t<div class=\"elementor-image\">\n\t\t\t\t\t\t\t\t\t\t\t\t<img decoding=\"async\" width=\"878\" height=\"489\" src=\"https:\/\/o3.com.pl\/wp-content\/uploads\/2020\/06\/ta\u015bma_1.png\" class=\"attachment-large size-large wp-image-565\" alt=\"\" loading=\"lazy\" srcset=\"https:\/\/o3.com.pl\/wp-content\/uploads\/2020\/06\/ta\u015bma_1.png 878w, https:\/\/o3.com.pl\/wp-content\/uploads\/2020\/06\/ta\u015bma_1-300x167.png 300w, https:\/\/o3.com.pl\/wp-content\/uploads\/2020\/06\/ta\u015bma_1-768x428.png 768w\" sizes=\"(max-width: 878px) 100vw, 878px\" \/>\t\t\t\t\t\t\t\t\t\t\t\t\t\t<\/div>\n\t\t\t\t\t\t<\/div>\n\t\t\t\t<\/div>\n\t\t\t\t\t\t<\/div>\n\t\t\t\t\t<\/div>\n\t\t<\/div>\n\t\t\t\t<div class=\"elementor-column elementor-col-50 elementor-top-column elementor-element elementor-element-8109577\" data-id=\"8109577\" data-element_type=\"column\">\n\t\t\t<div class=\"elementor-column-wrap elementor-element-populated\">\n\t\t\t\t\t\t\t<div class=\"elementor-widget-wrap\">\n\t\t\t\t\t\t<div class=\"elementor-element elementor-element-4664816 elementor-widget elementor-widget-image\" data-id=\"4664816\" data-element_type=\"widget\" data-widget_type=\"image.default\">\n\t\t\t\t<div class=\"elementor-widget-container\">\n\t\t\t\t\t\t\t\t<div class=\"elementor-image\">\n\t\t\t\t\t\t\t\t\t\t\t\t<img decoding=\"async\" width=\"878\" height=\"288\" src=\"https:\/\/o3.com.pl\/wp-content\/uploads\/2020\/06\/ta\u015bma_2.png\" class=\"attachment-large size-large wp-image-566\" alt=\"\" loading=\"lazy\" srcset=\"https:\/\/o3.com.pl\/wp-content\/uploads\/2020\/06\/ta\u015bma_2.png 878w, https:\/\/o3.com.pl\/wp-content\/uploads\/2020\/06\/ta\u015bma_2-300x98.png 300w, https:\/\/o3.com.pl\/wp-content\/uploads\/2020\/06\/ta\u015bma_2-768x252.png 768w\" sizes=\"(max-width: 878px) 100vw, 878px\" \/>\t\t\t\t\t\t\t\t\t\t\t\t\t\t<\/div>\n\t\t\t\t\t\t<\/div>\n\t\t\t\t<\/div>\n\t\t\t\t\t\t<\/div>\n\t\t\t\t\t<\/div>\n\t\t<\/div>\n\t\t\t\t\t\t\t\t<\/div>\n\t\t\t\t\t<\/div>\n\t\t<\/section>\n\t\t\t\t<section class=\"elementor-section elementor-top-section elementor-element elementor-element-df16a65 elementor-section-boxed elementor-section-height-default elementor-section-height-default\" data-id=\"df16a65\" data-element_type=\"section\">\n\t\t\t\t\t\t<div class=\"elementor-container elementor-column-gap-default\">\n\t\t\t\t\t\t\t<div class=\"elementor-row\">\n\t\t\t\t\t<div class=\"elementor-column elementor-col-100 elementor-top-column elementor-element elementor-element-195d3da\" data-id=\"195d3da\" data-element_type=\"column\">\n\t\t\t<div class=\"elementor-column-wrap elementor-element-populated\">\n\t\t\t\t\t\t\t<div class=\"elementor-widget-wrap\">\n\t\t\t\t\t\t<div class=\"elementor-element elementor-element-deb595e elementor-widget elementor-widget-heading\" data-id=\"deb595e\" data-element_type=\"widget\" data-widget_type=\"heading.default\">\n\t\t\t\t<div class=\"elementor-widget-container\">\n\t\t\t<h2 class=\"elementor-heading-title elementor-size-default\">Zamawianie<\/h2>\t\t<\/div>\n\t\t\t\t<\/div>\n\t\t\t\t\t\t<\/div>\n\t\t\t\t\t<\/div>\n\t\t<\/div>\n\t\t\t\t\t\t\t\t<\/div>\n\t\t\t\t\t<\/div>\n\t\t<\/section>\n\t\t\t\t<section class=\"elementor-section elementor-top-section elementor-element elementor-element-4aba24f elementor-section-content-middle elementor-section-boxed elementor-section-height-default elementor-section-height-default\" data-id=\"4aba24f\" data-element_type=\"section\">\n\t\t\t\t\t\t<div class=\"elementor-container elementor-column-gap-default\">\n\t\t\t\t\t\t\t<div class=\"elementor-row\">\n\t\t\t\t\t<div class=\"elementor-column elementor-col-50 elementor-top-column elementor-element elementor-element-bc8f983\" data-id=\"bc8f983\" data-element_type=\"column\">\n\t\t\t<div class=\"elementor-column-wrap elementor-element-populated\">\n\t\t\t\t\t\t\t<div class=\"elementor-widget-wrap\">\n\t\t\t\t\t\t<div class=\"elementor-element elementor-element-42d84e0 elementor-widget elementor-widget-text-editor\" data-id=\"42d84e0\" data-element_type=\"widget\" data-widget_type=\"text-editor.default\">\n\t\t\t\t<div class=\"elementor-widget-container\">\n\t\t\t\t\t\t\t\t<div class=\"elementor-text-editor elementor-clearfix\">\n\t\t\t\t<h1><strong>MT \u2013 A \u2013 B \u2013 C \u2013 D &#8211; E<\/strong><\/h1><p><em>Przyk\u0142ad:<\/em><\/p><p>MT-20-1-1-0-A10\u00a0 \u00a0oznacza ta\u015bm\u0119 magnetyczn\u0105 o skoku 2 mm , d\u0142ugo\u015bci 1 m , z ta\u015bm\u0105 mocuj\u0105c\u0105 samoprzylepn\u0105 , bez ta\u015bmy ochronnej , w klasie dok\u0142adno\u015bci A10.<\/p><p><em>Uwaga:<\/em> Zamawiana d\u0142ugo\u015b\u0107 ta\u015bmy powinna by\u0107 d\u0142u\u017csza od potrzebnego zakresu pomiarowego o d\u0142ugo\u015b\u0107 czujnika i dodatkowo 20 mm.<\/p>\t\t\t\t\t<\/div>\n\t\t\t\t\t\t<\/div>\n\t\t\t\t<\/div>\n\t\t\t\t\t\t<\/div>\n\t\t\t\t\t<\/div>\n\t\t<\/div>\n\t\t\t\t<div class=\"elementor-column elementor-col-50 elementor-top-column elementor-element elementor-element-df00303\" data-id=\"df00303\" data-element_type=\"column\">\n\t\t\t<div class=\"elementor-column-wrap elementor-element-populated\">\n\t\t\t\t\t\t\t<div class=\"elementor-widget-wrap\">\n\t\t\t\t\t\t<div class=\"elementor-element elementor-element-c543ad0 elementor-widget elementor-widget-image\" data-id=\"c543ad0\" data-element_type=\"widget\" data-widget_type=\"image.default\">\n\t\t\t\t<div class=\"elementor-widget-container\">\n\t\t\t\t\t\t\t\t<div class=\"elementor-image\">\n\t\t\t\t\t\t\t\t\t\t\t\t<img decoding=\"async\" width=\"1024\" height=\"472\" src=\"https:\/\/o3.com.pl\/wp-content\/uploads\/2020\/06\/tabela_ta\u015bma-1024x472.jpg\" class=\"attachment-large size-large wp-image-568\" alt=\"\" loading=\"lazy\" srcset=\"https:\/\/o3.com.pl\/wp-content\/uploads\/2020\/06\/tabela_ta\u015bma-1024x472.jpg 1024w, https:\/\/o3.com.pl\/wp-content\/uploads\/2020\/06\/tabela_ta\u015bma-300x138.jpg 300w, https:\/\/o3.com.pl\/wp-content\/uploads\/2020\/06\/tabela_ta\u015bma-768x354.jpg 768w, https:\/\/o3.com.pl\/wp-content\/uploads\/2020\/06\/tabela_ta\u015bma.jpg 1351w\" sizes=\"(max-width: 1024px) 100vw, 1024px\" \/>\t\t\t\t\t\t\t\t\t\t\t\t\t\t<\/div>\n\t\t\t\t\t\t<\/div>\n\t\t\t\t<\/div>\n\t\t\t\t\t\t<\/div>\n\t\t\t\t\t<\/div>\n\t\t<\/div>\n\t\t\t\t\t\t\t\t<\/div>\n\t\t\t\t\t<\/div>\n\t\t<\/section>\n\t\t\t\t<section class=\"elementor-section elementor-top-section elementor-element elementor-element-b13e76b elementor-section-boxed elementor-section-height-default elementor-section-height-default\" data-id=\"b13e76b\" data-element_type=\"section\">\n\t\t\t\t\t\t<div class=\"elementor-container elementor-column-gap-default\">\n\t\t\t\t\t\t\t<div class=\"elementor-row\">\n\t\t\t\t\t<div class=\"elementor-column elementor-col-100 elementor-top-column elementor-element elementor-element-48685ad\" data-id=\"48685ad\" data-element_type=\"column\">\n\t\t\t<div class=\"elementor-column-wrap elementor-element-populated\">\n\t\t\t\t\t\t\t<div class=\"elementor-widget-wrap\">\n\t\t\t\t\t\t<div class=\"elementor-element elementor-element-e963a03 elementor-widget elementor-widget-heading\" data-id=\"e963a03\" data-element_type=\"widget\" data-widget_type=\"heading.default\">\n\t\t\t\t<div class=\"elementor-widget-container\">\n\t\t\t<h2 class=\"elementor-heading-title elementor-size-default\">Wykres b\u0142\u0119du systemu pomiarowego z ta\u015bm\u0105 o szeroko\u015bci bieguna 2 mm. <\/h2>\t\t<\/div>\n\t\t\t\t<\/div>\n\t\t\t\t\t\t<\/div>\n\t\t\t\t\t<\/div>\n\t\t<\/div>\n\t\t\t\t\t\t\t\t<\/div>\n\t\t\t\t\t<\/div>\n\t\t<\/section>\n\t\t\t\t<section class=\"elementor-section elementor-top-section elementor-element elementor-element-36fea18 elementor-section-boxed elementor-section-height-default elementor-section-height-default\" data-id=\"36fea18\" data-element_type=\"section\">\n\t\t\t\t\t\t<div class=\"elementor-container elementor-column-gap-default\">\n\t\t\t\t\t\t\t<div class=\"elementor-row\">\n\t\t\t\t\t<div class=\"elementor-column elementor-col-100 elementor-top-column elementor-element elementor-element-ab6f183\" data-id=\"ab6f183\" data-element_type=\"column\">\n\t\t\t<div class=\"elementor-column-wrap elementor-element-populated\">\n\t\t\t\t\t\t\t<div class=\"elementor-widget-wrap\">\n\t\t\t\t\t\t<div class=\"elementor-element elementor-element-8d99918 elementor-widget elementor-widget-text-editor\" data-id=\"8d99918\" data-element_type=\"widget\" data-widget_type=\"text-editor.default\">\n\t\t\t\t<div class=\"elementor-widget-container\">\n\t\t\t\t\t\t\t\t<div class=\"elementor-text-editor elementor-clearfix\">\n\t\t\t\t<p><em>Odcinek 1000 mm. Pomiar co 1 mm (1000 punkt\u00f3w pomiarowych). <\/em><\/p>\t\t\t\t\t<\/div>\n\t\t\t\t\t\t<\/div>\n\t\t\t\t<\/div>\n\t\t\t\t<div class=\"elementor-element elementor-element-34e8c91 elementor-widget elementor-widget-image\" data-id=\"34e8c91\" data-element_type=\"widget\" data-widget_type=\"image.default\">\n\t\t\t\t<div class=\"elementor-widget-container\">\n\t\t\t\t\t\t\t\t<div class=\"elementor-image\">\n\t\t\t\t\t\t\t\t\t\t\t\t<img decoding=\"async\" width=\"1024\" height=\"211\" src=\"https:\/\/o3.com.pl\/wp-content\/uploads\/2020\/06\/1mb-1024x211.jpg\" class=\"attachment-large size-large wp-image-569\" alt=\"\" loading=\"lazy\" srcset=\"https:\/\/o3.com.pl\/wp-content\/uploads\/2020\/06\/1mb-1024x211.jpg 1024w, https:\/\/o3.com.pl\/wp-content\/uploads\/2020\/06\/1mb-300x62.jpg 300w, https:\/\/o3.com.pl\/wp-content\/uploads\/2020\/06\/1mb-768x158.jpg 768w, https:\/\/o3.com.pl\/wp-content\/uploads\/2020\/06\/1mb.jpg 1475w\" sizes=\"(max-width: 1024px) 100vw, 1024px\" \/>\t\t\t\t\t\t\t\t\t\t\t\t\t\t<\/div>\n\t\t\t\t\t\t<\/div>\n\t\t\t\t<\/div>\n\t\t\t\t\t\t<\/div>\n\t\t\t\t\t<\/div>\n\t\t<\/div>\n\t\t\t\t\t\t\t\t<\/div>\n\t\t\t\t\t<\/div>\n\t\t<\/section>\n\t\t\t\t<section class=\"elementor-section elementor-top-section elementor-element elementor-element-f0c6316 elementor-section-boxed elementor-section-height-default elementor-section-height-default\" data-id=\"f0c6316\" data-element_type=\"section\">\n\t\t\t\t\t\t<div class=\"elementor-container elementor-column-gap-default\">\n\t\t\t\t\t\t\t<div class=\"elementor-row\">\n\t\t\t\t\t<div class=\"elementor-column elementor-col-100 elementor-top-column elementor-element elementor-element-e2c7c8f\" data-id=\"e2c7c8f\" data-element_type=\"column\">\n\t\t\t<div class=\"elementor-column-wrap elementor-element-populated\">\n\t\t\t\t\t\t\t<div class=\"elementor-widget-wrap\">\n\t\t\t\t\t\t<div class=\"elementor-element elementor-element-371a720 elementor-position-left elementor-view-default elementor-mobile-position-top elementor-vertical-align-top elementor-widget elementor-widget-icon-box\" data-id=\"371a720\" data-element_type=\"widget\" data-widget_type=\"icon-box.default\">\n\t\t\t\t<div class=\"elementor-widget-container\">\n\t\t\t\t\t<div class=\"elementor-icon-box-wrapper\">\n\t\t\t\t\t\t<div class=\"elementor-icon-box-icon\">\n\t\t\t\t<a class=\"elementor-icon elementor-animation-grow\" href=\"http:\/\/o3.com.pl\/wp-content\/uploads\/2020\/06\/ta\u015bma_magnetyczna_v1.pdf\">\n\t\t\t\t<i aria-hidden=\"true\" class=\"fas fa-download\"><\/i>\t\t\t\t<\/a>\n\t\t\t<\/div>\n\t\t\t\t\t\t<div class=\"elementor-icon-box-content\">\n\t\t\t\t<h3 class=\"elementor-icon-box-title\">\n\t\t\t\t\t<a href=\"http:\/\/o3.com.pl\/wp-content\/uploads\/2020\/06\/ta\u015bma_magnetyczna_v1.pdf\" >\n\t\t\t\t\t\tkarta katalogowa ta\u015bmy magnetyczne\t\t\t\t\t<\/a>\n\t\t\t\t<\/h3>\n\t\t\t\t\t\t\t<\/div>\n\t\t<\/div>\n\t\t\t\t<\/div>\n\t\t\t\t<\/div>\n\t\t\t\t\t\t<\/div>\n\t\t\t\t\t<\/div>\n\t\t<\/div>\n\t\t\t\t\t\t\t\t<\/div>\n\t\t\t\t\t<\/div>\n\t\t<\/section>\n\t\t\t\t\t\t\t\t\t<\/div>\n\t\t\t<\/div>\n\t\t\t\t\t<\/div>\n\t\t","protected":false},"excerpt":{"rendered":"<p>TA\u015aMA MAGNETYCZNA INKREMENTALNA Elastyczna ta\u015bma magnetyczna \u0141atwy monta\u017c na ta\u015bmie samoprzylepnej Kodowana inkrementalnie Dost\u0119pna z ta\u015bm\u0105 ochronn\u0105 Dost\u0119pna w rolkach do 20m (inne na zapytanie) Odporna na brud, kurz, oleje Ta\u015bma bazowa stal nierdzewna Szeroko\u015b\u0107 10 mm Grubo\u015b\u0107 1,0 i 1,3 mm bez ta\u015bmy ochronnej Grubo\u015b\u0107 1,3 i 1,6 mm z ta\u015bm\u0105 ochronn\u0105 Szeroko\u015b\u0107 biegun\u00f3w [&hellip;]<\/p>\n","protected":false},"author":1,"featured_media":0,"parent":0,"menu_order":0,"comment_status":"closed","ping_status":"closed","template":"","meta":[],"_links":{"self":[{"href":"https:\/\/o3.com.pl\/index.php?rest_route=\/wp\/v2\/pages\/266"}],"collection":[{"href":"https:\/\/o3.com.pl\/index.php?rest_route=\/wp\/v2\/pages"}],"about":[{"href":"https:\/\/o3.com.pl\/index.php?rest_route=\/wp\/v2\/types\/page"}],"author":[{"embeddable":true,"href":"https:\/\/o3.com.pl\/index.php?rest_route=\/wp\/v2\/users\/1"}],"replies":[{"embeddable":true,"href":"https:\/\/o3.com.pl\/index.php?rest_route=%2Fwp%2Fv2%2Fcomments&post=266"}],"version-history":[{"count":3,"href":"https:\/\/o3.com.pl\/index.php?rest_route=\/wp\/v2\/pages\/266\/revisions"}],"predecessor-version":[{"id":573,"href":"https:\/\/o3.com.pl\/index.php?rest_route=\/wp\/v2\/pages\/266\/revisions\/573"}],"wp:attachment":[{"href":"https:\/\/o3.com.pl\/index.php?rest_route=%2Fwp%2Fv2%2Fmedia&parent=266"}],"curies":[{"name":"wp","href":"https:\/\/api.w.org\/{rel}","templated":true}]}}